{"id":644,"date":"2019-02-27T14:09:17","date_gmt":"2019-02-27T14:09:17","guid":{"rendered":"http:\/\/agewell-nih-appta.ca\/?page_id=644"},"modified":"2023-11-28T19:46:37","modified_gmt":"2023-11-28T22:46:37","slug":"mileage-podcast-fr","status":"publish","type":"page","link":"https:\/\/agewell-nih-appta.ca\/fr\/mileage-podcast-fr\/","title":{"rendered":"Balado Mile\u00c2GE"},"content":{"rendered":"\n<p>Le balado Mile\u00c2GE est une plateforme que le Centre POPRAVIT utilise pour parler \u00e0 des chercheurs de tout le pays qui r\u00e9alisent un fantastique travail dans le domaine du vieillissement. Afin de favoriser le progr\u00e8s de la recherche, nous parlons de leur travail de fa\u00e7on plus globale et discutons des effets tangibles et concrets que la recherche peut avoir sur les personnes \u00e2g\u00e9es!<\/p>\n\n\n\n<p>\u00c0 cette fin, nous invitons des chercheurs de toutes disciplines et exp\u00e9riences qui, de par leur int\u00e9r\u00eat manifeste envers la population vieillissante, souhaitent prendre part \u00e0 un projet particulier susceptible de contribuer \u00e0 changer la vie des Canadiens \u00e2g\u00e9s, des membres de leur famille et de leurs amis.<\/p>\n\n\n\n<div style=\"height:28px\" aria-hidden=\"true\" class=\"wp-block-spacer\"><\/div>\n\n\n\n<div class=\"wp-block-button\"><a class=\"wp-block-button__link wp-element-button\" href=\"https:\/\/agewell-nih-appta.ca\/category\/mileage-podcast\/\"> Cliquez ici pour \u00e9couter les \u00e9pisodes du balado (en anglais)<\/a><\/div>\n\n\n\n<div style=\"height:26px\" aria-hidden=\"true\" class=\"wp-block-spacer\"><\/div>\n\n\n\n<p>Notre S\u00e9rie de balados sur le projet pilote sur les a\u00een\u00e9s en sant\u00e9 met en lumi\u00e8re certains des projets pilotes sur les a\u00een\u00e9s en sant\u00e9 financ\u00e9s par l\u2019Agence de la sant\u00e9 publique du Canada et le gouvernement du Nouveau-Brunswick. Si vous souhaitez en savoir davantage sur ces projets pilotes, \u00e9coutez nos \u00e9pisodes pr\u00e9c\u00e9dents:<\/p>\n\n\n\n<div style=\"height:26px\" aria-hidden=\"true\" class=\"wp-block-spacer\"><\/div>\n\n\n\n<div class=\"wp-block-buttons is-layout-flex wp-block-buttons-is-layout-flex\">\n<div class=\"wp-block-button\"><a class=\"wp-block-button__link wp-element-button\" href=\"https:\/\/agewell-nih-appta.ca\/fr\/category\/healthy-seniors-pilot-projects-podcast-series-fr\/\">Cliquez ici pour la s\u00e9rie des balados sur le projet pilote sur les a\u00een\u00e9s en sant\u00e9 du centre POPRAVIT.<\/a><\/div>\n<\/div>\n\n\n\n<div style=\"height:21px\" aria-hidden=\"true\" class=\"wp-block-spacer\"><\/div>\n\n\n\n<p>Vous souhaitez faire partie de l\u2019un de nos balados? Veuillez vous adresser \u00e0 Daniel Smiley \u00e0\u00a0:\u00a0<a href=\"mailto:daniel.smiley@dal.ca\">daniel.smiley@dal.ca<\/a>,\u00a0pour plus d\u2019information.<\/p>\n","protected":false},"excerpt":{"rendered":"<p>Le balado Mile\u00c2GE est une plateforme que le Centre POPRAVIT utilise pour parler \u00e0 des chercheurs de tout le pays qui r\u00e9alisent un fantastique travail dans le domaine du vieillissement. [&hellip;]<\/p>\n","protected":false},"author":1,"featured_media":3074,"parent":0,"menu_order":0,"comment_status":"closed","ping_status":"closed","template":"","meta":{"_acf_changed":false,"inline_featured_image":false,"_monsterinsights_skip_tracking":false,"_monsterinsights_sitenote_active":false,"_monsterinsights_sitenote_note":"","_monsterinsights_sitenote_category":0,"footnotes":""},"class_list":["post-644","page","type-page","status-publish","has-post-thumbnail","hentry"],"acf":[],"aioseo_notices":[],"_links":{"self":[{"href":"https:\/\/agewell-nih-appta.ca\/fr\/wp-json\/wp\/v2\/pages\/644","targetHints":{"allow":["GET"]}}],"collection":[{"href":"https:\/\/agewell-nih-appta.ca\/fr\/wp-json\/wp\/v2\/pages"}],"about":[{"href":"https:\/\/agewell-nih-appta.ca\/fr\/wp-json\/wp\/v2\/types\/page"}],"author":[{"embeddable":true,"href":"https:\/\/agewell-nih-appta.ca\/fr\/wp-json\/wp\/v2\/users\/1"}],"replies":[{"embeddable":true,"href":"https:\/\/agewell-nih-appta.ca\/fr\/wp-json\/wp\/v2\/comments?post=644"}],"version-history":[{"count":7,"href":"https:\/\/agewell-nih-appta.ca\/fr\/wp-json\/wp\/v2\/pages\/644\/revisions"}],"predecessor-version":[{"id":5667,"href":"https:\/\/agewell-nih-appta.ca\/fr\/wp-json\/wp\/v2\/pages\/644\/revisions\/5667"}],"wp:featuredmedia":[{"embeddable":true,"href":"https:\/\/agewell-nih-appta.ca\/fr\/wp-json\/wp\/v2\/media\/3074"}],"wp:attachment":[{"href":"https:\/\/agewell-nih-appta.ca\/fr\/wp-json\/wp\/v2\/media?parent=644"}],"curies":[{"name":"wp","href":"https:\/\/api.w.org\/{rel}","templated":true}]}}