{"id":612,"date":"2019-02-22T14:18:02","date_gmt":"2019-02-22T14:18:02","guid":{"rendered":"http:\/\/agewell-nih-appta.ca\/?page_id=612"},"modified":"2019-04-04T14:36:23","modified_gmt":"2019-04-04T17:36:23","slug":"emily-kerry","status":"publish","type":"page","link":"https:\/\/agewell-nih-appta.ca\/fr\/emily-kerry\/","title":{"rendered":"Emily Kerry"},"content":{"rendered":"\n<p>Emily est travailleuse sociale et adjointe \u00e0 la recherche au Centre PROPRAVIT. Ayant r\u00e9cemment achev\u00e9 son programme d\u2019\u00e9tudes sup\u00e9rieures en travail social, elle s\u2019int\u00e9resse avant tout \u00e0 l\u2019aspect clinique de la profession; suite \u00e0 une r\u00e9affectation, elle a quitt\u00e9 Edmonton pour revenir \u00e0 Fredericton, sa ville d\u2019origine. Lors de son retour au Nouveau\u2011Brunswick, elle esp\u00e9rait, d\u2019une part,&nbsp; offrir \u00e0 ses chiens la coure arri\u00e8re de leurs r\u00eaves et, d\u2019autre part, mener sa pratique dans une optique plus politique. Et elle n\u2019entend pas n\u00e9gliger d\u2019ajouter \u00ab&nbsp;Ne plus avoir besoin d\u2019expliquer diff\u00e9rence entre le Nouveau\u2011Brunswick et Terre\u2011Neuve&nbsp;\u00bb \u00e0 sa liste de souhaits. Actuellement, le principal objectif d\u2019Emily au Centre PROPRAVIT est de concevoir et de lancer un portail d\u2019\u00e9change des connaissances en ligne et d\u2019offrir au reste de l\u2019\u00e9quipe le soutien n\u00e9cessaire concernant les projets politiques et \u00e9ducatifs en cours.<\/p>\n\n\n\n<p>Sa passion pour l\u2019\u00e9quit\u00e9 sociale a incit\u00e9 Emily \u00e0 co\u2011cr\u00e9er et co-planifier un groupe de travail th\u00e9rapeutique en travail social visant \u00e0 aider les personnes \u00e2g\u00e9es et les personnes ayant des d\u00e9ficiences \u00e0 remplir des formulaires. Ce groupe s\u2019adressera aux patients d\u2019une clinique d\u2019un r\u00e9seau de soins de sant\u00e9 de premi\u00e8re ligne d\u2019Edmonton, en Alberta en 2019. Emily esp\u00e8re ainsi retourner en Alberta lorsque ce groupe aura d\u00e9but\u00e9, pour y travailler \u00e0 titre d\u2019animatrice invit\u00e9e.<\/p>\n\n\n\n<p>Lorsqu\u2019elle ne travaille pas au Centre, Emily explore les for\u00eats du New\u2011Brunswick avec son sac \u00e0 dos ou essaie de nouvelles recettes dans sa cuisine; et il y a de fortes chances que vous l\u2019entendiez rire dans les deux cas. <\/p>\n\n\n\n<h4 class=\"wp-block-heading\">Info\u2011bulle :<\/h4>\n\n\n\n<ul class=\"wp-block-list\"><li>Scolarit\u00e9 : Baccalaur\u00e9at \u00e8s Arts (psychologie), Universit\u00e9 du Nouveau\u2011Brunswick, et baccalaur\u00e9at en travail social (BTS), Universit\u00e9 de Calgary<\/li><li>Accr\u00e9ditations: Travailleuse sociale inscrit (TSI)<\/li><li>Podcasts recommand\u00e9s : <ul><li><strong>Soci\u00e9t\u00e9 et culture<\/strong>: <em>Freakonomics Radio<\/em> (Stephen J. Dubner)<\/li><li><strong>Canadien<\/strong>: <em>Someone Knows Something<\/em> (David Ridgen); <em>Uncover<\/em> (saison 1: Josh Bloch; saison 2: Ian Hanomansing et Johanna Wagstaffe, saison 3: Justin Ling)<\/li><li><strong>Fran\u00e7ais<\/strong> : <em>Distorsion<\/em> (Emile Gauthier et S\u00e9bastien L\u00e9vesque)&nbsp; &nbsp; <\/li><\/ul><\/li><li>Courriel : <a href=\"mailto:ekerry@appta.ca\">ekerry@appta.ca<\/a> <\/li><\/ul>\n","protected":false},"excerpt":{"rendered":"<p>Emily est travailleuse sociale et adjointe \u00e0 la recherche au Centre PROPRAVIT. Ayant r\u00e9cemment achev\u00e9 son programme d\u2019\u00e9tudes sup\u00e9rieures en travail social, elle s\u2019int\u00e9resse avant tout \u00e0 l\u2019aspect clinique de [&hellip;]<\/p>\n","protected":false},"author":1,"featured_media":944,"parent":0,"menu_order":0,"comment_status":"closed","ping_status":"closed","template":"","meta":{"_acf_changed":false,"inline_featured_image":false,"_monsterinsights_skip_tracking":false,"_monsterinsights_sitenote_active":false,"_monsterinsights_sitenote_note":"","_monsterinsights_sitenote_category":0,"footnotes":""},"class_list":["post-612","page","type-page","status-publish","has-post-thumbnail","hentry"],"acf":[],"aioseo_notices":[],"_links":{"self":[{"href":"https:\/\/agewell-nih-appta.ca\/fr\/wp-json\/wp\/v2\/pages\/612","targetHints":{"allow":["GET"]}}],"collection":[{"href":"https:\/\/agewell-nih-appta.ca\/fr\/wp-json\/wp\/v2\/pages"}],"about":[{"href":"https:\/\/agewell-nih-appta.ca\/fr\/wp-json\/wp\/v2\/types\/page"}],"author":[{"embeddable":true,"href":"https:\/\/agewell-nih-appta.ca\/fr\/wp-json\/wp\/v2\/users\/1"}],"replies":[{"embeddable":true,"href":"https:\/\/agewell-nih-appta.ca\/fr\/wp-json\/wp\/v2\/comments?post=612"}],"version-history":[{"count":11,"href":"https:\/\/agewell-nih-appta.ca\/fr\/wp-json\/wp\/v2\/pages\/612\/revisions"}],"predecessor-version":[{"id":1072,"href":"https:\/\/agewell-nih-appta.ca\/fr\/wp-json\/wp\/v2\/pages\/612\/revisions\/1072"}],"wp:featuredmedia":[{"embeddable":true,"href":"https:\/\/agewell-nih-appta.ca\/fr\/wp-json\/wp\/v2\/media\/944"}],"wp:attachment":[{"href":"https:\/\/agewell-nih-appta.ca\/fr\/wp-json\/wp\/v2\/media?parent=612"}],"curies":[{"name":"wp","href":"https:\/\/api.w.org\/{rel}","templated":true}]}}