{"id":6100,"date":"2024-09-18T11:48:40","date_gmt":"2024-09-18T14:48:40","guid":{"rendered":"https:\/\/agewell-nih-appta.ca\/?page_id=6100"},"modified":"2024-09-18T11:48:42","modified_gmt":"2024-09-18T14:48:42","slug":"lauren-delaney","status":"publish","type":"page","link":"https:\/\/agewell-nih-appta.ca\/fr\/lauren-delaney\/","title":{"rendered":"Lauren Delaney"},"content":{"rendered":"\n<p>Lauren Delaney est la coordonnatrice des strat\u00e9gies et des partenariats du Centre POPRAVIT. La principale responsabilit\u00e9 de Lauren est de cerner et d\u2019assurer de futurs partenariats avec des organisations et des intervenants pertinents, et de maintenir les partenariats existants tout en dirigeant l\u2019identification et le recrutement de chercheurs et d\u2019initiatives porteuses afin d\u2019alimenter le r\u00e9pertoire de la recherche du Centre POPRAVIT.&nbsp;<\/p>\n\n\n\n<p>Lauren s\u2019est donn\u00e9 pour mission de faciliter l\u2019acc\u00e8s \u00e0 des services de sant\u00e9 et de bien-\u00eatre de qualit\u00e9 et travaille dans le domaine de la promotion de la sant\u00e9 et du bien-\u00eatre depuis 2016 dans le cadre de services communautaires et d\u2019\u00e9tablissements de recherche. Elle est d\u00e9termin\u00e9e \u00e0 aider les organisations \u00e0 proc\u00e9der \u00e0 des changements utiles pour les communaut\u00e9s et les personnes par l\u2019\u00e9ducation en sant\u00e9 et en bien-\u00eatre, la recherche et l\u2019application des connaissances.&nbsp;<\/p>\n\n\n\n<p>Lauren d\u00e9tient un doctorat en droit de la Schulich School of Law ainsi qu\u2019une ma\u00eetrise et un baccalaur\u00e9at \u00e8s art en sociologie avec concentration en \u00e9tudes en sant\u00e9 de l\u2019Universit\u00e9 Dalhousie.&nbsp;<\/p>\n","protected":false},"excerpt":{"rendered":"<p>Lauren Delaney est la coordonnatrice des strat\u00e9gies et des partenariats du Centre POPRAVIT. La principale responsabilit\u00e9 de Lauren est de cerner et d\u2019assurer de futurs partenariats avec des organisations et [&hellip;]<\/p>\n","protected":false},"author":1,"featured_media":0,"parent":0,"menu_order":0,"comment_status":"closed","ping_status":"closed","template":"","meta":{"_acf_changed":false,"inline_featured_image":false,"_monsterinsights_skip_tracking":false,"_monsterinsights_sitenote_active":false,"_monsterinsights_sitenote_note":"","_monsterinsights_sitenote_category":0,"footnotes":""},"class_list":["post-6100","page","type-page","status-publish","hentry"],"acf":[],"aioseo_notices":[],"_links":{"self":[{"href":"https:\/\/agewell-nih-appta.ca\/fr\/wp-json\/wp\/v2\/pages\/6100","targetHints":{"allow":["GET"]}}],"collection":[{"href":"https:\/\/agewell-nih-appta.ca\/fr\/wp-json\/wp\/v2\/pages"}],"about":[{"href":"https:\/\/agewell-nih-appta.ca\/fr\/wp-json\/wp\/v2\/types\/page"}],"author":[{"embeddable":true,"href":"https:\/\/agewell-nih-appta.ca\/fr\/wp-json\/wp\/v2\/users\/1"}],"replies":[{"embeddable":true,"href":"https:\/\/agewell-nih-appta.ca\/fr\/wp-json\/wp\/v2\/comments?post=6100"}],"version-history":[{"count":1,"href":"https:\/\/agewell-nih-appta.ca\/fr\/wp-json\/wp\/v2\/pages\/6100\/revisions"}],"predecessor-version":[{"id":6101,"href":"https:\/\/agewell-nih-appta.ca\/fr\/wp-json\/wp\/v2\/pages\/6100\/revisions\/6101"}],"wp:attachment":[{"href":"https:\/\/agewell-nih-appta.ca\/fr\/wp-json\/wp\/v2\/media?parent=6100"}],"curies":[{"name":"wp","href":"https:\/\/api.w.org\/{rel}","templated":true}]}}