{"id":609,"date":"2019-02-22T14:05:34","date_gmt":"2019-02-22T14:05:34","guid":{"rendered":"http:\/\/agewell-nih-appta.ca\/?page_id=609"},"modified":"2022-03-25T09:32:33","modified_gmt":"2022-03-25T12:32:33","slug":"jenna-roddick","status":"publish","type":"page","link":"https:\/\/agewell-nih-appta.ca\/fr\/nos-membres\/jenna-roddick\/","title":{"rendered":"Jenna Roddick"},"content":{"rendered":"\n<p>Jenna Roddick est la gestionnaire du op\u00e9rations du &nbsp;Centre PROPRAVIT. Elle a pour mission principale de trouver les travaux de recherche pertinents effectu\u00e9s au pays qui sont align\u00e9s sur les priorit\u00e9s gouvernementales concernant le vieillissement dans le cadre du mandat du Centre PROPRAVIT de contribuer \u00e0 l\u2019\u00e9laboration de recommandations politiques fond\u00e9es sur des donn\u00e9es probantes. Une autre partie de son travail consiste \u00e0 promouvoir l\u2019application des connaissances par l\u2019interm\u00e9diaire du podcast MileAGE et des programmes d\u2019\u00e9ducation du Centre PROPRAVIT. <\/p>\n\n\n\n<p>Durant sa th\u00e8se honorifique de premier cycle, Jenna a \u00e9t\u00e9 expos\u00e9e \u00e0 la recherche et s\u2019est alors rendu compte des importantes retomb\u00e9es qu\u2019elle pouvait avoir. Puis, lors de sa ma\u00eetrise, elle a ax\u00e9 son travail sur des initiatives communautaires ainsi que sur l\u2019application pratique des r\u00e9sultats de recherches dans le cadre de projets sur les douleurs aux genoux, la lombalgie chronique et la pr\u00e9vention des chutes. D\u00e8s le d\u00e9part, Jenna s\u2019est passionn\u00e9e pour la fa\u00e7on dont la recherche peut r\u00e9ellement aider \u00e0 trouver des solutions concr\u00e8tes \u00e0 l\u2019intention de populations cibles, plus particuli\u00e8rement en ce qui a trait au vieillissement. Comme elle travaille avec des personnes \u00e2g\u00e9es depuis ses \u00e9tudes de premier cycle, sa plus grande satisfaction est de savoir que son travail contribue \u00e0 am\u00e9liorer la qualit\u00e9 de vie des a\u00een\u00e9s.<\/p>\n\n\n\n<p>Parall\u00e8lement \u00e0 son travail, Jenna s\u2019adonne \u00e0 des exp\u00e9riences culinaires, au tricot, aux points de croix, \u00e0 la course \u00e0 pied et \u00e0 la randonn\u00e9e p\u00e9destre. Pour ce qui est de l\u2019\u00e9quilibre de vie, son mot d\u2019ordre est&nbsp;: \u00ab&nbsp;La mod\u00e9ration en tout, y compris la mod\u00e9ration&nbsp;\u00bb.<\/p>\n\n\n\n<h4 class=\"wp-block-heading\">Info\u2011bulle :<\/h4>\n\n\n\n<ul class=\"wp-block-list\"><li>Scolarit\u00e9 : Baccalaur\u00e9at en kin\u00e9siologie, ma\u00eetrise honorifique \u00e8s sciences en kin\u00e9siologie, Universit\u00e9 Memorial <\/li><li>Accr\u00e9ditations : Certificat en application des connaissances (en instance) <\/li><li>Lectures recommand\u00e9es&nbsp;:<ul><li>\u0152uvres non fictives : Daniel Kahneman, Les deux vitesses de la pens\u00e9e <\/li><\/ul><ul><li>\u0152uvres scientifiques : Oliver Sacks, L\u2019homme qui prenait sa femme pour un chapeau et autres r\u00e9cits cliniques  <\/li><\/ul><ul><li>\u0152uvres fictives : Anthony Doerr, Toute la lumi\u00e8re que nous ne pouvons pas voir<\/li><\/ul><ul><li>\u0152uvres classiques : F. Scott Fitzgerald, The Great Gatsby<\/li><\/ul><\/li><li> Courriel : <a href=\"mailto:jroddick@agewell-nih-appta.ca\">jroddick@agewell-nih-appta.ca<\/a> <a href=\"mailto:jroddick@agewell-nih-appta.ca\">\ufeff<\/a><\/li><\/ul>\n","protected":false},"excerpt":{"rendered":"<p>Jenna Roddick est la gestionnaire du op\u00e9rations du &nbsp;Centre PROPRAVIT. Elle a pour mission principale de trouver les travaux de recherche pertinents effectu\u00e9s au pays qui sont align\u00e9s sur les [&hellip;]<\/p>\n","protected":false},"author":1,"featured_media":3634,"parent":185,"menu_order":0,"comment_status":"closed","ping_status":"closed","template":"","meta":{"_acf_changed":false,"inline_featured_image":false,"_monsterinsights_skip_tracking":false,"_monsterinsights_sitenote_active":false,"_monsterinsights_sitenote_note":"","_monsterinsights_sitenote_category":0,"footnotes":""},"class_list":["post-609","page","type-page","status-publish","has-post-thumbnail","hentry"],"acf":[],"aioseo_notices":[],"_links":{"self":[{"href":"https:\/\/agewell-nih-appta.ca\/fr\/wp-json\/wp\/v2\/pages\/609","targetHints":{"allow":["GET"]}}],"collection":[{"href":"https:\/\/agewell-nih-appta.ca\/fr\/wp-json\/wp\/v2\/pages"}],"about":[{"href":"https:\/\/agewell-nih-appta.ca\/fr\/wp-json\/wp\/v2\/types\/page"}],"author":[{"embeddable":true,"href":"https:\/\/agewell-nih-appta.ca\/fr\/wp-json\/wp\/v2\/users\/1"}],"replies":[{"embeddable":true,"href":"https:\/\/agewell-nih-appta.ca\/fr\/wp-json\/wp\/v2\/comments?post=609"}],"version-history":[{"count":8,"href":"https:\/\/agewell-nih-appta.ca\/fr\/wp-json\/wp\/v2\/pages\/609\/revisions"}],"predecessor-version":[{"id":3639,"href":"https:\/\/agewell-nih-appta.ca\/fr\/wp-json\/wp\/v2\/pages\/609\/revisions\/3639"}],"up":[{"embeddable":true,"href":"https:\/\/agewell-nih-appta.ca\/fr\/wp-json\/wp\/v2\/pages\/185"}],"wp:featuredmedia":[{"embeddable":true,"href":"https:\/\/agewell-nih-appta.ca\/fr\/wp-json\/wp\/v2\/media\/3634"}],"wp:attachment":[{"href":"https:\/\/agewell-nih-appta.ca\/fr\/wp-json\/wp\/v2\/media?parent=609"}],"curies":[{"name":"wp","href":"https:\/\/api.w.org\/{rel}","templated":true}]}}