{"id":607,"date":"2019-02-22T13:56:04","date_gmt":"2019-02-22T13:56:04","guid":{"rendered":"http:\/\/agewell-nih-appta.ca\/?page_id=607"},"modified":"2019-04-02T10:56:06","modified_gmt":"2019-04-02T13:56:06","slug":"candice-pollack","status":"publish","type":"page","link":"https:\/\/agewell-nih-appta.ca\/fr\/candice-pollack\/","title":{"rendered":"Candice Pollack"},"content":{"rendered":"\n<p>Candice Ashley Pollack est la directrice ex\u00e9cutive du Centre PROPRAVIT. Elle consacre 60&nbsp;% de son temps de travail \u00e0 \u00e9tablir des partenariats politiques et le 40&nbsp;% restant \u00e0 inscrire des id\u00e9es sur son tableau de sept pieds. La partie pr\u00e9f\u00e9r\u00e9e de son travail consiste \u00e0 aider le Centre PROPRAVIT \u00e0 trouver des moyens cr\u00e9atifs d\u2019influer sur la politique publique du Canada concernant le vieillissement de la population et d\u2019innover dans ce domaine. Comme Candice aime les d\u00e9fis, elle pense qu\u2019une carri\u00e8re doit toujours comporter des occasions d\u2019apprendre de nouvelles choses. Ses principales valeurs de leadership comprennent la responsabilisation (chaque personne doit avoir un sentiment d\u2019appropriation vis\u2011\u00e0\u2011vis de son travail), l\u2019int\u00e9grit\u00e9 (traiter les autres avec \u00e9quit\u00e9 et respect est la cl\u00e9 du succ\u00e8s) et l\u2019adaptabilit\u00e9 (l\u2019am\u00e9lioration passe immanquablement par le changement). &nbsp;<\/p>\n\n\n\n<p> L\u2019une des plus grandes r\u00e9alisations de Candice est son travail dans le cadre de la Strat\u00e9gie de pr\u00e9vention des dommages caus\u00e9s aux enfants et aux jeunes du Nouveau\u2011Brunswick, suivie de pr\u00e8s par le r\u00e9pertoire de tours qu\u2019elle a r\u00e9ussi \u00e0 enseigner \u00e0 son chien Oliver. Profond\u00e9ment passionn\u00e9e par les discours sur les droits de la personne, elle a contribu\u00e9 \u00e0 la r\u00e9daction de travaux publi\u00e9s sur les droits de participation des jeunes, les droits des enfants dans une \u00e9conomie mondialis\u00e9e et les droits \u00e0 la protection des enfants. Lorsqu\u2019elle ne travaille pas,&nbsp; Candice tente d\u2019\u00eatre une amatrice de caf\u00e9, de vin ou de bi\u00e8re artisanale, red\u00e9core sa maison ou parcourt des sentiers de randonn\u00e9e p\u00e9destre, dans cet ordre. <\/p>\n\n\n\n<h4 class=\"wp-block-heading\">Info\u2011bulle :<\/h4>\n\n\n\n<ul class=\"wp-block-list\"><li>Scolarit\u00e9 : Baccalaur\u00e9at en droit (LL.B.) et en droit civil (B.C.L.), Universit\u00e9 McGill<\/li><li>Accr\u00e9ditation : Membre du Barreau du Nouveau-Brunswick<\/li><li>Lectures recommand\u00e9es\u00a0:<ul><li>Thomas King, <em>L\u2019indien malcommode : Un portrait inattendu des Autochtones d\u2019Am\u00e9rique du Nord \u00a0<\/em><\/li><li>Jonah Berger, <em>Contagious<\/em> <\/li><li>Gabriel Garcia-Marquez, <em>Cent ans de solitude<\/em><\/li><li>Tennessee Williams, <em>Un tramway nomm\u00e9 D\u00e9sir<\/em><\/li><\/ul><\/li><li>Courriel : <a href=\"mailto:cpollack@appta.ca\">cpollack@appta.ca<\/a> <\/li><\/ul>\n","protected":false},"excerpt":{"rendered":"<p>Candice Ashley Pollack est la directrice ex\u00e9cutive du Centre PROPRAVIT. Elle consacre 60&nbsp;% de son temps de travail \u00e0 \u00e9tablir des partenariats politiques et le 40&nbsp;% restant \u00e0 inscrire des [&hellip;]<\/p>\n","protected":false},"author":1,"featured_media":938,"parent":0,"menu_order":0,"comment_status":"closed","ping_status":"closed","template":"","meta":{"_acf_changed":false,"inline_featured_image":false,"_monsterinsights_skip_tracking":false,"_monsterinsights_sitenote_active":false,"_monsterinsights_sitenote_note":"","_monsterinsights_sitenote_category":0,"footnotes":""},"class_list":["post-607","page","type-page","status-publish","has-post-thumbnail","hentry"],"acf":[],"aioseo_notices":[],"_links":{"self":[{"href":"https:\/\/agewell-nih-appta.ca\/fr\/wp-json\/wp\/v2\/pages\/607","targetHints":{"allow":["GET"]}}],"collection":[{"href":"https:\/\/agewell-nih-appta.ca\/fr\/wp-json\/wp\/v2\/pages"}],"about":[{"href":"https:\/\/agewell-nih-appta.ca\/fr\/wp-json\/wp\/v2\/types\/page"}],"author":[{"embeddable":true,"href":"https:\/\/agewell-nih-appta.ca\/fr\/wp-json\/wp\/v2\/users\/1"}],"replies":[{"embeddable":true,"href":"https:\/\/agewell-nih-appta.ca\/fr\/wp-json\/wp\/v2\/comments?post=607"}],"version-history":[{"count":6,"href":"https:\/\/agewell-nih-appta.ca\/fr\/wp-json\/wp\/v2\/pages\/607\/revisions"}],"predecessor-version":[{"id":1062,"href":"https:\/\/agewell-nih-appta.ca\/fr\/wp-json\/wp\/v2\/pages\/607\/revisions\/1062"}],"wp:featuredmedia":[{"embeddable":true,"href":"https:\/\/agewell-nih-appta.ca\/fr\/wp-json\/wp\/v2\/media\/938"}],"wp:attachment":[{"href":"https:\/\/agewell-nih-appta.ca\/fr\/wp-json\/wp\/v2\/media?parent=607"}],"curies":[{"name":"wp","href":"https:\/\/api.w.org\/{rel}","templated":true}]}}