{"id":5377,"date":"2023-11-28T19:49:29","date_gmt":"2023-11-28T22:49:29","guid":{"rendered":"https:\/\/agewell-nih-appta.ca\/?page_id=5377"},"modified":"2023-11-28T19:49:31","modified_gmt":"2023-11-28T22:49:31","slug":"media","status":"publish","type":"page","link":"https:\/\/agewell-nih-appta.ca\/fr\/media\/","title":{"rendered":"M\u00c9DIA"},"content":{"rendered":"\n<div style=\"height:25px\" aria-hidden=\"true\" class=\"wp-block-spacer\"><\/div>\n\n\n\n<p>Le balado Mile\u00c2GE et le blogue du centre POPRAVIT sont deux autres moyens que nous utilisons pour transmettre des renseignements \u00e0 notre r\u00e9seau. Cliquez sur ces liens pour en savoir davantage.<\/p>\n\n\n\n<hr class=\"wp-block-separator has-alpha-channel-opacity\"\/>\n\n\n\n<div style=\"height:56px\" aria-hidden=\"true\" class=\"wp-block-spacer\"><\/div>\n\n\n\n<div class=\"wp-block-columns has-3-columns is-layout-flex wp-container-core-columns-is-layout-1 wp-block-columns-is-layout-flex\">\n<div class=\"wp-block-column is-layout-flow wp-block-column-is-layout-flow\">\n<figure class=\"wp-block-image size-full\"><a href=\"https:\/\/agewell-nih-appta.ca\/fr\/mileage-podcast-fr\/\"><img loading=\"lazy\" decoding=\"async\" width=\"500\" height=\"250\" src=\"https:\/\/agewell-nih-appta.ca\/wp-content\/uploads\/2023\/08\/podcast.png\" alt=\"\" class=\"wp-image-5348\" srcset=\"https:\/\/agewell-nih-appta.ca\/wp-content\/uploads\/2023\/08\/podcast.png 500w, https:\/\/agewell-nih-appta.ca\/wp-content\/uploads\/2023\/08\/podcast-300x150.png 300w\" sizes=\"auto, (max-width: 500px) 100vw, 500px\" \/><\/a><\/figure>\n\n\n\n<h3 class=\"wp-block-heading\"><a href=\"https:\/\/agewell-nih-appta.ca\/fr\/mileage-podcast-fr\/\" title=\"\">BALADO MILE\u00c2GE<strong> <\/strong><\/a><\/h3>\n\n\n\n<p>Le balado Mile\u00c2GE est une plateforme que le Centre POPRAVIT utilise pour parler \u00e0 des chercheurs de tout le pays qui r\u00e9alisent un fantastique travail dans le domaine du vieillissement. Nous parlons de leur travail de fa\u00e7on plus globale et discutons des effets tangibles et concrets que la recherche peut avoir sur les personnes \u00e2g\u00e9es.<\/p>\n<\/div>\n\n\n\n<div class=\"wp-block-column is-layout-flow wp-block-column-is-layout-flow\">\n<figure class=\"wp-block-image size-full\"><a href=\"https:\/\/agewell-nih-appta.ca\/fr\/category\/idees\/\"><img loading=\"lazy\" decoding=\"async\" width=\"500\" height=\"250\" src=\"https:\/\/agewell-nih-appta.ca\/wp-content\/uploads\/2023\/08\/blog.png\" alt=\"\" class=\"wp-image-5354\" srcset=\"https:\/\/agewell-nih-appta.ca\/wp-content\/uploads\/2023\/08\/blog.png 500w, https:\/\/agewell-nih-appta.ca\/wp-content\/uploads\/2023\/08\/blog-300x150.png 300w\" sizes=\"auto, (max-width: 500px) 100vw, 500px\" \/><\/a><\/figure>\n\n\n\n<h3 class=\"wp-block-heading\"><a href=\"https:\/\/agewell-nih-appta.ca\/fr\/category\/idees\/\" title=\"\">Blogue<\/a><\/h3>\n\n\n\n<p>Recueil d\u2019articles et de publications concernant des initiatives, des recherches, des personnes et des innovations qui desservent des Canadiens \u00e2g\u00e9s.<\/p>\n<\/div>\n<\/div>\n","protected":false},"excerpt":{"rendered":"<p>Le balado Mile\u00c2GE et le blogue du centre POPRAVIT sont deux autres moyens que nous utilisons pour transmettre des renseignements \u00e0 notre r\u00e9seau. Cliquez sur ces liens pour en savoir [&hellip;]<\/p>\n","protected":false},"author":1,"featured_media":0,"parent":0,"menu_order":0,"comment_status":"closed","ping_status":"closed","template":"","meta":{"_acf_changed":false,"inline_featured_image":false,"_monsterinsights_skip_tracking":false,"_monsterinsights_sitenote_active":false,"_monsterinsights_sitenote_note":"","_monsterinsights_sitenote_category":0,"footnotes":""},"class_list":["post-5377","page","type-page","status-publish","hentry"],"acf":[],"aioseo_notices":[],"_links":{"self":[{"href":"https:\/\/agewell-nih-appta.ca\/fr\/wp-json\/wp\/v2\/pages\/5377","targetHints":{"allow":["GET"]}}],"collection":[{"href":"https:\/\/agewell-nih-appta.ca\/fr\/wp-json\/wp\/v2\/pages"}],"about":[{"href":"https:\/\/agewell-nih-appta.ca\/fr\/wp-json\/wp\/v2\/types\/page"}],"author":[{"embeddable":true,"href":"https:\/\/agewell-nih-appta.ca\/fr\/wp-json\/wp\/v2\/users\/1"}],"replies":[{"embeddable":true,"href":"https:\/\/agewell-nih-appta.ca\/fr\/wp-json\/wp\/v2\/comments?post=5377"}],"version-history":[{"count":2,"href":"https:\/\/agewell-nih-appta.ca\/fr\/wp-json\/wp\/v2\/pages\/5377\/revisions"}],"predecessor-version":[{"id":5668,"href":"https:\/\/agewell-nih-appta.ca\/fr\/wp-json\/wp\/v2\/pages\/5377\/revisions\/5668"}],"wp:attachment":[{"href":"https:\/\/agewell-nih-appta.ca\/fr\/wp-json\/wp\/v2\/media?parent=5377"}],"curies":[{"name":"wp","href":"https:\/\/api.w.org\/{rel}","templated":true}]}}