{"id":5373,"date":"2023-11-28T19:21:32","date_gmt":"2023-11-28T22:21:32","guid":{"rendered":"https:\/\/agewell-nih-appta.ca\/?page_id=5373"},"modified":"2024-03-19T21:15:11","modified_gmt":"2024-03-20T00:15:11","slug":"projets-collaboratifs","status":"publish","type":"page","link":"https:\/\/agewell-nih-appta.ca\/fr\/projets-collaboratifs\/","title":{"rendered":"PROJETS COLLABORATIFS"},"content":{"rendered":"\n<div style=\"height:25px\" aria-hidden=\"true\" class=\"wp-block-spacer\"><\/div>\n\n\n\n<p>Au centre POPRAVIT, nous reconnaissons que l\u2019\u00e9laboration des politiques est un effort collectif qui ne peut se faire en vase clos. Nos projets collaboratifs r\u00e9unissent des chercheurs, des innovateurs, des experts en la mati\u00e8re, des d\u00e9cideurs gouvernementaux et des Canadiens \u00e2g\u00e9s pour offrir des solutions qui r\u00e9pondent aux besoins de tous les intervenants. Cliquez sur les liens ci-dessous pour en savoir davantage sur nos projets.<\/p>\n\n\n\n<div class=\"wp-block-columns is-layout-flex wp-container-core-columns-is-layout-2 wp-block-columns-is-layout-flex\">\n<div class=\"wp-block-column is-layout-flow wp-block-column-is-layout-flow\">\n<div class=\"wp-block-columns is-layout-flex wp-container-core-columns-is-layout-1 wp-block-columns-is-layout-flex\">\n<div class=\"wp-block-column is-layout-flow wp-block-column-is-layout-flow\">\n<figure class=\"wp-block-image size-large\"><a href=\"https:\/\/agewell-nih-appta.ca\/wp-content\/uploads\/2024\/03\/ELDER-ABUSE-REPORT_FINAL_fr_formatted_v2.pdf\"><img loading=\"lazy\" decoding=\"async\" width=\"792\" height=\"1024\" src=\"https:\/\/agewell-nih-appta.ca\/wp-content\/uploads\/2024\/03\/ELDER-ABUSE-REPORT_FINAL_fr_formatted_v2-1-792x1024.png\" alt=\"\" class=\"wp-image-5860\" srcset=\"https:\/\/agewell-nih-appta.ca\/wp-content\/uploads\/2024\/03\/ELDER-ABUSE-REPORT_FINAL_fr_formatted_v2-1-792x1024.png 792w, https:\/\/agewell-nih-appta.ca\/wp-content\/uploads\/2024\/03\/ELDER-ABUSE-REPORT_FINAL_fr_formatted_v2-1-232x300.png 232w, https:\/\/agewell-nih-appta.ca\/wp-content\/uploads\/2024\/03\/ELDER-ABUSE-REPORT_FINAL_fr_formatted_v2-1-768x993.png 768w, https:\/\/agewell-nih-appta.ca\/wp-content\/uploads\/2024\/03\/ELDER-ABUSE-REPORT_FINAL_fr_formatted_v2-1-1188x1536.png 1188w, https:\/\/agewell-nih-appta.ca\/wp-content\/uploads\/2024\/03\/ELDER-ABUSE-REPORT_FINAL_fr_formatted_v2-1.png 1275w\" sizes=\"auto, (max-width: 792px) 100vw, 792px\" \/><\/a><\/figure>\n<\/div>\n\n\n\n<div class=\"wp-block-column is-layout-flow wp-block-column-is-layout-flow\">\n<h4 class=\"wp-block-heading\"><a href=\"https:\/\/agewell-nih-appta.ca\/wp-content\/uploads\/2024\/03\/ELDER-ABUSE-REPORT_FINAL_fr_formatted_v2.pdf\" title=\"\">2023 Rapport sur la maltraitance envers les personnes \u00e2g\u00e9es<\/a><\/h4>\n\n\n\n<div style=\"height:33px\" aria-hidden=\"true\" class=\"wp-block-spacer\"><\/div>\n\n\n\n<p>Ce rapport a \u00e9t\u00e9 d\u00e9velopp\u00e9 dans le cadre d\u2019un effort collaboratif avec des intervenants de onze organisations actives dans les domaines de la recherche, de la r\u00e9ponse et de la politique relatives \u00e0 la pr\u00e9vention de la maltraitance des personnes \u00e2g\u00e9es.&nbsp;<\/p>\n\n\n\n<p>Les auteurs de ce rapport explorent comment la maltraitance des personnes \u00e2g\u00e9es est d\u00e9finie, sa pr\u00e9valence, les principaux facteurs qui contribuent au probl\u00e8me ainsi que ses r\u00e9percussions sur la vie des personnes \u00e2g\u00e9es canadiennes. Ils indiquent clairement \u00e0 qui revient la responsabilit\u00e9 de mettre en \u0153uvre au Canada des politiques visant \u00e0 pr\u00e9venir ce genre de maltraitance, et \u00e0 y rem\u00e9dier, et soulignent les strat\u00e9gies et les efforts existants. Finalement, ils pr\u00e9sentent une analyse des recommandations \u00e9mises dans les strat\u00e9gies et les rapports pr\u00e9c\u00e9dents sur la maltraitance des personnes \u00e2g\u00e9es, et les r\u00e9sument sous la forme de cinq objectifs g\u00e9n\u00e9raux \u00e0 assigner aux futures politiques dans ce domaine.<\/p>\n\n\n\n<div class=\"wp-block-buttons is-content-justification-center is-layout-flex wp-container-core-buttons-is-layout-1 wp-block-buttons-is-layout-flex\">\n<div class=\"wp-block-button\"><a class=\"wp-block-button__link has-text-align-center wp-element-button\" href=\"https:\/\/agewell-nih-appta.ca\/wp-content\/uploads\/2024\/03\/ELDER-ABUSE-REPORT_FINAL_fr_formatted_v2.pdf\">Lisez le rapport<\/a><\/div>\n<\/div>\n\n\n\n<div style=\"height:28px\" aria-hidden=\"true\" class=\"wp-block-spacer\"><\/div>\n\n\n\n<div class=\"wp-block-buttons is-layout-flex wp-block-buttons-is-layout-flex\">\n<div class=\"wp-block-button\"><a class=\"wp-block-button__link wp-element-button\" href=\"https:\/\/youtu.be\/fR7UXVQ8o-U\">Regardez \u00ab\u00a0Addressing Abuse of Older Adults: A Collaborative Panel\u00a0\u00bb<\/a><\/div>\n<\/div>\n<\/div>\n<\/div>\n<\/div>\n<\/div>\n\n\n\n<div class=\"wp-block-columns has-3-columns is-layout-flex wp-container-core-columns-is-layout-3 wp-block-columns-is-layout-flex\">\n<div class=\"wp-block-column is-layout-flow wp-block-column-is-layout-flow\">\n<figure class=\"wp-block-image\"><a href=\"https:\/\/agewell-nih-appta.ca\/fr\/policy-innovation-lab\/\"><img loading=\"lazy\" decoding=\"async\" width=\"1024\" height=\"512\" src=\"https:\/\/agewell-nih-appta.ca\/wp-content\/uploads\/2019\/02\/Pictures-Work-1-1024x512.jpg\" alt=\"Solutions politiques\" class=\"wp-image-805\" srcset=\"https:\/\/agewell-nih-appta.ca\/wp-content\/uploads\/2019\/02\/Pictures-Work-1-1024x512.jpg 1024w, https:\/\/agewell-nih-appta.ca\/wp-content\/uploads\/2019\/02\/Pictures-Work-1-300x150.jpg 300w, https:\/\/agewell-nih-appta.ca\/wp-content\/uploads\/2019\/02\/Pictures-Work-1-768x384.jpg 768w, https:\/\/agewell-nih-appta.ca\/wp-content\/uploads\/2019\/02\/Pictures-Work-1.jpg 1200w\" sizes=\"auto, (max-width: 1024px) 100vw, 1024px\" \/><\/a><\/figure>\n\n\n\n<h3 class=\"wp-block-heading\"><a href=\"https:\/\/agewell-nih-appta.ca\/fr\/policy-innovation-lab\/\" title=\"\">LABORATOIRE D\u2019INNOVATION POLITIQUE<strong> <\/strong><\/a><\/h3>\n\n\n\n<p>Nous facilitons la collaboration en utilisant une approche de laboratoire pour r\u00e9soudre des d\u00e9fis politiques complexes. Nous invitons des participants aux perspectives et aux exp\u00e9riences diverses \u00e0 travailler \u00e0 l\u2019\u00e9laboration de solutions novatrices \u00e0 des probl\u00e8mes r\u00e9els.<\/p>\n<\/div>\n\n\n\n<div class=\"wp-block-column is-layout-flow wp-block-column-is-layout-flow\">\n<figure class=\"wp-block-image size-full\"><a href=\"https:\/\/agewell-nih-appta.ca\/fr\/des-donnees-probantes-aux-effets-concrets\/\"><img loading=\"lazy\" decoding=\"async\" width=\"500\" height=\"250\" src=\"https:\/\/agewell-nih-appta.ca\/wp-content\/uploads\/2023\/02\/collab.png\" alt=\"\" class=\"wp-image-4326\" srcset=\"https:\/\/agewell-nih-appta.ca\/wp-content\/uploads\/2023\/02\/collab.png 500w, https:\/\/agewell-nih-appta.ca\/wp-content\/uploads\/2023\/02\/collab-300x150.png 300w\" sizes=\"auto, (max-width: 500px) 100vw, 500px\" \/><\/a><\/figure>\n\n\n\n<h3 class=\"wp-block-heading\"><a href=\"https:\/\/agewell-nih-appta.ca\/fr\/des-donnees-probantes-aux-effets-concrets\/\" title=\"\">DES DONN\u00c9ES PROBANTES AUX EFFETS CONCRETS<\/a><\/h3>\n\n\n\n<p>Men\u00e9s en partenariat avec les auteurs et le centre POPRAVIT, les th\u00e8mes de cette s\u00e9rie s\u2019alignent sur nos priorit\u00e9s politiques, ce qui nous donne l\u2019occasion de mettre en lumi\u00e8re comment la recherche existante peut \u00e9clairer des changements politiques majeurs.<\/p>\n<\/div>\n<\/div>\n","protected":false},"excerpt":{"rendered":"<p>Au centre POPRAVIT, nous reconnaissons que l\u2019\u00e9laboration des politiques est un effort collectif qui ne peut se faire en vase clos. Nos projets collaboratifs r\u00e9unissent des chercheurs, des innovateurs, des [&hellip;]<\/p>\n","protected":false},"author":1,"featured_media":0,"parent":0,"menu_order":0,"comment_status":"closed","ping_status":"closed","template":"","meta":{"_acf_changed":false,"inline_featured_image":false,"_monsterinsights_skip_tracking":false,"_monsterinsights_sitenote_active":false,"_monsterinsights_sitenote_note":"","_monsterinsights_sitenote_category":0,"footnotes":""},"class_list":["post-5373","page","type-page","status-publish","hentry"],"acf":[],"aioseo_notices":[],"_links":{"self":[{"href":"https:\/\/agewell-nih-appta.ca\/fr\/wp-json\/wp\/v2\/pages\/5373","targetHints":{"allow":["GET"]}}],"collection":[{"href":"https:\/\/agewell-nih-appta.ca\/fr\/wp-json\/wp\/v2\/pages"}],"about":[{"href":"https:\/\/agewell-nih-appta.ca\/fr\/wp-json\/wp\/v2\/types\/page"}],"author":[{"embeddable":true,"href":"https:\/\/agewell-nih-appta.ca\/fr\/wp-json\/wp\/v2\/users\/1"}],"replies":[{"embeddable":true,"href":"https:\/\/agewell-nih-appta.ca\/fr\/wp-json\/wp\/v2\/comments?post=5373"}],"version-history":[{"count":6,"href":"https:\/\/agewell-nih-appta.ca\/fr\/wp-json\/wp\/v2\/pages\/5373\/revisions"}],"predecessor-version":[{"id":5866,"href":"https:\/\/agewell-nih-appta.ca\/fr\/wp-json\/wp\/v2\/pages\/5373\/revisions\/5866"}],"wp:attachment":[{"href":"https:\/\/agewell-nih-appta.ca\/fr\/wp-json\/wp\/v2\/media?parent=5373"}],"curies":[{"name":"wp","href":"https:\/\/api.w.org\/{rel}","templated":true}]}}