{"id":5369,"date":"2023-11-27T21:10:29","date_gmt":"2023-11-28T00:10:29","guid":{"rendered":"https:\/\/agewell-nih-appta.ca\/?page_id=5369"},"modified":"2023-11-27T21:46:09","modified_gmt":"2023-11-28T00:46:09","slug":"programmes-educatifs","status":"publish","type":"page","link":"https:\/\/agewell-nih-appta.ca\/fr\/programmes-educatifs\/","title":{"rendered":"PROGRAMMES \u00c9DUCATIFS"},"content":{"rendered":"\n<div style=\"height:25px\" aria-hidden=\"true\" class=\"wp-block-spacer\"><\/div>\n\n\n\n<p>Le centre POPRAVIT offre des programmes d\u2019\u00e9ducation politique et d\u2019application des connaissances qui servent, entre autres, d\u2019une part, \u00e0 enseigner aux chercheurs \u00e0 appliquer des connaissances et \u00e0 r\u00e9diger des bilans d\u2019options politiques percutants et, d\u2019autre part, \u00e0 relier des donn\u00e9es probantes \u00e0 des politiques, des programmes ou des services qui concernent les Canadiens \u00e2g\u00e9s. Vous trouverez ci\u2011dessous un bref r\u00e9sum\u00e9 de chacun de nos programmes. Cliquez sur les liens suivants pour en savoir davantage.<\/p>\n\n\n\n<hr class=\"wp-block-separator has-alpha-channel-opacity\"\/>\n\n\n\n<div style=\"height:47px\" aria-hidden=\"true\" class=\"wp-block-spacer\"><\/div>\n\n\n\n<div class=\"wp-block-columns has-3-columns is-layout-flex wp-container-core-columns-is-layout-1 wp-block-columns-is-layout-flex\">\n<div class=\"wp-block-column is-layout-flow wp-block-column-is-layout-flow\">\n<figure class=\"wp-block-image size-full\"><a href=\"https:\/\/agewell-nih-appta.ca\/fr\/policy-challenge\/\"><img loading=\"lazy\" decoding=\"async\" width=\"500\" height=\"250\" src=\"https:\/\/agewell-nih-appta.ca\/wp-content\/uploads\/2023\/03\/policychallenges.png\" alt=\"\" class=\"wp-image-4418\" srcset=\"https:\/\/agewell-nih-appta.ca\/wp-content\/uploads\/2023\/03\/policychallenges.png 500w, https:\/\/agewell-nih-appta.ca\/wp-content\/uploads\/2023\/03\/policychallenges-300x150.png 300w\" sizes=\"auto, (max-width: 500px) 100vw, 500px\" \/><\/a><\/figure>\n\n\n\n<h4 class=\"wp-block-heading\"><a href=\"https:\/\/agewell-nih-appta.ca\/fr\/policy-challenge\/\" title=\"\">D\u00c9FI POLITIQUE<\/a><strong> <\/strong><\/h4>\n\n\n\n<p>Occasion d\u2019\u00e9ducation et de mentorat unique en son genre pour les stagiaires d\u2019AGE-WELL qui souhaitent travailler avec des experts en politique et apprendre de source directe comment des id\u00e9es de recherche peuvent devenir des options politiques susceptibles d\u2019\u00eatre mises en \u0153uvre \u00e0 l\u2019\u00e9chelle provinciale, territoriale et nationale.<\/p>\n<\/div>\n\n\n\n<div class=\"wp-block-column is-layout-flow wp-block-column-is-layout-flow\">\n<figure class=\"wp-block-image size-full\"><a href=\"https:\/\/agewell-nih-appta.ca\/fr\/serie-des-rencontres-politiques\/\"><img loading=\"lazy\" decoding=\"async\" width=\"500\" height=\"250\" src=\"https:\/\/agewell-nih-appta.ca\/wp-content\/uploads\/2023\/02\/webinar.png\" alt=\"\" class=\"wp-image-4289\" srcset=\"https:\/\/agewell-nih-appta.ca\/wp-content\/uploads\/2023\/02\/webinar.png 500w, https:\/\/agewell-nih-appta.ca\/wp-content\/uploads\/2023\/02\/webinar-300x150.png 300w\" sizes=\"auto, (max-width: 500px) 100vw, 500px\" \/><\/a><\/figure>\n\n\n\n<h4 class=\"wp-block-heading\"><strong><a href=\"https:\/\/agewell-nih-appta.ca\/fr\/serie-des-rencontres-politiques\/\" title=\"\">S\u00c9RIE DES RENCONTRES POLITIQUES<\/a><\/strong><\/h4>\n\n\n\n<p>S\u00e9rie r\u00e9currente d\u2019expos\u00e9s durant lesquels des chercheurs experts discutent de leur travail et parlent sp\u00e9cifiquement des cons\u00e9quences politiques associ\u00e9es \u00e0 la mise en \u0153uvre et \u00e0 la mise \u00e0 niveau de leur recherche.&nbsp; Les diapositives et les enregistrements vid\u00e9o des expos\u00e9s sont disponibles pour t\u00e9l\u00e9chargement.<\/p>\n<\/div>\n\n\n\n<div class=\"wp-block-column is-layout-flow wp-block-column-is-layout-flow\">\n<figure class=\"wp-block-image size-full\"><a href=\"https:\/\/agewell-nih-appta.ca\/fr\/conferences-pep\/\"><img loading=\"lazy\" decoding=\"async\" width=\"500\" height=\"250\" src=\"https:\/\/agewell-nih-appta.ca\/wp-content\/uploads\/2023\/03\/peptalks.png\" alt=\"\" class=\"wp-image-4430\" srcset=\"https:\/\/agewell-nih-appta.ca\/wp-content\/uploads\/2023\/03\/peptalks.png 500w, https:\/\/agewell-nih-appta.ca\/wp-content\/uploads\/2023\/03\/peptalks-300x150.png 300w\" sizes=\"auto, (max-width: 500px) 100vw, 500px\" \/><\/a><\/figure>\n\n\n\n<h4 class=\"wp-block-heading\"><a href=\"https:\/\/agewell-nih-appta.ca\/fr\/conferences-pep\/\" title=\"\">CONF\u00c9RENCES DU PROGRAMME D\u2019\u00c9DUCATION POLITIQUE (PEP)<\/a><\/h4>\n\n\n\n<p>Les Conf\u00e9rences PEP sont une s\u00e9rie de s\u00e9ances d\u2019apprentissage en ligne \u00e0 l\u2019intention des stagiaires d\u2019AGE-WELL qui souhaitent perfectionner leurs aptitudes d\u2019application des connaissances (AC) pour s\u2019adresser \u00e0 des publics politiques. Ce programme comporte des webinaires, des jeux-questionnaires et des devoirs ax\u00e9s sur des aptitudes d\u2019AC particuli\u00e8res. <\/p>\n<\/div>\n<\/div>\n","protected":false},"excerpt":{"rendered":"<p>Le centre POPRAVIT offre des programmes d\u2019\u00e9ducation politique et d\u2019application des connaissances qui servent, entre autres, d\u2019une part, \u00e0 enseigner aux chercheurs \u00e0 appliquer des connaissances et \u00e0 r\u00e9diger des [&hellip;]<\/p>\n","protected":false},"author":1,"featured_media":0,"parent":0,"menu_order":0,"comment_status":"closed","ping_status":"closed","template":"","meta":{"_acf_changed":false,"inline_featured_image":false,"_monsterinsights_skip_tracking":false,"_monsterinsights_sitenote_active":false,"_monsterinsights_sitenote_note":"","_monsterinsights_sitenote_category":0,"footnotes":""},"class_list":["post-5369","page","type-page","status-publish","hentry"],"acf":[],"aioseo_notices":[],"_links":{"self":[{"href":"https:\/\/agewell-nih-appta.ca\/fr\/wp-json\/wp\/v2\/pages\/5369","targetHints":{"allow":["GET"]}}],"collection":[{"href":"https:\/\/agewell-nih-appta.ca\/fr\/wp-json\/wp\/v2\/pages"}],"about":[{"href":"https:\/\/agewell-nih-appta.ca\/fr\/wp-json\/wp\/v2\/types\/page"}],"author":[{"embeddable":true,"href":"https:\/\/agewell-nih-appta.ca\/fr\/wp-json\/wp\/v2\/users\/1"}],"replies":[{"embeddable":true,"href":"https:\/\/agewell-nih-appta.ca\/fr\/wp-json\/wp\/v2\/comments?post=5369"}],"version-history":[{"count":8,"href":"https:\/\/agewell-nih-appta.ca\/fr\/wp-json\/wp\/v2\/pages\/5369\/revisions"}],"predecessor-version":[{"id":5655,"href":"https:\/\/agewell-nih-appta.ca\/fr\/wp-json\/wp\/v2\/pages\/5369\/revisions\/5655"}],"wp:attachment":[{"href":"https:\/\/agewell-nih-appta.ca\/fr\/wp-json\/wp\/v2\/media?parent=5369"}],"curies":[{"name":"wp","href":"https:\/\/api.w.org\/{rel}","templated":true}]}}