{"id":4610,"date":"2023-05-17T09:22:35","date_gmt":"2023-05-17T12:22:35","guid":{"rendered":"https:\/\/agewell-nih-appta.ca\/?page_id=4610"},"modified":"2023-05-17T09:22:36","modified_gmt":"2023-05-17T12:22:36","slug":"cassy-hemphill","status":"publish","type":"page","link":"https:\/\/agewell-nih-appta.ca\/fr\/nos-membres\/cassy-hemphill\/","title":{"rendered":"Cassy Hemphill"},"content":{"rendered":"\n<p>Cassy Hemphill est la coordonnatrice de la mobilisation et des communications du Centre POPRAVIT. Cassy est avant tout responsable de la planification, de la coordination et de l\u2019ex\u00e9cution quotidiennes des communications et de la mise en \u0153uvre du programme. Un autre aspect de son r\u00f4le consiste \u00e0 contribuer \u00e0 l\u2019\u00e9laboration et \u00e0 la diffusion, sur toutes les plateformes du Centre, des produits d\u2019application des connaissances du Centre POPRAVIT.<\/p>\n\n\n\n<p>Apr\u00e8s avoir obtenu son dipl\u00f4me de premier cycle en psychologie \u00e0 l\u2019Universit\u00e9 du Nouveau-Brunswick, Cassy a surtout cherch\u00e9 une voie professionnelle dans laquelle elle pourrait continuer \u00e0 relever des d\u00e9fis par rapport \u00e0 elle-m\u00eame et \u00e0 sa capacit\u00e9 d\u2019appliquer sa passion pour l\u2019esprit et le corps humains.<\/p>\n\n\n\n<p>Lorsqu\u2019elle ne travaille pas, Cassy aime faire de l\u2019activit\u00e9 physique et passer du temps avec ses amis et sa famille.<\/p>\n\n\n\n<p class=\"has-medium-font-size\"><strong>EN BREF:<\/strong><\/p>\n\n\n\n<p>\u00c9tudes : Baccalaur\u00e9at \u00e8s Arts, avec sp\u00e9cialisation en psychologie \u2013 Universit\u00e9 du Nouveau-Brunswick<\/p>\n\n\n\n<p>Lectures recommand\u00e9es :<\/p>\n\n\n\n<p>&#8211; Carry on Warrior, par Glennon Doyle<\/p>\n\n\n\n<p>&#8211; Anatomy of an Epidemic, par Robert Whitaker<\/p>\n\n\n\n<p>&#8211; A Court of Mist and Fury, par Sarah J. Maas<\/p>\n\n\n\n<p>Coordonn\u00e9es : chemphill@dal.ca<\/p>\n","protected":false},"excerpt":{"rendered":"<p>Cassy Hemphill est la coordonnatrice de la mobilisation et des communications du Centre POPRAVIT. Cassy est avant tout responsable de la planification, de la coordination et de l\u2019ex\u00e9cution quotidiennes des [&hellip;]<\/p>\n","protected":false},"author":1,"featured_media":0,"parent":185,"menu_order":0,"comment_status":"closed","ping_status":"closed","template":"","meta":{"_acf_changed":false,"inline_featured_image":false,"_monsterinsights_skip_tracking":false,"_monsterinsights_sitenote_active":false,"_monsterinsights_sitenote_note":"","_monsterinsights_sitenote_category":0,"footnotes":""},"class_list":["post-4610","page","type-page","status-publish","hentry"],"acf":[],"aioseo_notices":[],"_links":{"self":[{"href":"https:\/\/agewell-nih-appta.ca\/fr\/wp-json\/wp\/v2\/pages\/4610","targetHints":{"allow":["GET"]}}],"collection":[{"href":"https:\/\/agewell-nih-appta.ca\/fr\/wp-json\/wp\/v2\/pages"}],"about":[{"href":"https:\/\/agewell-nih-appta.ca\/fr\/wp-json\/wp\/v2\/types\/page"}],"author":[{"embeddable":true,"href":"https:\/\/agewell-nih-appta.ca\/fr\/wp-json\/wp\/v2\/users\/1"}],"replies":[{"embeddable":true,"href":"https:\/\/agewell-nih-appta.ca\/fr\/wp-json\/wp\/v2\/comments?post=4610"}],"version-history":[{"count":1,"href":"https:\/\/agewell-nih-appta.ca\/fr\/wp-json\/wp\/v2\/pages\/4610\/revisions"}],"predecessor-version":[{"id":4611,"href":"https:\/\/agewell-nih-appta.ca\/fr\/wp-json\/wp\/v2\/pages\/4610\/revisions\/4611"}],"up":[{"embeddable":true,"href":"https:\/\/agewell-nih-appta.ca\/fr\/wp-json\/wp\/v2\/pages\/185"}],"wp:attachment":[{"href":"https:\/\/agewell-nih-appta.ca\/fr\/wp-json\/wp\/v2\/media?parent=4610"}],"curies":[{"name":"wp","href":"https:\/\/api.w.org\/{rel}","templated":true}]}}