{"id":4435,"date":"2023-11-27T21:45:19","date_gmt":"2023-11-28T00:45:19","guid":{"rendered":"https:\/\/agewell-nih-appta.ca\/?page_id=4435"},"modified":"2023-11-27T21:45:21","modified_gmt":"2023-11-28T00:45:21","slug":"conferences-pep","status":"publish","type":"page","link":"https:\/\/agewell-nih-appta.ca\/fr\/conferences-pep\/","title":{"rendered":"CONF\u00c9RENCES PEP"},"content":{"rendered":"\n<div style=\"height:20px\" aria-hidden=\"true\" class=\"wp-block-spacer\"><\/div>\n\n\n\n<p>Le Centre PROPRAVIT stimule la capacit\u00e9 d\u2019innovation dans le cadre des politiques et des pratiques li\u00e9es au vieillissement en offrant aux chercheurs et aux d\u00e9cideurs des possibilit\u00e9s de d\u00e9veloppement susceptibles d\u2019am\u00e9liorer leurs aptitudes de changer les choses. Les Conf\u00e9rences PEP sont une s\u00e9rie de s\u00e9ances d\u2019apprentissage num\u00e9rique interactif \u00e0 l\u2019intention des chercheurs qui souhaitent perfectionner leurs aptitudes d\u2019application des connaissances (AC). Ce programme comporte trois webinaires principaux ax\u00e9s sur des aptitudes d\u2019AC particuli\u00e8res\u00a0: la formulation efficace des r\u00e9sultats de recherches, la pr\u00e9paration de bilans d\u2019options politiques fond\u00e9s sur les r\u00e9sultats de recherches et la pr\u00e9sentation d\u2019expos\u00e9s \u00e0 des intervenants politiques.<\/p>\n\n\n\n<p>Lors du dernier volet de ce programme, les participants ont l\u2019occasion d\u2019animer leur propre webinaire avec des intervenants politiques et de mettre en pratique les outils qu\u2019ils ont acquis. En donnant aux chercheurs la possibilit\u00e9 de pr\u00e9senter directement leur travail \u00e0 des d\u00e9cideurs, nous esp\u00e9rons faciliter la prise de d\u00e9cisions \u00e9clair\u00e9es par des donn\u00e9es probantes concernant le vieillissement et les technologies connexes.<\/p>\n\n\n\n<p>Pour vous inscrire au cours, veuillez envoyer un courriel \u00e0 : <a href=\"mailto:daniel.smiley@dal.ca\">daniel.smiley@dal.ca<\/a><\/p>\n\n\n\n<div style=\"height:32px\" aria-hidden=\"true\" class=\"wp-block-spacer\"><\/div>\n","protected":false},"excerpt":{"rendered":"<p>Le Centre PROPRAVIT stimule la capacit\u00e9 d\u2019innovation dans le cadre des politiques et des pratiques li\u00e9es au vieillissement en offrant aux chercheurs et aux d\u00e9cideurs des possibilit\u00e9s de d\u00e9veloppement susceptibles [&hellip;]<\/p>\n","protected":false},"author":1,"featured_media":0,"parent":0,"menu_order":3,"comment_status":"closed","ping_status":"closed","template":"","meta":{"_acf_changed":false,"inline_featured_image":false,"_monsterinsights_skip_tracking":false,"_monsterinsights_sitenote_active":false,"_monsterinsights_sitenote_note":"","_monsterinsights_sitenote_category":0,"footnotes":""},"class_list":["post-4435","page","type-page","status-publish","hentry"],"acf":[],"aioseo_notices":[],"_links":{"self":[{"href":"https:\/\/agewell-nih-appta.ca\/fr\/wp-json\/wp\/v2\/pages\/4435","targetHints":{"allow":["GET"]}}],"collection":[{"href":"https:\/\/agewell-nih-appta.ca\/fr\/wp-json\/wp\/v2\/pages"}],"about":[{"href":"https:\/\/agewell-nih-appta.ca\/fr\/wp-json\/wp\/v2\/types\/page"}],"author":[{"embeddable":true,"href":"https:\/\/agewell-nih-appta.ca\/fr\/wp-json\/wp\/v2\/users\/1"}],"replies":[{"embeddable":true,"href":"https:\/\/agewell-nih-appta.ca\/fr\/wp-json\/wp\/v2\/comments?post=4435"}],"version-history":[{"count":2,"href":"https:\/\/agewell-nih-appta.ca\/fr\/wp-json\/wp\/v2\/pages\/4435\/revisions"}],"predecessor-version":[{"id":5653,"href":"https:\/\/agewell-nih-appta.ca\/fr\/wp-json\/wp\/v2\/pages\/4435\/revisions\/5653"}],"wp:attachment":[{"href":"https:\/\/agewell-nih-appta.ca\/fr\/wp-json\/wp\/v2\/media?parent=4435"}],"curies":[{"name":"wp","href":"https:\/\/api.w.org\/{rel}","templated":true}]}}