{"id":4387,"date":"2023-11-27T20:44:44","date_gmt":"2023-11-27T23:44:44","guid":{"rendered":"https:\/\/agewell-nih-appta.ca\/?page_id=4387"},"modified":"2023-11-27T20:47:20","modified_gmt":"2023-11-27T23:47:20","slug":"profils-juridictionnels","status":"publish","type":"page","link":"https:\/\/agewell-nih-appta.ca\/fr\/profils-juridictionnels\/","title":{"rendered":"PROFILS JURIDICTIONNELS"},"content":{"rendered":"\n<div style=\"height:20px\" aria-hidden=\"true\" class=\"wp-block-spacer\"><\/div>\n\n\n\n<p><span lang=\"FR-CA\" style=\"font-size: 11.5pt; line-height: 115%; font-family: Roboto; color: rgb(85, 87, 89); background-image: initial; background-position: initial; background-size: initial; background-repeat: initial; background-attachment: initial; background-origin: initial; background-clip: initial;\">Ces profils pr\u00e9sentent les structures de gouvernance, les programmes, les services et les cadres juridiques offerts pour aider les Canadiens \u00e2g\u00e9s de chaque province ou territoire. Ces documents<\/span><b><span lang=\"FR-CA\" style=\"font-size: 11.5pt; line-height: 115%; font-family: Roboto; color: rgb(85, 87, 89); background-image: initial; background-position: initial; background-size: initial; background-repeat: initial; background-attachment: initial; background-origin: initial; background-clip: initial;\"> <\/span><\/b><span lang=\"FR-CA\" style=\"font-size: 11.5pt; line-height: 115%; font-family: Roboto; color: rgb(85, 87, 89); background-image: initial; background-position: initial; background-size: initial; background-repeat: initial; background-attachment: initial; background-origin: initial; background-clip: initial;\">dynamiques seront mis \u00e0 jour p\u00e9riodiquement pour refl\u00e9ter les derniers renseignements disponibles.<\/span><\/p>\n\n\n\n<div style=\"height:32px\" aria-hidden=\"true\" class=\"wp-block-spacer\"><\/div>\n\n\n\n<div style=\"height:20px\" aria-hidden=\"true\" class=\"wp-block-spacer\"><\/div>\n\n\n\n<hr class=\"wp-block-separator has-alpha-channel-opacity\"\/>\n\n\n\n<h1 class=\"wp-block-heading\" id=\"InfosheetsAnchor\"><strong>Fiches informatives<\/strong><\/h1>\n\n\n\n<div style=\"height:29px\" aria-hidden=\"true\" class=\"wp-block-spacer\"><\/div>\n\n\n\n<p>Ces fiches informatives, qui offrent un aper\u00e7u de diff\u00e9rents th\u00e8mes touchant les Canadiens \u00e2g\u00e9s, servent d\u2019outils de r\u00e9f\u00e9rence rapide.<\/p>\n\n\n\n<div class=\"wp-block-columns is-layout-flex wp-container-core-columns-is-layout-1 wp-block-columns-is-layout-flex\">\n<div class=\"wp-block-column is-layout-flow wp-block-column-is-layout-flow\">\n<figure class=\"wp-block-image\"><a href=\"https:\/\/agewell-nih-appta.ca\/wp-content\/uploads\/2020\/10\/Agewell-VirtualHealthcareSolutions1Pager-FRE.pdf\"><img loading=\"lazy\" decoding=\"async\" width=\"805\" height=\"1024\" src=\"https:\/\/agewell-nih-appta.ca\/wp-content\/uploads\/2020\/10\/Screen-Shot-2020-10-07-at-3.32.43-PM-805x1024.png\" alt=\"\" class=\"wp-image-2272\" srcset=\"https:\/\/agewell-nih-appta.ca\/wp-content\/uploads\/2020\/10\/Screen-Shot-2020-10-07-at-3.32.43-PM-805x1024.png 805w, https:\/\/agewell-nih-appta.ca\/wp-content\/uploads\/2020\/10\/Screen-Shot-2020-10-07-at-3.32.43-PM-236x300.png 236w, https:\/\/agewell-nih-appta.ca\/wp-content\/uploads\/2020\/10\/Screen-Shot-2020-10-07-at-3.32.43-PM-768x976.png 768w, https:\/\/agewell-nih-appta.ca\/wp-content\/uploads\/2020\/10\/Screen-Shot-2020-10-07-at-3.32.43-PM.png 840w\" sizes=\"auto, (max-width: 805px) 100vw, 805px\" \/><\/a><\/figure>\n<\/div>\n\n\n\n<div class=\"wp-block-column is-layout-flow wp-block-column-is-layout-flow\">\n<figure class=\"wp-block-image\"><a href=\"https:\/\/agewell-nih-appta.ca\/wp-content\/uploads\/2021\/01\/Agewell-MomentumMatters-Infographic-FRE-Web.pdf\"><img loading=\"lazy\" decoding=\"async\" width=\"604\" height=\"710\" src=\"https:\/\/agewell-nih-appta.ca\/wp-content\/uploads\/2021\/01\/Screen-Shot-2021-01-20-at-11.55.53-AM.png\" alt=\"\" class=\"wp-image-2635\" srcset=\"https:\/\/agewell-nih-appta.ca\/wp-content\/uploads\/2021\/01\/Screen-Shot-2021-01-20-at-11.55.53-AM.png 604w, https:\/\/agewell-nih-appta.ca\/wp-content\/uploads\/2021\/01\/Screen-Shot-2021-01-20-at-11.55.53-AM-255x300.png 255w\" sizes=\"auto, (max-width: 604px) 100vw, 604px\" \/><\/a><\/figure>\n<\/div>\n\n\n\n<div class=\"wp-block-column is-layout-flow wp-block-column-is-layout-flow\"><\/div>\n<\/div>\n","protected":false},"excerpt":{"rendered":"<p>Ces profils pr\u00e9sentent les structures de gouvernance, les programmes, les services et les cadres juridiques offerts pour aider les Canadiens \u00e2g\u00e9s de chaque province ou territoire. Ces documents dynamiques seront [&hellip;]<\/p>\n","protected":false},"author":1,"featured_media":0,"parent":0,"menu_order":3,"comment_status":"closed","ping_status":"closed","template":"","meta":{"_acf_changed":false,"inline_featured_image":false,"_monsterinsights_skip_tracking":false,"_monsterinsights_sitenote_active":false,"_monsterinsights_sitenote_note":"","_monsterinsights_sitenote_category":0,"footnotes":""},"class_list":["post-4387","page","type-page","status-publish","hentry"],"acf":[],"aioseo_notices":[],"_links":{"self":[{"href":"https:\/\/agewell-nih-appta.ca\/fr\/wp-json\/wp\/v2\/pages\/4387","targetHints":{"allow":["GET"]}}],"collection":[{"href":"https:\/\/agewell-nih-appta.ca\/fr\/wp-json\/wp\/v2\/pages"}],"about":[{"href":"https:\/\/agewell-nih-appta.ca\/fr\/wp-json\/wp\/v2\/types\/page"}],"author":[{"embeddable":true,"href":"https:\/\/agewell-nih-appta.ca\/fr\/wp-json\/wp\/v2\/users\/1"}],"replies":[{"embeddable":true,"href":"https:\/\/agewell-nih-appta.ca\/fr\/wp-json\/wp\/v2\/comments?post=4387"}],"version-history":[{"count":4,"href":"https:\/\/agewell-nih-appta.ca\/fr\/wp-json\/wp\/v2\/pages\/4387\/revisions"}],"predecessor-version":[{"id":5638,"href":"https:\/\/agewell-nih-appta.ca\/fr\/wp-json\/wp\/v2\/pages\/4387\/revisions\/5638"}],"wp:attachment":[{"href":"https:\/\/agewell-nih-appta.ca\/fr\/wp-json\/wp\/v2\/media?parent=4387"}],"curies":[{"name":"wp","href":"https:\/\/api.w.org\/{rel}","templated":true}]}}