{"id":4332,"date":"2023-11-27T20:10:38","date_gmt":"2023-11-27T23:10:38","guid":{"rendered":"https:\/\/agewell-nih-appta.ca\/?page_id=4332"},"modified":"2023-11-27T20:28:58","modified_gmt":"2023-11-27T23:28:58","slug":"analyses-interjuridictionnelles","status":"publish","type":"page","link":"https:\/\/agewell-nih-appta.ca\/fr\/analyses-interjuridictionnelles\/","title":{"rendered":"ANALYSES INTERJURIDICTIONNELLES"},"content":{"rendered":"\n<div style=\"height:20px\" aria-hidden=\"true\" class=\"wp-block-spacer\"><\/div>\n\n\n\n<p>Dans le cadre de ses activit\u00e9s d\u2019application des connaissances, le centre POPRAVIT pr\u00e9pare des analyses interjuridictionnelles sur un certain nombre de th\u00e8mes. Ax\u00e9es sur un th\u00e8me pr\u00e9cis, ces analyses portent sur les r\u00e8glements, les politiques et les pratiques des gouvernements en vigueur dans chaque r\u00e9gion. Ces documents peuvent faciliter l\u2019\u00e9laboration des politiques et la conception des programmes afin de permettre aux d\u00e9cideurs de tirer des parall\u00e8les entre leur travail et celui de leurs homologues de provinces ou de territoires comparables.<\/p>\n\n\n\n<div class=\"wp-block-columns is-layout-flex wp-container-core-columns-is-layout-1 wp-block-columns-is-layout-flex\">\n<div class=\"wp-block-column is-layout-flow wp-block-column-is-layout-flow\">\n<figure class=\"wp-block-image\"><a href=\"https:\/\/agewell-nih-appta.ca\/wp-content\/uploads\/2020\/12\/FR-Social-Tech.pdf\"><img loading=\"lazy\" decoding=\"async\" width=\"791\" height=\"1024\" src=\"https:\/\/agewell-nih-appta.ca\/wp-content\/uploads\/2019\/07\/Screen-Shot-2019-07-30-at-2.03.26-PM-791x1024.png\" alt=\"\" class=\"wp-image-1547\" srcset=\"https:\/\/agewell-nih-appta.ca\/wp-content\/uploads\/2019\/07\/Screen-Shot-2019-07-30-at-2.03.26-PM-791x1024.png 791w, https:\/\/agewell-nih-appta.ca\/wp-content\/uploads\/2019\/07\/Screen-Shot-2019-07-30-at-2.03.26-PM-232x300.png 232w, https:\/\/agewell-nih-appta.ca\/wp-content\/uploads\/2019\/07\/Screen-Shot-2019-07-30-at-2.03.26-PM-768x995.png 768w, https:\/\/agewell-nih-appta.ca\/wp-content\/uploads\/2019\/07\/Screen-Shot-2019-07-30-at-2.03.26-PM.png 834w\" sizes=\"auto, (max-width: 791px) 100vw, 791px\" \/><\/a><\/figure>\n<\/div>\n\n\n\n<div class=\"wp-block-column is-layout-flow wp-block-column-is-layout-flow\">\n<figure class=\"wp-block-image\"><a href=\"https:\/\/agewell-nih-appta.ca\/wp-content\/uploads\/2020\/12\/FR-Student-Loan-Rebates.pdf\"><img loading=\"lazy\" decoding=\"async\" width=\"788\" height=\"1024\" src=\"https:\/\/agewell-nih-appta.ca\/wp-content\/uploads\/2019\/07\/Screen-Shot-2019-07-29-at-9.45.59-AM-788x1024.png\" alt=\"\" class=\"wp-image-1545\" srcset=\"https:\/\/agewell-nih-appta.ca\/wp-content\/uploads\/2019\/07\/Screen-Shot-2019-07-29-at-9.45.59-AM-788x1024.png 788w, https:\/\/agewell-nih-appta.ca\/wp-content\/uploads\/2019\/07\/Screen-Shot-2019-07-29-at-9.45.59-AM-231x300.png 231w, https:\/\/agewell-nih-appta.ca\/wp-content\/uploads\/2019\/07\/Screen-Shot-2019-07-29-at-9.45.59-AM-768x998.png 768w, https:\/\/agewell-nih-appta.ca\/wp-content\/uploads\/2019\/07\/Screen-Shot-2019-07-29-at-9.45.59-AM.png 831w\" sizes=\"auto, (max-width: 788px) 100vw, 788px\" \/><\/a><\/figure>\n<\/div>\n\n\n\n<div class=\"wp-block-column is-layout-flow wp-block-column-is-layout-flow\">\n<figure class=\"wp-block-image\"><a href=\"https:\/\/agewell-nih-appta.ca\/wp-content\/uploads\/2021\/01\/FR-Government-Support-for-Unpaid-Caregivers.pdf\"><img loading=\"lazy\" decoding=\"async\" width=\"468\" height=\"604\" src=\"https:\/\/agewell-nih-appta.ca\/wp-content\/uploads\/2021\/01\/Screen-Shot-2021-01-18-at-3.29.42-PM-1.png\" alt=\"\" class=\"wp-image-2611\" srcset=\"https:\/\/agewell-nih-appta.ca\/wp-content\/uploads\/2021\/01\/Screen-Shot-2021-01-18-at-3.29.42-PM-1.png 468w, https:\/\/agewell-nih-appta.ca\/wp-content\/uploads\/2021\/01\/Screen-Shot-2021-01-18-at-3.29.42-PM-1-232x300.png 232w\" sizes=\"auto, (max-width: 468px) 100vw, 468px\" \/><\/a><\/figure>\n<\/div>\n<\/div>\n\n\n\n<div class=\"wp-block-columns is-layout-flex wp-container-core-columns-is-layout-2 wp-block-columns-is-layout-flex\">\n<div class=\"wp-block-column is-layout-flow wp-block-column-is-layout-flow\">\n<figure class=\"wp-block-image\"><a href=\"https:\/\/agewell-nih-appta.ca\/wp-content\/uploads\/2022\/04\/Jscan_2022_03_fr.pdf\"><img loading=\"lazy\" decoding=\"async\" width=\"791\" height=\"1024\" src=\"https:\/\/agewell-nih-appta.ca\/wp-content\/uploads\/2022\/04\/Jscan_2022_03_fr-1-1-791x1024.png\" alt=\"\" class=\"wp-image-3705\" srcset=\"https:\/\/agewell-nih-appta.ca\/wp-content\/uploads\/2022\/04\/Jscan_2022_03_fr-1-1-791x1024.png 791w, https:\/\/agewell-nih-appta.ca\/wp-content\/uploads\/2022\/04\/Jscan_2022_03_fr-1-1-232x300.png 232w, https:\/\/agewell-nih-appta.ca\/wp-content\/uploads\/2022\/04\/Jscan_2022_03_fr-1-1-768x994.png 768w, https:\/\/agewell-nih-appta.ca\/wp-content\/uploads\/2022\/04\/Jscan_2022_03_fr-1-1.png 835w\" sizes=\"auto, (max-width: 791px) 100vw, 791px\" \/><\/a><\/figure>\n<\/div>\n\n\n\n<div class=\"wp-block-column is-layout-flow wp-block-column-is-layout-flow\"><\/div>\n\n\n\n<div class=\"wp-block-column is-layout-flow wp-block-column-is-layout-flow\"><\/div>\n<\/div>\n","protected":false},"excerpt":{"rendered":"<p>Dans le cadre de ses activit\u00e9s d\u2019application des connaissances, le centre POPRAVIT pr\u00e9pare des analyses interjuridictionnelles sur un certain nombre de th\u00e8mes. Ax\u00e9es sur un th\u00e8me pr\u00e9cis, ces analyses portent [&hellip;]<\/p>\n","protected":false},"author":1,"featured_media":0,"parent":0,"menu_order":3,"comment_status":"closed","ping_status":"closed","template":"","meta":{"_acf_changed":false,"inline_featured_image":false,"_monsterinsights_skip_tracking":false,"_monsterinsights_sitenote_active":false,"_monsterinsights_sitenote_note":"","_monsterinsights_sitenote_category":0,"footnotes":""},"class_list":["post-4332","page","type-page","status-publish","hentry"],"acf":[],"aioseo_notices":[],"_links":{"self":[{"href":"https:\/\/agewell-nih-appta.ca\/fr\/wp-json\/wp\/v2\/pages\/4332","targetHints":{"allow":["GET"]}}],"collection":[{"href":"https:\/\/agewell-nih-appta.ca\/fr\/wp-json\/wp\/v2\/pages"}],"about":[{"href":"https:\/\/agewell-nih-appta.ca\/fr\/wp-json\/wp\/v2\/types\/page"}],"author":[{"embeddable":true,"href":"https:\/\/agewell-nih-appta.ca\/fr\/wp-json\/wp\/v2\/users\/1"}],"replies":[{"embeddable":true,"href":"https:\/\/agewell-nih-appta.ca\/fr\/wp-json\/wp\/v2\/comments?post=4332"}],"version-history":[{"count":4,"href":"https:\/\/agewell-nih-appta.ca\/fr\/wp-json\/wp\/v2\/pages\/4332\/revisions"}],"predecessor-version":[{"id":5632,"href":"https:\/\/agewell-nih-appta.ca\/fr\/wp-json\/wp\/v2\/pages\/4332\/revisions\/5632"}],"wp:attachment":[{"href":"https:\/\/agewell-nih-appta.ca\/fr\/wp-json\/wp\/v2\/media?parent=4332"}],"curies":[{"name":"wp","href":"https:\/\/api.w.org\/{rel}","templated":true}]}}