{"id":4316,"date":"2023-11-20T21:01:39","date_gmt":"2023-11-21T00:01:39","guid":{"rendered":"https:\/\/agewell-nih-appta.ca\/?page_id=4316"},"modified":"2025-05-13T14:17:33","modified_gmt":"2025-05-13T17:17:33","slug":"syntheses-de-donnees-probantes","status":"publish","type":"page","link":"https:\/\/agewell-nih-appta.ca\/fr\/syntheses-de-donnees-probantes\/","title":{"rendered":"SYNTH\u00c8SES DE DONN\u00c9ES PROBANTES"},"content":{"rendered":"\n<div style=\"height:20px\" aria-hidden=\"true\" class=\"wp-block-spacer\"><\/div>\n\n\n\n<p>Dans le cadre de ses activit\u00e9s d\u2019application des connaissances, le centre POPRAVIT pr\u00e9pare des synth\u00e8ses de donn\u00e9es probantes sur un certain nombre de th\u00e8mes. Ces synth\u00e8ses, qui regroupent les r\u00e9sultats de recherches issus d\u2019articles et de programmes examin\u00e9s par des pairs de l\u2019ensemble du Canada, constituent une ressource concise et facilement assimilable \u00e0 l\u2019intention des travailleurs de la sant\u00e9, des d\u00e9cideurs et des personnes \u00e2g\u00e9es.<\/p>\n\n\n\n<div style=\"height:20px\" aria-hidden=\"true\" class=\"wp-block-spacer\"><\/div>\n\n\n\n<div class=\"wp-block-columns is-layout-flex wp-container-core-columns-is-layout-1 wp-block-columns-is-layout-flex\">\n<div class=\"wp-block-column is-layout-flow wp-block-column-is-layout-flow\">\n<figure class=\"wp-block-image\"><a href=\"https:\/\/agewell-nih-appta.ca\/wp-content\/uploads\/2020\/12\/FR-Barriers-to-the-adoption-of-tech_.pdf\"><img loading=\"lazy\" decoding=\"async\" width=\"790\" height=\"1024\" src=\"https:\/\/agewell-nih-appta.ca\/wp-content\/uploads\/2019\/07\/Screen-Shot-2019-07-30-at-2.02.31-PM-1-790x1024.png\" alt=\"\" class=\"wp-image-1535\" srcset=\"https:\/\/agewell-nih-appta.ca\/wp-content\/uploads\/2019\/07\/Screen-Shot-2019-07-30-at-2.02.31-PM-1-790x1024.png 790w, https:\/\/agewell-nih-appta.ca\/wp-content\/uploads\/2019\/07\/Screen-Shot-2019-07-30-at-2.02.31-PM-1-231x300.png 231w, https:\/\/agewell-nih-appta.ca\/wp-content\/uploads\/2019\/07\/Screen-Shot-2019-07-30-at-2.02.31-PM-1-768x996.png 768w, https:\/\/agewell-nih-appta.ca\/wp-content\/uploads\/2019\/07\/Screen-Shot-2019-07-30-at-2.02.31-PM-1.png 833w\" sizes=\"auto, (max-width: 790px) 100vw, 790px\" \/><\/a><figcaption class=\"wp-element-caption\"><a aria-label=\"\ufffc (opens in a new tab)\" href=\"https:\/\/agewell-nih-appta.ca\/wp-content\/uploads\/2020\/12\/FR-Barriers-to-the-adoption-of-tech_.pdf\" target=\"_blank\" rel=\"noreferrer noopener\"><\/a><\/figcaption><\/figure>\n<\/div>\n\n\n\n<div class=\"wp-block-column is-layout-flow wp-block-column-is-layout-flow\">\n<figure class=\"wp-block-image\"><a href=\"https:\/\/agewell-nih-appta.ca\/wp-content\/uploads\/2020\/12\/FR-Tech-and-Social-Isolation.pdf\"><img loading=\"lazy\" decoding=\"async\" width=\"791\" height=\"1024\" src=\"https:\/\/agewell-nih-appta.ca\/wp-content\/uploads\/2019\/07\/Screen-Shot-2019-07-30-at-2.03.10-PM-2-791x1024.png\" alt=\"\" class=\"wp-image-1541\" srcset=\"https:\/\/agewell-nih-appta.ca\/wp-content\/uploads\/2019\/07\/Screen-Shot-2019-07-30-at-2.03.10-PM-2-791x1024.png 791w, https:\/\/agewell-nih-appta.ca\/wp-content\/uploads\/2019\/07\/Screen-Shot-2019-07-30-at-2.03.10-PM-2-232x300.png 232w, https:\/\/agewell-nih-appta.ca\/wp-content\/uploads\/2019\/07\/Screen-Shot-2019-07-30-at-2.03.10-PM-2-768x994.png 768w, https:\/\/agewell-nih-appta.ca\/wp-content\/uploads\/2019\/07\/Screen-Shot-2019-07-30-at-2.03.10-PM-2.png 835w\" sizes=\"auto, (max-width: 791px) 100vw, 791px\" \/><\/a><figcaption class=\"wp-element-caption\"><a aria-label=\"\ufffc (opens in a new tab)\" href=\"https:\/\/agewell-nih-appta.ca\/wp-content\/uploads\/2020\/12\/FR-Tech-and-Social-Isolation.pdf\" target=\"_blank\" rel=\"noreferrer noopener\"><\/a><\/figcaption><\/figure>\n<\/div>\n\n\n\n<div class=\"wp-block-column is-layout-flow wp-block-column-is-layout-flow\">\n<figure class=\"wp-block-image\"><a href=\"https:\/\/agewell-nih-appta.ca\/wp-content\/uploads\/2020\/12\/FR-Intergenerational-Programs.pdf\"><img loading=\"lazy\" decoding=\"async\" width=\"788\" height=\"1024\" src=\"https:\/\/agewell-nih-appta.ca\/wp-content\/uploads\/2019\/07\/Screen-Shot-2019-07-30-at-2.03.46-PM-1-788x1024.png\" alt=\"\" class=\"wp-image-1539\" srcset=\"https:\/\/agewell-nih-appta.ca\/wp-content\/uploads\/2019\/07\/Screen-Shot-2019-07-30-at-2.03.46-PM-1-788x1024.png 788w, https:\/\/agewell-nih-appta.ca\/wp-content\/uploads\/2019\/07\/Screen-Shot-2019-07-30-at-2.03.46-PM-1-231x300.png 231w, https:\/\/agewell-nih-appta.ca\/wp-content\/uploads\/2019\/07\/Screen-Shot-2019-07-30-at-2.03.46-PM-1-768x998.png 768w, https:\/\/agewell-nih-appta.ca\/wp-content\/uploads\/2019\/07\/Screen-Shot-2019-07-30-at-2.03.46-PM-1.png 831w\" sizes=\"auto, (max-width: 788px) 100vw, 788px\" \/><\/a><figcaption class=\"wp-element-caption\"><a aria-label=\"\ufffc (opens in a new tab)\" href=\"https:\/\/agewell-nih-appta.ca\/wp-content\/uploads\/2020\/12\/FR-Intergenerational-Programs.pdf\" target=\"_blank\" rel=\"noreferrer noopener\"><\/a><\/figcaption><\/figure>\n<\/div>\n<\/div>\n\n\n\n<div class=\"wp-block-columns is-layout-flex wp-container-core-columns-is-layout-2 wp-block-columns-is-layout-flex\">\n<div class=\"wp-block-column is-layout-flow wp-block-column-is-layout-flow\">\n<figure class=\"wp-block-image\"><a href=\"https:\/\/agewell-nih-appta.ca\/wp-content\/uploads\/2020\/12\/FR-Evidence-Summary-tax-incentive.pdf\"><img loading=\"lazy\" decoding=\"async\" width=\"791\" height=\"1024\" src=\"https:\/\/agewell-nih-appta.ca\/wp-content\/uploads\/2019\/07\/Screen-Shot-2019-07-30-at-2.02.16-PM-1-791x1024.png\" alt=\"\" class=\"wp-image-1533\" srcset=\"https:\/\/agewell-nih-appta.ca\/wp-content\/uploads\/2019\/07\/Screen-Shot-2019-07-30-at-2.02.16-PM-1-791x1024.png 791w, https:\/\/agewell-nih-appta.ca\/wp-content\/uploads\/2019\/07\/Screen-Shot-2019-07-30-at-2.02.16-PM-1-232x300.png 232w, https:\/\/agewell-nih-appta.ca\/wp-content\/uploads\/2019\/07\/Screen-Shot-2019-07-30-at-2.02.16-PM-1-768x995.png 768w, https:\/\/agewell-nih-appta.ca\/wp-content\/uploads\/2019\/07\/Screen-Shot-2019-07-30-at-2.02.16-PM-1.png 834w\" sizes=\"auto, (max-width: 791px) 100vw, 791px\" \/><\/a><figcaption class=\"wp-element-caption\"><a aria-label=\"\ufffc (opens in a new tab)\" href=\"https:\/\/agewell-nih-appta.ca\/wp-content\/uploads\/2020\/12\/FR-Evidence-Summary-tax-incentive.pdf\" target=\"_blank\" rel=\"noreferrer noopener\"><\/a><\/figcaption><\/figure>\n<\/div>\n\n\n\n<div class=\"wp-block-column is-layout-flow wp-block-column-is-layout-flow\">\n<figure class=\"wp-block-image\"><a href=\"https:\/\/agewell-nih-appta.ca\/wp-content\/uploads\/2020\/12\/FR-Housing-Evidence.pdf\"><img loading=\"lazy\" decoding=\"async\" width=\"791\" height=\"1024\" src=\"https:\/\/agewell-nih-appta.ca\/wp-content\/uploads\/2020\/08\/Screen-Shot-2020-08-06-at-10.54.57-AM-791x1024.png\" alt=\"\" class=\"wp-image-2213\" srcset=\"https:\/\/agewell-nih-appta.ca\/wp-content\/uploads\/2020\/08\/Screen-Shot-2020-08-06-at-10.54.57-AM-791x1024.png 791w, https:\/\/agewell-nih-appta.ca\/wp-content\/uploads\/2020\/08\/Screen-Shot-2020-08-06-at-10.54.57-AM-232x300.png 232w, https:\/\/agewell-nih-appta.ca\/wp-content\/uploads\/2020\/08\/Screen-Shot-2020-08-06-at-10.54.57-AM-768x994.png 768w, https:\/\/agewell-nih-appta.ca\/wp-content\/uploads\/2020\/08\/Screen-Shot-2020-08-06-at-10.54.57-AM.png 1072w\" sizes=\"auto, (max-width: 791px) 100vw, 791px\" \/><\/a><figcaption class=\"wp-element-caption\"><a aria-label=\"\ufffc (opens in a new tab)\" href=\"https:\/\/agewell-nih-appta.ca\/wp-content\/uploads\/2020\/12\/FR-Housing-Evidence.pdf\" target=\"_blank\" rel=\"noreferrer noopener\"><\/a><\/figcaption><\/figure>\n<\/div>\n\n\n\n<div class=\"wp-block-column is-layout-flow wp-block-column-is-layout-flow\">\n<figure class=\"wp-block-image\"><a href=\"https:\/\/agewell-nih-appta.ca\/wp-content\/uploads\/2020\/12\/FR-Home-Support-Services-1.pdf\"><img loading=\"lazy\" decoding=\"async\" width=\"787\" height=\"1024\" src=\"https:\/\/agewell-nih-appta.ca\/wp-content\/uploads\/2020\/08\/Screen-Shot-2020-08-06-at-10.55.21-AM-787x1024.png\" alt=\"\" class=\"wp-image-2211\" srcset=\"https:\/\/agewell-nih-appta.ca\/wp-content\/uploads\/2020\/08\/Screen-Shot-2020-08-06-at-10.55.21-AM-787x1024.png 787w, https:\/\/agewell-nih-appta.ca\/wp-content\/uploads\/2020\/08\/Screen-Shot-2020-08-06-at-10.55.21-AM-231x300.png 231w, https:\/\/agewell-nih-appta.ca\/wp-content\/uploads\/2020\/08\/Screen-Shot-2020-08-06-at-10.55.21-AM-768x999.png 768w, https:\/\/agewell-nih-appta.ca\/wp-content\/uploads\/2020\/08\/Screen-Shot-2020-08-06-at-10.55.21-AM.png 1072w\" sizes=\"auto, (max-width: 787px) 100vw, 787px\" \/><\/a><figcaption class=\"wp-element-caption\"><a aria-label=\"\ufffc (opens in a new tab)\" href=\"https:\/\/agewell-nih-appta.ca\/wp-content\/uploads\/2020\/12\/FR-Home-Support-Services-1.pdf\" target=\"_blank\" rel=\"noreferrer noopener\"><\/a><\/figcaption><\/figure>\n<\/div>\n<\/div>\n\n\n\n<div class=\"wp-block-columns is-layout-flex wp-container-core-columns-is-layout-3 wp-block-columns-is-layout-flex\">\n<div class=\"wp-block-column is-layout-flow wp-block-column-is-layout-flow\">\n<figure class=\"wp-block-image\"><a href=\"https:\/\/agewell-nih-appta.ca\/wp-content\/uploads\/2020\/12\/FR-Policies-and-Barriers-.pdf\"><img loading=\"lazy\" decoding=\"async\" width=\"786\" height=\"1024\" src=\"https:\/\/agewell-nih-appta.ca\/wp-content\/uploads\/2020\/10\/Screen-Shot-2020-10-15-at-2.38.42-PM-3-786x1024.png\" alt=\"\" class=\"wp-image-2306\" srcset=\"https:\/\/agewell-nih-appta.ca\/wp-content\/uploads\/2020\/10\/Screen-Shot-2020-10-15-at-2.38.42-PM-3-786x1024.png 786w, https:\/\/agewell-nih-appta.ca\/wp-content\/uploads\/2020\/10\/Screen-Shot-2020-10-15-at-2.38.42-PM-3-230x300.png 230w, https:\/\/agewell-nih-appta.ca\/wp-content\/uploads\/2020\/10\/Screen-Shot-2020-10-15-at-2.38.42-PM-3-768x1000.png 768w, https:\/\/agewell-nih-appta.ca\/wp-content\/uploads\/2020\/10\/Screen-Shot-2020-10-15-at-2.38.42-PM-3.png 829w\" sizes=\"auto, (max-width: 786px) 100vw, 786px\" \/><\/a><figcaption class=\"wp-element-caption\"><a aria-label=\"\ufffc (opens in a new tab)\" href=\"https:\/\/agewell-nih-appta.ca\/wp-content\/uploads\/2020\/12\/FR-Policies-and-Barriers-.pdf\" target=\"_blank\" rel=\"noreferrer noopener\"><\/a><\/figcaption><\/figure>\n<\/div>\n\n\n\n<div class=\"wp-block-column is-layout-flow wp-block-column-is-layout-flow\">\n<figure class=\"wp-block-image\"><a href=\"https:\/\/agewell-nih-appta.ca\/wp-content\/uploads\/2021\/04\/ENG-Virtual-Consultations_Final.pdf\"><img loading=\"lazy\" decoding=\"async\" width=\"409\" height=\"527\" src=\"https:\/\/agewell-nih-appta.ca\/wp-content\/uploads\/2020\/11\/Screen-Shot-2020-11-27-at-12.52.40-PM-7.png\" alt=\"\" class=\"wp-image-2395\" srcset=\"https:\/\/agewell-nih-appta.ca\/wp-content\/uploads\/2020\/11\/Screen-Shot-2020-11-27-at-12.52.40-PM-7.png 409w, https:\/\/agewell-nih-appta.ca\/wp-content\/uploads\/2020\/11\/Screen-Shot-2020-11-27-at-12.52.40-PM-7-233x300.png 233w\" sizes=\"auto, (max-width: 409px) 100vw, 409px\" \/><\/a><figcaption class=\"wp-element-caption\"><a aria-label=\"\ufffc (opens in a new tab)\" href=\"https:\/\/agewell-nih-appta.ca\/wp-content\/uploads\/2021\/04\/ENG-Virtual-Consultations_Final.pdf\" target=\"_blank\" rel=\"noreferrer noopener\"><\/a><\/figcaption><\/figure>\n<\/div>\n\n\n\n<div class=\"wp-block-column is-layout-flow wp-block-column-is-layout-flow\">\n<figure class=\"wp-block-image\"><a href=\"https:\/\/agewell-nih-appta.ca\/wp-content\/uploads\/2021\/01\/FR-The-Benefits-and-Challenges-of-Virtual-Geriatric-Care-in-New-Brunswick.pdf\"><img loading=\"lazy\" decoding=\"async\" width=\"468\" height=\"602\" src=\"https:\/\/agewell-nih-appta.ca\/wp-content\/uploads\/2021\/01\/Screen-Shot-2021-01-12-at-2.23.01-PM.png\" alt=\"\" class=\"wp-image-2589\" srcset=\"https:\/\/agewell-nih-appta.ca\/wp-content\/uploads\/2021\/01\/Screen-Shot-2021-01-12-at-2.23.01-PM.png 468w, https:\/\/agewell-nih-appta.ca\/wp-content\/uploads\/2021\/01\/Screen-Shot-2021-01-12-at-2.23.01-PM-233x300.png 233w\" sizes=\"auto, (max-width: 468px) 100vw, 468px\" \/><\/a><figcaption class=\"wp-element-caption\"><a href=\"https:\/\/agewell-nih-appta.ca\/wp-content\/uploads\/2021\/01\/FR-The-Benefits-and-Challenges-of-Virtual-Geriatric-Care-in-New-Brunswick.pdf\"><\/a><\/figcaption><\/figure>\n<\/div>\n<\/div>\n\n\n\n<div class=\"wp-block-columns is-layout-flex wp-container-core-columns-is-layout-4 wp-block-columns-is-layout-flex\">\n<div class=\"wp-block-column is-layout-flow wp-block-column-is-layout-flow\">\n<figure class=\"wp-block-image\"><a href=\"https:\/\/agewell-nih-appta.ca\/wp-content\/uploads\/2021\/04\/FR-Consumer-Directed-Care-Model-of-Home-Care-1.pdf\"><img loading=\"lazy\" decoding=\"async\" width=\"467\" height=\"604\" src=\"https:\/\/agewell-nih-appta.ca\/wp-content\/uploads\/2021\/02\/Screen-Shot-2021-02-23-at-8.04.36-AM.png\" alt=\"\" class=\"wp-image-2688\" srcset=\"https:\/\/agewell-nih-appta.ca\/wp-content\/uploads\/2021\/02\/Screen-Shot-2021-02-23-at-8.04.36-AM.png 467w, https:\/\/agewell-nih-appta.ca\/wp-content\/uploads\/2021\/02\/Screen-Shot-2021-02-23-at-8.04.36-AM-232x300.png 232w\" sizes=\"auto, (max-width: 467px) 100vw, 467px\" \/><\/a><figcaption class=\"wp-element-caption\"><a href=\"https:\/\/agewell-nih-appta.ca\/wp-content\/uploads\/2021\/04\/FR-Consumer-Directed-Care-Model-of-Home-Care-1.pdf\"><\/a><\/figcaption><\/figure>\n<\/div>\n\n\n\n<div class=\"wp-block-column is-layout-flow wp-block-column-is-layout-flow\">\n<figure class=\"wp-block-image\"><a href=\"https:\/\/agewell-nih-appta.ca\/wp-content\/uploads\/2021\/05\/FR_Approaches-to-remuneration.pdf\"><img loading=\"lazy\" decoding=\"async\" width=\"538\" height=\"689\" src=\"https:\/\/agewell-nih-appta.ca\/wp-content\/uploads\/2021\/05\/Screen-Shot-2021-05-25-at-11.57.41-AM-1.png\" alt=\"\" class=\"wp-image-2837\" srcset=\"https:\/\/agewell-nih-appta.ca\/wp-content\/uploads\/2021\/05\/Screen-Shot-2021-05-25-at-11.57.41-AM-1.png 538w, https:\/\/agewell-nih-appta.ca\/wp-content\/uploads\/2021\/05\/Screen-Shot-2021-05-25-at-11.57.41-AM-1-234x300.png 234w\" sizes=\"auto, (max-width: 538px) 100vw, 538px\" \/><\/a><figcaption class=\"wp-element-caption\"><a href=\"https:\/\/agewell-nih-appta.ca\/wp-content\/uploads\/2021\/05\/FR_Approaches-to-remuneration.pdf\"><\/a><\/figcaption><\/figure>\n<\/div>\n\n\n\n<div class=\"wp-block-column is-layout-flow wp-block-column-is-layout-flow\">\n<figure class=\"wp-block-image size-large\"><a href=\"https:\/\/agewell-nih-appta.ca\/wp-content\/uploads\/2025\/05\/Full-draft-Formatted-26Feb2025-fr-5.pdf\"><img loading=\"lazy\" decoding=\"async\" width=\"790\" height=\"1024\" src=\"https:\/\/agewell-nih-appta.ca\/wp-content\/uploads\/2025\/03\/Screen-Shot-2025-03-05-at-9.57.40-AM-790x1024.png\" alt=\"\" class=\"wp-image-6246\" srcset=\"https:\/\/agewell-nih-appta.ca\/wp-content\/uploads\/2025\/03\/Screen-Shot-2025-03-05-at-9.57.40-AM-790x1024.png 790w, https:\/\/agewell-nih-appta.ca\/wp-content\/uploads\/2025\/03\/Screen-Shot-2025-03-05-at-9.57.40-AM-231x300.png 231w, https:\/\/agewell-nih-appta.ca\/wp-content\/uploads\/2025\/03\/Screen-Shot-2025-03-05-at-9.57.40-AM-768x996.png 768w, https:\/\/agewell-nih-appta.ca\/wp-content\/uploads\/2025\/03\/Screen-Shot-2025-03-05-at-9.57.40-AM-1185x1536.png 1185w, https:\/\/agewell-nih-appta.ca\/wp-content\/uploads\/2025\/03\/Screen-Shot-2025-03-05-at-9.57.40-AM.png 833w\" sizes=\"auto, (max-width: 790px) 100vw, 790px\" \/><\/a><\/figure>\n<\/div>\n<\/div>\n\n\n","protected":false},"excerpt":{"rendered":"<p>Dans le cadre de ses activit\u00e9s d\u2019application des connaissances, le centre POPRAVIT pr\u00e9pare des synth\u00e8ses de donn\u00e9es probantes sur un certain nombre de th\u00e8mes. Ces synth\u00e8ses, qui regroupent les r\u00e9sultats [&hellip;]<\/p>\n","protected":false},"author":1,"featured_media":0,"parent":0,"menu_order":3,"comment_status":"closed","ping_status":"closed","template":"","meta":{"_acf_changed":false,"inline_featured_image":false,"_monsterinsights_skip_tracking":false,"_monsterinsights_sitenote_active":false,"_monsterinsights_sitenote_note":"","_monsterinsights_sitenote_category":0,"footnotes":""},"class_list":["post-4316","page","type-page","status-publish","hentry"],"acf":[],"aioseo_notices":[],"_links":{"self":[{"href":"https:\/\/agewell-nih-appta.ca\/fr\/wp-json\/wp\/v2\/pages\/4316","targetHints":{"allow":["GET"]}}],"collection":[{"href":"https:\/\/agewell-nih-appta.ca\/fr\/wp-json\/wp\/v2\/pages"}],"about":[{"href":"https:\/\/agewell-nih-appta.ca\/fr\/wp-json\/wp\/v2\/types\/page"}],"author":[{"embeddable":true,"href":"https:\/\/agewell-nih-appta.ca\/fr\/wp-json\/wp\/v2\/users\/1"}],"replies":[{"embeddable":true,"href":"https:\/\/agewell-nih-appta.ca\/fr\/wp-json\/wp\/v2\/comments?post=4316"}],"version-history":[{"count":5,"href":"https:\/\/agewell-nih-appta.ca\/fr\/wp-json\/wp\/v2\/pages\/4316\/revisions"}],"predecessor-version":[{"id":6331,"href":"https:\/\/agewell-nih-appta.ca\/fr\/wp-json\/wp\/v2\/pages\/4316\/revisions\/6331"}],"wp:attachment":[{"href":"https:\/\/agewell-nih-appta.ca\/fr\/wp-json\/wp\/v2\/media?parent=4316"}],"curies":[{"name":"wp","href":"https:\/\/api.w.org\/{rel}","templated":true}]}}