{"id":4194,"date":"2023-11-20T20:42:09","date_gmt":"2023-11-20T23:42:09","guid":{"rendered":"https:\/\/agewell-nih-appta.ca\/?page_id=4194"},"modified":"2023-11-27T20:45:49","modified_gmt":"2023-11-27T23:45:49","slug":"publications","status":"publish","type":"page","link":"https:\/\/agewell-nih-appta.ca\/fr\/publications\/","title":{"rendered":"Publications"},"content":{"rendered":"\n<div style=\"height:25px\" aria-hidden=\"true\" class=\"wp-block-spacer\"><\/div>\n\n\n\n<p>Le centre POPRAVIT publie diverses publications qui desservent tant les chercheurs que nos intervenants gouvernementaux. Vous trouverez ci-dessous un bref r\u00e9sum\u00e9 de chaque type de publication. Cliquez sur chaque section pour en savoir davantage et lire les rapports.<\/p>\n\n\n\n<hr class=\"wp-block-separator has-alpha-channel-opacity\"\/>\n\n\n\n<div style=\"height:47px\" aria-hidden=\"true\" class=\"wp-block-spacer\"><\/div>\n\n\n\n<div class=\"wp-block-columns has-3-columns is-layout-flex wp-container-core-columns-is-layout-1 wp-block-columns-is-layout-flex\">\n<div class=\"wp-block-column is-layout-flow wp-block-column-is-layout-flow\">\n<figure class=\"wp-block-image\"><a href=\"https:\/\/agewell-nih-appta.ca\/fr\/syntheses-de-donnees-probantes\/\"><img loading=\"lazy\" decoding=\"async\" width=\"1024\" height=\"512\" src=\"https:\/\/agewell-nih-appta.ca\/wp-content\/uploads\/2019\/02\/Pictures-Work-1-1024x512.jpg\" alt=\"Solutions politiques\" class=\"wp-image-805\" srcset=\"https:\/\/agewell-nih-appta.ca\/wp-content\/uploads\/2019\/02\/Pictures-Work-1-1024x512.jpg 1024w, https:\/\/agewell-nih-appta.ca\/wp-content\/uploads\/2019\/02\/Pictures-Work-1-300x150.jpg 300w, https:\/\/agewell-nih-appta.ca\/wp-content\/uploads\/2019\/02\/Pictures-Work-1-768x384.jpg 768w, https:\/\/agewell-nih-appta.ca\/wp-content\/uploads\/2019\/02\/Pictures-Work-1.jpg 1200w\" sizes=\"auto, (max-width: 1024px) 100vw, 1024px\" \/><\/a><\/figure>\n\n\n\n<h4 class=\"wp-block-heading\"><strong><a href=\"https:\/\/agewell-nih-appta.ca\/fr\/syntheses-de-donnees-probantes\/\" title=\"\">SYNTH\u00c8SES DE DONN\u00c9ES PROBANTES<\/a><\/strong><\/h4>\n\n\n\n<p>Ces rapports contiennent un aper\u00e7u des donn\u00e9es probantes li\u00e9es \u00e0 des th\u00e8mes sp\u00e9cifiques qui touchent les d\u00e9cideurs, les travailleurs de la sant\u00e9 et les personnes \u00e2g\u00e9es du Canada.<\/p>\n<\/div>\n\n\n\n<div class=\"wp-block-column is-layout-flow wp-block-column-is-layout-flow\">\n<figure class=\"wp-block-image size-full\"><a href=\"https:\/\/agewell-nih-appta.ca\/fr\/etat-de-la-recherche\/\"><img loading=\"lazy\" decoding=\"async\" width=\"500\" height=\"250\" src=\"https:\/\/agewell-nih-appta.ca\/wp-content\/uploads\/2023\/02\/roundup.png\" alt=\"\" class=\"wp-image-4347\" srcset=\"https:\/\/agewell-nih-appta.ca\/wp-content\/uploads\/2023\/02\/roundup.png 500w, https:\/\/agewell-nih-appta.ca\/wp-content\/uploads\/2023\/02\/roundup-300x150.png 300w\" sizes=\"auto, (max-width: 500px) 100vw, 500px\" \/><\/a><\/figure>\n\n\n\n<h4 class=\"wp-block-heading\"><strong><a href=\"https:\/\/agewell-nih-appta.ca\/fr\/etat-de-la-recherche\/\" title=\"\">\u00c9TAT DE LA RECHERCHE<\/a><\/strong><\/h4>\n\n\n\n<p>Cette s\u00e9rie sur l\u2019\u00e9tat de la recherche donne un aper\u00e7u des \u00e9crits et des programmes li\u00e9s \u00e0 des th\u00e8mes politiques s\u00e9lectionn\u00e9s sous la forme de brefs instantan\u00e9s facilement assimilables de sorte que les lecteurs puissent obtenir rapidement l\u2019information sur le travail r\u00e9alis\u00e9.<\/p>\n<\/div>\n\n\n\n<div class=\"wp-block-column is-layout-flow wp-block-column-is-layout-flow\">\n<figure class=\"wp-block-image size-full\"><a href=\"\/fr\/?page_id=4332\"><img loading=\"lazy\" decoding=\"async\" width=\"500\" height=\"250\" src=\"https:\/\/agewell-nih-appta.ca\/wp-content\/uploads\/2023\/02\/govt-1.png\" alt=\"\" class=\"wp-image-4339\" srcset=\"https:\/\/agewell-nih-appta.ca\/wp-content\/uploads\/2023\/02\/govt-1.png 500w, https:\/\/agewell-nih-appta.ca\/wp-content\/uploads\/2023\/02\/govt-1-300x150.png 300w\" sizes=\"auto, (max-width: 500px) 100vw, 500px\" \/><\/a><\/figure>\n\n\n\n<h4 class=\"wp-block-heading\"><strong><a href=\"\/fr\/?page_id=4332\" title=\"\">ANALYSES INTERJURIDICTIONNELLES<\/a><\/strong><\/h4>\n\n\n\n<p>Ces analyses interjuridictionnelles examinent diff\u00e9rentes structures et divers m\u00e9canismes d\u2019aide que l\u2019on trouve au Canada, et qui permettent aux d\u00e9cideurs de comparer le travail r\u00e9alis\u00e9 dans chaque province.<\/p>\n<\/div>\n<\/div>\n\n\n\n<div class=\"wp-block-columns is-layout-flex wp-container-core-columns-is-layout-2 wp-block-columns-is-layout-flex\">\n<div class=\"wp-block-column is-layout-flow wp-block-column-is-layout-flow\">\n<figure class=\"wp-block-image size-full\"><a href=\"https:\/\/agewell-nih-appta.ca\/provincial-profiles\/\"><img loading=\"lazy\" decoding=\"async\" width=\"500\" height=\"250\" src=\"https:\/\/agewell-nih-appta.ca\/wp-content\/uploads\/2023\/03\/canada.jpg\" alt=\"\" class=\"wp-image-4381\" srcset=\"https:\/\/agewell-nih-appta.ca\/wp-content\/uploads\/2023\/03\/canada.jpg 500w, https:\/\/agewell-nih-appta.ca\/wp-content\/uploads\/2023\/03\/canada-300x150.jpg 300w\" sizes=\"auto, (max-width: 500px) 100vw, 500px\" \/><\/a><\/figure>\n\n\n\n<h4 class=\"wp-block-heading\"><strong><a href=\"https:\/\/agewell-nih-appta.ca\/fr\/profils-juridictionnels\/\" title=\"\">PROFILS JURIDICTIONNELS<\/a><\/strong><\/h4>\n\n\n\n<p>Ces profils donnent un aper\u00e7u de la fa\u00e7on dont chaque province et territoire structure ses politiques, ses programmes et ses services \u00e0 l\u2019intention de sa population vieillissante.<\/p>\n<\/div>\n\n\n\n<div class=\"wp-block-column is-layout-flow wp-block-column-is-layout-flow\">\n<figure class=\"wp-block-image size-full\"><a href=\"https:\/\/agewell-nih-appta.ca\/provincial-profiles\/#InfosheetsAnchor\"><img loading=\"lazy\" decoding=\"async\" width=\"500\" height=\"250\" src=\"https:\/\/agewell-nih-appta.ca\/wp-content\/uploads\/2023\/03\/infosheets.png\" alt=\"\" class=\"wp-image-4403\" srcset=\"https:\/\/agewell-nih-appta.ca\/wp-content\/uploads\/2023\/03\/infosheets.png 500w, https:\/\/agewell-nih-appta.ca\/wp-content\/uploads\/2023\/03\/infosheets-300x150.png 300w\" sizes=\"auto, (max-width: 500px) 100vw, 500px\" \/><\/a><\/figure>\n\n\n\n<h4 class=\"wp-block-heading\"><strong><a href=\"https:\/\/agewell-nih-appta.ca\/fr\/profils-juridictionnels\/#InfosheetsAnchor\" title=\"\">FICHES INFORMATIVES<\/a><\/strong><\/h4>\n\n\n\n<p>Ces fiches informatives, qui offrent un aper\u00e7u de diff\u00e9rents th\u00e8mes touchant les Canadiens \u00e2g\u00e9s, servent d\u2019outils de r\u00e9f\u00e9rence rapide.<\/p>\n<\/div>\n\n\n\n<div class=\"wp-block-column is-layout-flow wp-block-column-is-layout-flow\"><\/div>\n<\/div>\n","protected":false},"excerpt":{"rendered":"<p>Le centre POPRAVIT publie diverses publications qui desservent tant les chercheurs que nos intervenants gouvernementaux. Vous trouverez ci-dessous un bref r\u00e9sum\u00e9 de chaque type de publication. Cliquez sur chaque section [&hellip;]<\/p>\n","protected":false},"author":1,"featured_media":0,"parent":0,"menu_order":0,"comment_status":"closed","ping_status":"closed","template":"","meta":{"_acf_changed":false,"inline_featured_image":false,"_monsterinsights_skip_tracking":false,"_monsterinsights_sitenote_active":false,"_monsterinsights_sitenote_note":"","_monsterinsights_sitenote_category":0,"footnotes":""},"class_list":["post-4194","page","type-page","status-publish","hentry"],"acf":[],"aioseo_notices":[],"_links":{"self":[{"href":"https:\/\/agewell-nih-appta.ca\/fr\/wp-json\/wp\/v2\/pages\/4194","targetHints":{"allow":["GET"]}}],"collection":[{"href":"https:\/\/agewell-nih-appta.ca\/fr\/wp-json\/wp\/v2\/pages"}],"about":[{"href":"https:\/\/agewell-nih-appta.ca\/fr\/wp-json\/wp\/v2\/types\/page"}],"author":[{"embeddable":true,"href":"https:\/\/agewell-nih-appta.ca\/fr\/wp-json\/wp\/v2\/users\/1"}],"replies":[{"embeddable":true,"href":"https:\/\/agewell-nih-appta.ca\/fr\/wp-json\/wp\/v2\/comments?post=4194"}],"version-history":[{"count":9,"href":"https:\/\/agewell-nih-appta.ca\/fr\/wp-json\/wp\/v2\/pages\/4194\/revisions"}],"predecessor-version":[{"id":5626,"href":"https:\/\/agewell-nih-appta.ca\/fr\/wp-json\/wp\/v2\/pages\/4194\/revisions\/5626"}],"wp:attachment":[{"href":"https:\/\/agewell-nih-appta.ca\/fr\/wp-json\/wp\/v2\/media?parent=4194"}],"curies":[{"name":"wp","href":"https:\/\/api.w.org\/{rel}","templated":true}]}}