{"id":4124,"date":"2023-01-10T14:25:58","date_gmt":"2023-01-10T17:25:58","guid":{"rendered":"https:\/\/agewell-nih-appta.ca\/?page_id=4124"},"modified":"2025-12-05T10:19:53","modified_gmt":"2025-12-05T13:19:53","slug":"etat-de-la-recherche","status":"publish","type":"page","link":"https:\/\/agewell-nih-appta.ca\/fr\/etat-de-la-recherche\/","title":{"rendered":"\u00c9TAT DE LA RECHERCHE"},"content":{"rendered":"\n<p>Au centre POPRAVIT, nous valorisons l\u2019application des connaissances et la contribution de la recherche dans la prise de d\u00e9cisions fond\u00e9es sur des donn\u00e9es probantes.&nbsp; Notre s\u00e9rie sur l\u2019\u00e9tat de la recherche sert \u00e0 faciliter le plus possible l\u2019obtention opportune des donn\u00e9es probantes requises pour traiter des th\u00e8mes politiques particuliers. Cette s\u00e9rie donne un aper\u00e7u des \u00e9crits et des programmes li\u00e9s \u00e0 des th\u00e8mes politiques s\u00e9lectionn\u00e9s sous la forme d\u2019instantan\u00e9s brefs et facilement assimilables de sorte que les lecteurs puissent obtenir ais\u00e9ment l\u2019information sur le travail r\u00e9alis\u00e9.<\/p>\n\n\n\n<p>Comme nous sommes toujours heureux de savoir quels th\u00e8mes politiques vous int\u00e9ressent, veuillez nous en faire part en envoyant un courriel \u00e0 Daniel Smiley, sp\u00e9cialiste de la recherche et de la logistique, \u00e0 : <a href=\"mailto:daniel.smiley@dal.ca\">daniel.smiley@dal.ca<\/a>.<\/p>\n\n\n\n<div class=\"wp-block-columns is-layout-flex wp-container-core-columns-is-layout-1 wp-block-columns-is-layout-flex\">\n<div class=\"wp-block-column is-layout-flow wp-block-column-is-layout-flow\">\n<figure class=\"wp-block-image size-large\"><a href=\"https:\/\/agewell-nih-appta.ca\/wp-content\/uploads\/2023\/01\/RR_SocialPrescribing_fr.pdf\"><img loading=\"lazy\" decoding=\"async\" width=\"791\" height=\"1024\" src=\"https:\/\/agewell-nih-appta.ca\/wp-content\/uploads\/2023\/01\/RR_SocialPrescribing_fr-1-791x1024.png\" alt=\"\" class=\"wp-image-4125\" srcset=\"https:\/\/agewell-nih-appta.ca\/wp-content\/uploads\/2023\/01\/RR_SocialPrescribing_fr-1-791x1024.png 791w, https:\/\/agewell-nih-appta.ca\/wp-content\/uploads\/2023\/01\/RR_SocialPrescribing_fr-1-232x300.png 232w, https:\/\/agewell-nih-appta.ca\/wp-content\/uploads\/2023\/01\/RR_SocialPrescribing_fr-1-768x994.png 768w, https:\/\/agewell-nih-appta.ca\/wp-content\/uploads\/2023\/01\/RR_SocialPrescribing_fr-1-1187x1536.png 1187w, https:\/\/agewell-nih-appta.ca\/wp-content\/uploads\/2023\/01\/RR_SocialPrescribing_fr-1-1583x2048.png 1583w, https:\/\/agewell-nih-appta.ca\/wp-content\/uploads\/2023\/01\/RR_SocialPrescribing_fr-1.png 835w\" sizes=\"auto, (max-width: 791px) 100vw, 791px\" \/><\/a><\/figure>\n<\/div>\n\n\n\n<div class=\"wp-block-column is-layout-flow wp-block-column-is-layout-flow\">\n<figure class=\"wp-block-image size-large\"><a href=\"https:\/\/agewell-nih-appta.ca\/wp-content\/uploads\/2023\/01\/AutomatedMedication_fr.pdf\"><img loading=\"lazy\" decoding=\"async\" width=\"791\" height=\"1024\" src=\"https:\/\/agewell-nih-appta.ca\/wp-content\/uploads\/2023\/01\/AutomatedMedication_fr-1-791x1024.jpg\" alt=\"\" class=\"wp-image-4127\" srcset=\"https:\/\/agewell-nih-appta.ca\/wp-content\/uploads\/2023\/01\/AutomatedMedication_fr-1-791x1024.jpg 791w, https:\/\/agewell-nih-appta.ca\/wp-content\/uploads\/2023\/01\/AutomatedMedication_fr-1-232x300.jpg 232w, https:\/\/agewell-nih-appta.ca\/wp-content\/uploads\/2023\/01\/AutomatedMedication_fr-1-768x994.jpg 768w, https:\/\/agewell-nih-appta.ca\/wp-content\/uploads\/2023\/01\/AutomatedMedication_fr-1-1187x1536.jpg 1187w, https:\/\/agewell-nih-appta.ca\/wp-content\/uploads\/2023\/01\/AutomatedMedication_fr-1-1583x2048.jpg 1583w, https:\/\/agewell-nih-appta.ca\/wp-content\/uploads\/2023\/01\/AutomatedMedication_fr-1-scaled.jpg 834w\" sizes=\"auto, (max-width: 791px) 100vw, 791px\" \/><\/a><\/figure>\n<\/div>\n\n\n\n<div class=\"wp-block-column is-layout-flow wp-block-column-is-layout-flow\">\n<figure class=\"wp-block-image size-large\"><a href=\"https:\/\/agewell-nih-appta.ca\/wp-content\/uploads\/2023\/01\/RR_IntergenerationalHousing_fr.pdf\"><img loading=\"lazy\" decoding=\"async\" width=\"791\" height=\"1024\" src=\"https:\/\/agewell-nih-appta.ca\/wp-content\/uploads\/2023\/01\/RR_IntergenerationalHousing_fr-1-791x1024.jpg\" alt=\"\" class=\"wp-image-4129\" srcset=\"https:\/\/agewell-nih-appta.ca\/wp-content\/uploads\/2023\/01\/RR_IntergenerationalHousing_fr-1-791x1024.jpg 791w, https:\/\/agewell-nih-appta.ca\/wp-content\/uploads\/2023\/01\/RR_IntergenerationalHousing_fr-1-232x300.jpg 232w, https:\/\/agewell-nih-appta.ca\/wp-content\/uploads\/2023\/01\/RR_IntergenerationalHousing_fr-1-768x994.jpg 768w, https:\/\/agewell-nih-appta.ca\/wp-content\/uploads\/2023\/01\/RR_IntergenerationalHousing_fr-1-1187x1536.jpg 1187w, https:\/\/agewell-nih-appta.ca\/wp-content\/uploads\/2023\/01\/RR_IntergenerationalHousing_fr-1-1583x2048.jpg 1583w, https:\/\/agewell-nih-appta.ca\/wp-content\/uploads\/2023\/01\/RR_IntergenerationalHousing_fr-1-scaled.jpg 834w\" sizes=\"auto, (max-width: 791px) 100vw, 791px\" \/><\/a><\/figure>\n<\/div>\n<\/div>\n\n\n\n<div class=\"wp-block-columns is-layout-flex wp-container-core-columns-is-layout-2 wp-block-columns-is-layout-flex\">\n<div class=\"wp-block-column is-layout-flow wp-block-column-is-layout-flow\">\n<figure class=\"wp-block-image size-large\"><a href=\"https:\/\/agewell-nih-appta.ca\/wp-content\/uploads\/2023\/01\/RR_staffRetention_fr.pdf\"><img loading=\"lazy\" decoding=\"async\" width=\"791\" height=\"1024\" src=\"https:\/\/agewell-nih-appta.ca\/wp-content\/uploads\/2023\/01\/RR_staffRetention_fr-1-791x1024.jpg\" alt=\"\" class=\"wp-image-4152\" srcset=\"https:\/\/agewell-nih-appta.ca\/wp-content\/uploads\/2023\/01\/RR_staffRetention_fr-1-791x1024.jpg 791w, https:\/\/agewell-nih-appta.ca\/wp-content\/uploads\/2023\/01\/RR_staffRetention_fr-1-232x300.jpg 232w, https:\/\/agewell-nih-appta.ca\/wp-content\/uploads\/2023\/01\/RR_staffRetention_fr-1-768x994.jpg 768w, https:\/\/agewell-nih-appta.ca\/wp-content\/uploads\/2023\/01\/RR_staffRetention_fr-1-1187x1536.jpg 1187w, https:\/\/agewell-nih-appta.ca\/wp-content\/uploads\/2023\/01\/RR_staffRetention_fr-1-1583x2048.jpg 1583w, https:\/\/agewell-nih-appta.ca\/wp-content\/uploads\/2023\/01\/RR_staffRetention_fr-1-scaled.jpg 834w\" sizes=\"auto, (max-width: 791px) 100vw, 791px\" \/><\/a><\/figure>\n<\/div>\n\n\n\n<div class=\"wp-block-column is-layout-flow wp-block-column-is-layout-flow\">\n<figure class=\"wp-block-image size-large\"><a href=\"https:\/\/agewell-nih-appta.ca\/wp-content\/uploads\/2023\/04\/RR-Small-Home-LTC-Housing-Models_fr.pdf\"><img loading=\"lazy\" decoding=\"async\" width=\"791\" height=\"1024\" src=\"https:\/\/agewell-nih-appta.ca\/wp-content\/uploads\/2023\/04\/RR-Small-Home-LTC-Housing-Models_fr-1-791x1024.png\" alt=\"\" class=\"wp-image-4468\" srcset=\"https:\/\/agewell-nih-appta.ca\/wp-content\/uploads\/2023\/04\/RR-Small-Home-LTC-Housing-Models_fr-1-791x1024.png 791w, https:\/\/agewell-nih-appta.ca\/wp-content\/uploads\/2023\/04\/RR-Small-Home-LTC-Housing-Models_fr-1-232x300.png 232w, https:\/\/agewell-nih-appta.ca\/wp-content\/uploads\/2023\/04\/RR-Small-Home-LTC-Housing-Models_fr-1-768x994.png 768w, https:\/\/agewell-nih-appta.ca\/wp-content\/uploads\/2023\/04\/RR-Small-Home-LTC-Housing-Models_fr-1-1187x1536.png 1187w, https:\/\/agewell-nih-appta.ca\/wp-content\/uploads\/2023\/04\/RR-Small-Home-LTC-Housing-Models_fr-1.png 835w\" sizes=\"auto, (max-width: 791px) 100vw, 791px\" \/><\/a><\/figure>\n<\/div>\n\n\n\n<div class=\"wp-block-column is-layout-flow wp-block-column-is-layout-flow\">\n<figure class=\"wp-block-image size-large\"><a href=\"https:\/\/agewell-nih-appta.ca\/wp-content\/uploads\/2024\/01\/Client-Directed-Funding_fr-1.pdf\"><img loading=\"lazy\" decoding=\"async\" width=\"791\" height=\"1024\" src=\"https:\/\/agewell-nih-appta.ca\/wp-content\/uploads\/2024\/01\/Client-Directed-Funding_fr-1-2-791x1024.png\" alt=\"\" class=\"wp-image-5760\" srcset=\"https:\/\/agewell-nih-appta.ca\/wp-content\/uploads\/2024\/01\/Client-Directed-Funding_fr-1-2-791x1024.png 791w, https:\/\/agewell-nih-appta.ca\/wp-content\/uploads\/2024\/01\/Client-Directed-Funding_fr-1-2-232x300.png 232w, https:\/\/agewell-nih-appta.ca\/wp-content\/uploads\/2024\/01\/Client-Directed-Funding_fr-1-2-768x994.png 768w, https:\/\/agewell-nih-appta.ca\/wp-content\/uploads\/2024\/01\/Client-Directed-Funding_fr-1-2-1187x1536.png 1187w, https:\/\/agewell-nih-appta.ca\/wp-content\/uploads\/2024\/01\/Client-Directed-Funding_fr-1-2.png 835w\" sizes=\"auto, (max-width: 791px) 100vw, 791px\" \/><\/a><\/figure>\n<\/div>\n<\/div>\n\n\n\n<div class=\"wp-block-columns is-layout-flex wp-container-core-columns-is-layout-3 wp-block-columns-is-layout-flex\">\n<div class=\"wp-block-column is-layout-flow wp-block-column-is-layout-flow\">\n<figure class=\"wp-block-image size-large\"><a href=\"https:\/\/agewell-nih-appta.ca\/wp-content\/uploads\/2024\/01\/CommunityPhysActivity_fr-1.pdf\"><img loading=\"lazy\" decoding=\"async\" width=\"791\" height=\"1024\" src=\"https:\/\/agewell-nih-appta.ca\/wp-content\/uploads\/2024\/01\/CommunityPhysActivity_fr-1-1-791x1024.png\" alt=\"\" class=\"wp-image-5762\" srcset=\"https:\/\/agewell-nih-appta.ca\/wp-content\/uploads\/2024\/01\/CommunityPhysActivity_fr-1-1-791x1024.png 791w, https:\/\/agewell-nih-appta.ca\/wp-content\/uploads\/2024\/01\/CommunityPhysActivity_fr-1-1-232x300.png 232w, https:\/\/agewell-nih-appta.ca\/wp-content\/uploads\/2024\/01\/CommunityPhysActivity_fr-1-1-768x994.png 768w, https:\/\/agewell-nih-appta.ca\/wp-content\/uploads\/2024\/01\/CommunityPhysActivity_fr-1-1-1187x1536.png 1187w, https:\/\/agewell-nih-appta.ca\/wp-content\/uploads\/2024\/01\/CommunityPhysActivity_fr-1-1.png 835w\" sizes=\"auto, (max-width: 791px) 100vw, 791px\" \/><\/a><\/figure>\n<\/div>\n\n\n\n<div class=\"wp-block-column is-layout-flow wp-block-column-is-layout-flow\">\n<figure class=\"wp-block-image size-large\"><a href=\"https:\/\/agewell-nih-appta.ca\/wp-content\/uploads\/2024\/03\/RR_InHomeRespite_fr.pdf\"><img loading=\"lazy\" decoding=\"async\" width=\"791\" height=\"1024\" src=\"https:\/\/agewell-nih-appta.ca\/wp-content\/uploads\/2024\/03\/RR_InHomeRespite_fr-1-791x1024.png\" alt=\"\" class=\"wp-image-5869\" srcset=\"https:\/\/agewell-nih-appta.ca\/wp-content\/uploads\/2024\/03\/RR_InHomeRespite_fr-1-791x1024.png 791w, https:\/\/agewell-nih-appta.ca\/wp-content\/uploads\/2024\/03\/RR_InHomeRespite_fr-1-232x300.png 232w, https:\/\/agewell-nih-appta.ca\/wp-content\/uploads\/2024\/03\/RR_InHomeRespite_fr-1-768x994.png 768w, https:\/\/agewell-nih-appta.ca\/wp-content\/uploads\/2024\/03\/RR_InHomeRespite_fr-1-1187x1536.png 1187w, https:\/\/agewell-nih-appta.ca\/wp-content\/uploads\/2024\/03\/RR_InHomeRespite_fr-1.png 1275w\" sizes=\"auto, (max-width: 791px) 100vw, 791px\" \/><\/a><\/figure>\n<\/div>\n\n\n\n<div class=\"wp-block-column is-layout-flow wp-block-column-is-layout-flow\">\n<figure class=\"wp-block-image size-large\"><a href=\"https:\/\/agewell-nih-appta.ca\/wp-content\/uploads\/2024\/04\/RR_RespiteDayPrograms_fr.pdf\"><img loading=\"lazy\" decoding=\"async\" width=\"791\" height=\"1024\" src=\"https:\/\/agewell-nih-appta.ca\/wp-content\/uploads\/2024\/04\/RR_RespiteDayPrograms_fr-1-791x1024.png\" alt=\"\" class=\"wp-image-5917\" srcset=\"https:\/\/agewell-nih-appta.ca\/wp-content\/uploads\/2024\/04\/RR_RespiteDayPrograms_fr-1-791x1024.png 791w, https:\/\/agewell-nih-appta.ca\/wp-content\/uploads\/2024\/04\/RR_RespiteDayPrograms_fr-1-232x300.png 232w, https:\/\/agewell-nih-appta.ca\/wp-content\/uploads\/2024\/04\/RR_RespiteDayPrograms_fr-1-768x994.png 768w, https:\/\/agewell-nih-appta.ca\/wp-content\/uploads\/2024\/04\/RR_RespiteDayPrograms_fr-1-1187x1536.png 1187w, https:\/\/agewell-nih-appta.ca\/wp-content\/uploads\/2024\/04\/RR_RespiteDayPrograms_fr-1.png 835w\" sizes=\"auto, (max-width: 791px) 100vw, 791px\" \/><\/a><\/figure>\n<\/div>\n<\/div>\n\n\n\n<div class=\"wp-block-columns is-layout-flex wp-container-core-columns-is-layout-5 wp-block-columns-is-layout-flex\">\n<div class=\"wp-block-column is-layout-flow wp-block-column-is-layout-flow\">\n<div class=\"wp-block-columns is-layout-flex wp-container-core-columns-is-layout-4 wp-block-columns-is-layout-flex\">\n<div class=\"wp-block-column is-layout-flow wp-block-column-is-layout-flow\">\n<figure class=\"wp-block-image size-large\"><a href=\"https:\/\/agewell-nih-appta.ca\/wp-content\/uploads\/2025\/02\/RR1120-20Formatted20-20French20-20Word2028129.pdf\"><img loading=\"lazy\" decoding=\"async\" width=\"790\" height=\"1024\" src=\"https:\/\/agewell-nih-appta.ca\/wp-content\/uploads\/2025\/02\/Screen-Shot-2025-02-20-at-4.07.48-PM-2-790x1024.png\" alt=\"\" class=\"wp-image-6218\" srcset=\"https:\/\/agewell-nih-appta.ca\/wp-content\/uploads\/2025\/02\/Screen-Shot-2025-02-20-at-4.07.48-PM-2-790x1024.png 790w, https:\/\/agewell-nih-appta.ca\/wp-content\/uploads\/2025\/02\/Screen-Shot-2025-02-20-at-4.07.48-PM-2-232x300.png 232w, https:\/\/agewell-nih-appta.ca\/wp-content\/uploads\/2025\/02\/Screen-Shot-2025-02-20-at-4.07.48-PM-2-768x995.png 768w, https:\/\/agewell-nih-appta.ca\/wp-content\/uploads\/2025\/02\/Screen-Shot-2025-02-20-at-4.07.48-PM-2.png 833w\" sizes=\"auto, (max-width: 790px) 100vw, 790px\" \/><\/a><\/figure>\n<\/div>\n\n\n\n<div class=\"wp-block-column is-layout-flow wp-block-column-is-layout-flow\">\n<figure class=\"wp-block-image size-full\"><a href=\"https:\/\/agewell-nih-appta.ca\/wp-content\/uploads\/2025\/12\/RR12-Formatted-Word-French-1.pdf\"><img loading=\"lazy\" decoding=\"async\" width=\"400\" height=\"522\" src=\"https:\/\/agewell-nih-appta.ca\/wp-content\/uploads\/2025\/12\/Screenshot-2025-12-05-090911.png\" alt=\"\" class=\"wp-image-6392\" srcset=\"https:\/\/agewell-nih-appta.ca\/wp-content\/uploads\/2025\/12\/Screenshot-2025-12-05-090911.png 400w, https:\/\/agewell-nih-appta.ca\/wp-content\/uploads\/2025\/12\/Screenshot-2025-12-05-090911-230x300.png 230w\" sizes=\"auto, (max-width: 400px) 100vw, 400px\" \/><\/a><\/figure>\n<\/div>\n\n\n\n<div class=\"wp-block-column is-layout-flow wp-block-column-is-layout-flow\"><\/div>\n<\/div>\n<\/div>\n<\/div>\n\n\n\n<p><\/p>\n","protected":false},"excerpt":{"rendered":"<p>Au centre POPRAVIT, nous valorisons l\u2019application des connaissances et la contribution de la recherche dans la prise de d\u00e9cisions fond\u00e9es sur des donn\u00e9es probantes.&nbsp; Notre s\u00e9rie sur l\u2019\u00e9tat de la [&hellip;]<\/p>\n","protected":false},"author":1,"featured_media":0,"parent":0,"menu_order":0,"comment_status":"closed","ping_status":"closed","template":"","meta":{"_acf_changed":false,"inline_featured_image":false,"_monsterinsights_skip_tracking":false,"_monsterinsights_sitenote_active":false,"_monsterinsights_sitenote_note":"","_monsterinsights_sitenote_category":0,"footnotes":""},"class_list":["post-4124","page","type-page","status-publish","hentry"],"acf":[],"aioseo_notices":[],"_links":{"self":[{"href":"https:\/\/agewell-nih-appta.ca\/fr\/wp-json\/wp\/v2\/pages\/4124","targetHints":{"allow":["GET"]}}],"collection":[{"href":"https:\/\/agewell-nih-appta.ca\/fr\/wp-json\/wp\/v2\/pages"}],"about":[{"href":"https:\/\/agewell-nih-appta.ca\/fr\/wp-json\/wp\/v2\/types\/page"}],"author":[{"embeddable":true,"href":"https:\/\/agewell-nih-appta.ca\/fr\/wp-json\/wp\/v2\/users\/1"}],"replies":[{"embeddable":true,"href":"https:\/\/agewell-nih-appta.ca\/fr\/wp-json\/wp\/v2\/comments?post=4124"}],"version-history":[{"count":13,"href":"https:\/\/agewell-nih-appta.ca\/fr\/wp-json\/wp\/v2\/pages\/4124\/revisions"}],"predecessor-version":[{"id":6402,"href":"https:\/\/agewell-nih-appta.ca\/fr\/wp-json\/wp\/v2\/pages\/4124\/revisions\/6402"}],"wp:attachment":[{"href":"https:\/\/agewell-nih-appta.ca\/fr\/wp-json\/wp\/v2\/media?parent=4124"}],"curies":[{"name":"wp","href":"https:\/\/api.w.org\/{rel}","templated":true}]}}