{"id":3798,"date":"2023-11-28T19:31:28","date_gmt":"2023-11-28T22:31:28","guid":{"rendered":"https:\/\/agewell-nih-appta.ca\/?page_id=3798"},"modified":"2023-11-28T19:31:31","modified_gmt":"2023-11-28T22:31:31","slug":"des-donnees-probantes-aux-effets-concrets","status":"publish","type":"page","link":"https:\/\/agewell-nih-appta.ca\/fr\/des-donnees-probantes-aux-effets-concrets\/","title":{"rendered":"DES DONN\u00c9ES PROBANTES AUX EFFETS CONCRETS"},"content":{"rendered":"\n<h2 class=\"wp-block-heading\">S\u00c9RIE SUR LES PARTENARIATS DE RECHERCHE<\/h2>\n\n\n\n<p>Cette s\u00e9rie est un recueil de travaux r\u00e9alis\u00e9s en partenariat entre les auteurs et le centre POPRAVIT pour accro\u00eetre les connaissances, les donn\u00e9es probantes et les possibilit\u00e9s d\u2019aider la population vieillissante. Nos partenaires auteurs sont des experts dans leurs domaines de recherche respectifs, qui s\u2019alignent sur les priorit\u00e9s politiques que nous tentons de traiter par la collaboration, l\u2019application des connaissances et la cr\u00e9ation collaborative. Cette s\u00e9rie est l\u2019occasion de mettre en lumi\u00e8re ce que nous savons au vu de la recherche, existante et en cours, et des donn\u00e9es probantes que l\u2019on peut utiliser pour \u00e9clairer des changements politiques majeurs concernant les enjeux des Canadiens \u00e2g\u00e9s.<\/p>\n\n\n\n<p>Si vous avez des questions concernant cette s\u00e9rie ou souhaitez pr\u00e9senter votre travail, veuillez communiquer avec Jenna Roddick, \u00e0 : <a href=\"mailto:jroddick@appta.ca\">jroddick@appta.ca<\/a><\/p>\n\n\n\n<hr class=\"wp-block-separator has-css-opacity is-style-wide\"\/>\n\n\n\n<p><\/p>\n","protected":false},"excerpt":{"rendered":"<p>S\u00c9RIE SUR LES PARTENARIATS DE RECHERCHE Cette s\u00e9rie est un recueil de travaux r\u00e9alis\u00e9s en partenariat entre les auteurs et le centre POPRAVIT pour accro\u00eetre les connaissances, les donn\u00e9es probantes [&hellip;]<\/p>\n","protected":false},"author":1,"featured_media":0,"parent":0,"menu_order":0,"comment_status":"closed","ping_status":"closed","template":"","meta":{"_acf_changed":false,"inline_featured_image":false,"_monsterinsights_skip_tracking":false,"_monsterinsights_sitenote_active":false,"_monsterinsights_sitenote_note":"","_monsterinsights_sitenote_category":0,"footnotes":""},"class_list":["post-3798","page","type-page","status-publish","hentry"],"acf":[],"aioseo_notices":[],"_links":{"self":[{"href":"https:\/\/agewell-nih-appta.ca\/fr\/wp-json\/wp\/v2\/pages\/3798","targetHints":{"allow":["GET"]}}],"collection":[{"href":"https:\/\/agewell-nih-appta.ca\/fr\/wp-json\/wp\/v2\/pages"}],"about":[{"href":"https:\/\/agewell-nih-appta.ca\/fr\/wp-json\/wp\/v2\/types\/page"}],"author":[{"embeddable":true,"href":"https:\/\/agewell-nih-appta.ca\/fr\/wp-json\/wp\/v2\/users\/1"}],"replies":[{"embeddable":true,"href":"https:\/\/agewell-nih-appta.ca\/fr\/wp-json\/wp\/v2\/comments?post=3798"}],"version-history":[{"count":2,"href":"https:\/\/agewell-nih-appta.ca\/fr\/wp-json\/wp\/v2\/pages\/3798\/revisions"}],"predecessor-version":[{"id":5662,"href":"https:\/\/agewell-nih-appta.ca\/fr\/wp-json\/wp\/v2\/pages\/3798\/revisions\/5662"}],"wp:attachment":[{"href":"https:\/\/agewell-nih-appta.ca\/fr\/wp-json\/wp\/v2\/media?parent=3798"}],"curies":[{"name":"wp","href":"https:\/\/api.w.org\/{rel}","templated":true}]}}