{"id":3526,"date":"2022-02-23T05:20:59","date_gmt":"2022-02-23T08:20:59","guid":{"rendered":"https:\/\/agewell-nih-appta.ca\/daniel-smiley\/"},"modified":"2022-02-28T10:08:39","modified_gmt":"2022-02-28T13:08:39","slug":"daniel-smiley","status":"publish","type":"page","link":"https:\/\/agewell-nih-appta.ca\/fr\/nos-membres\/daniel-smiley\/","title":{"rendered":"Daniel Smiley"},"content":{"rendered":"\n<p>Daniel Smiley remplit les fonctions de\nsp\u00e9cialiste de la recherche et de la logistique aupr\u00e8s du Centre POPRAVIT et du\nd\u00e9partement de la sant\u00e9 communautaire et de l\u2019\u00e9pid\u00e9miologie de l&rsquo;Universit\u00e9\nDalhousie. Au Centre POPRAVIT, les responsabilit\u00e9s de Daniel comprennent la\nrecherche, le rayonnement et la r\u00e9daction de sc\u00e9narios pour le balado Mile\u00c2GE,\nla conception d\u2019infographiques et de documents, la r\u00e9daction et l\u2019application\nde connaissances pour la s\u00e9rie sur l\u2019\u00c9tat de la recherche ainsi que des\nservices \u00e9ditoriaux pour les autres publications du Centre POPRAVIT.&nbsp; Daniel prend plaisir \u00e0 rendre des th\u00e8mes\nscientifiques complexes facilement accessibles \u00e0 l\u2019aide de conceptions\nvisuelles et de formulations claires.<\/p>\n\n\n\n<p>Avant de se joindre au Centre POPRAVIT,\nDaniel remplissait les fonctions de producteur num\u00e9rique chez Producer at\nPenguin Random House UK, o\u00f9 il concevait des produits d\u2019appoint pour des\nouvrages.&nbsp; Daniel a con\u00e7u un vaste\n\u00e9ventail de produits num\u00e9riques pour les secteurs du cin\u00e9ma, de la t\u00e9l\u00e9vision\net de l\u2019\u00e9dition, dont des sites Web, des jeux, des applications vocales et des\nrobots conversationnels. Daniel a une ma\u00eetrise en production m\u00e9diatique, dans\nle cadre de laquelle il a fait une recherche afin de trouver des moyens\nnovateurs d\u2019\u00e9tablir des communaut\u00e9s en ligne. Daniel s\u2019int\u00e9resse \u00e0 la fa\u00e7on\ndont l\u2019innovation technologique peut am\u00e9liorer le bien-\u00eatre et la qualit\u00e9 de\nvie.<\/p>\n\n\n\n<p>Lorsqu\u2019il ne travaille pas, Daniel se pla\u00eet\n\u00e0 jouer \u00e0 des jeux de soci\u00e9t\u00e9, \u00e0 voyager et \u00e0 faire de la randonn\u00e9e.&nbsp; Il a aussi enseign\u00e9 et jou\u00e9 des\nimprovisations comiques pendant plus de 10 ans, et r\u00e9alis\u00e9 une tourn\u00e9e dans le\nSud du R.-U. avec sa troupe. <\/p>\n\n\n\n<h4 class=\"wp-block-heading\">EN BREF:<\/h4>\n\n\n\n<ul class=\"wp-block-list\"><li>\u00c9tudes : Production m\u00e9diatique (M.A., Ryerson University), Anglais et r\u00e9daction professionnelle (BA, York University)<br><\/li><li>Lectures recommand\u00e9es\u00a0: Never Let Me Go, Kazuo Ishiguro; The North Water, Ian McGuire; Alias Grace, Margaret Atwood; The Wind-Up Bird Chronicle, Haruki Murakami<br><\/li><li>Coordonn\u00e9es : <a href=\"mailto:daniel.smiley@dal.ca \">daniel.smiley@dal.ca<\/a><\/li><\/ul>\n","protected":false},"excerpt":{"rendered":"<p>Daniel Smiley remplit les fonctions de sp\u00e9cialiste de la recherche et de la logistique aupr\u00e8s du Centre POPRAVIT et du d\u00e9partement de la sant\u00e9 communautaire et de l\u2019\u00e9pid\u00e9miologie de l&rsquo;Universit\u00e9 [&hellip;]<\/p>\n","protected":false},"author":1,"featured_media":0,"parent":185,"menu_order":0,"comment_status":"closed","ping_status":"closed","template":"","meta":{"_acf_changed":false,"inline_featured_image":false,"_monsterinsights_skip_tracking":false,"_monsterinsights_sitenote_active":false,"_monsterinsights_sitenote_note":"","_monsterinsights_sitenote_category":0,"footnotes":""},"class_list":["post-3526","page","type-page","status-publish","hentry"],"acf":[],"aioseo_notices":[],"_links":{"self":[{"href":"https:\/\/agewell-nih-appta.ca\/fr\/wp-json\/wp\/v2\/pages\/3526","targetHints":{"allow":["GET"]}}],"collection":[{"href":"https:\/\/agewell-nih-appta.ca\/fr\/wp-json\/wp\/v2\/pages"}],"about":[{"href":"https:\/\/agewell-nih-appta.ca\/fr\/wp-json\/wp\/v2\/types\/page"}],"author":[{"embeddable":true,"href":"https:\/\/agewell-nih-appta.ca\/fr\/wp-json\/wp\/v2\/users\/1"}],"replies":[{"embeddable":true,"href":"https:\/\/agewell-nih-appta.ca\/fr\/wp-json\/wp\/v2\/comments?post=3526"}],"version-history":[{"count":3,"href":"https:\/\/agewell-nih-appta.ca\/fr\/wp-json\/wp\/v2\/pages\/3526\/revisions"}],"predecessor-version":[{"id":3529,"href":"https:\/\/agewell-nih-appta.ca\/fr\/wp-json\/wp\/v2\/pages\/3526\/revisions\/3529"}],"up":[{"embeddable":true,"href":"https:\/\/agewell-nih-appta.ca\/fr\/wp-json\/wp\/v2\/pages\/185"}],"wp:attachment":[{"href":"https:\/\/agewell-nih-appta.ca\/fr\/wp-json\/wp\/v2\/media?parent=3526"}],"curies":[{"name":"wp","href":"https:\/\/api.w.org\/{rel}","templated":true}]}}