{"id":3173,"date":"2021-10-27T19:48:31","date_gmt":"2021-10-27T22:48:31","guid":{"rendered":"https:\/\/agewell-nih-appta.ca\/policy-innovation-lab\/"},"modified":"2023-11-28T19:25:48","modified_gmt":"2023-11-28T22:25:48","slug":"policy-innovation-lab","status":"publish","type":"page","link":"https:\/\/agewell-nih-appta.ca\/fr\/policy-innovation-lab\/","title":{"rendered":"Laboratoire d\u2019innovation politique"},"content":{"rendered":"\n<figure class=\"wp-block-image\"><img loading=\"lazy\" decoding=\"async\" width=\"1024\" height=\"247\" src=\"https:\/\/agewell-nih-appta.ca\/wp-content\/uploads\/2021\/11\/Innovation-1024x247.png\" alt=\"\" class=\"wp-image-3108\" srcset=\"https:\/\/agewell-nih-appta.ca\/wp-content\/uploads\/2021\/11\/Innovation-1024x247.png 1024w, https:\/\/agewell-nih-appta.ca\/wp-content\/uploads\/2021\/11\/Innovation-300x73.png 300w, https:\/\/agewell-nih-appta.ca\/wp-content\/uploads\/2021\/11\/Innovation-768x186.png 768w, https:\/\/agewell-nih-appta.ca\/wp-content\/uploads\/2021\/11\/Innovation.png 1200w\" sizes=\"auto, (max-width: 1024px) 100vw, 1024px\" \/><\/figure>\n\n\n\n<p>Au Centre POPRAVIT, nous savons que la r\u00e9flexion en groupe et la collaboration sont des outils efficaces pour r\u00e9soudre des probl\u00e8mes complexes. Nous utilisons cette strat\u00e9gie sous la forme d\u2019un laboratoire consacr\u00e9 \u00e0 diff\u00e9rents th\u00e8mes politiques; notamment, en :<\/p>\n\n\n\n<ul class=\"wp-block-list\">\n<li>r\u00e9unissant des participants aux perspectives et aux exp\u00e9riences diverses;<\/li>\n\n\n\n<li>tirant parti de donn\u00e9es probantes pour faciliter le processus;<\/li>\n\n\n\n<li>explorant les d\u00e9fis associ\u00e9s au th\u00e8me \u00e9tudi\u00e9;<\/li>\n\n\n\n<li>\u00e9laborant des solutions par la collaboration.<\/li>\n<\/ul>\n\n\n\n<p><strong>Chaque laboratoire comporte quatre phases :<\/strong><\/p>\n\n\n\n<figure class=\"wp-block-image\"><img loading=\"lazy\" decoding=\"async\" width=\"1024\" height=\"341\" src=\"https:\/\/agewell-nih-appta.ca\/wp-content\/uploads\/2021\/11\/Copy-of-APPTA-web-1024x341.png\" alt=\"\" class=\"wp-image-3179\" srcset=\"https:\/\/agewell-nih-appta.ca\/wp-content\/uploads\/2021\/11\/Copy-of-APPTA-web-1024x341.png 1024w, https:\/\/agewell-nih-appta.ca\/wp-content\/uploads\/2021\/11\/Copy-of-APPTA-web-300x100.png 300w, https:\/\/agewell-nih-appta.ca\/wp-content\/uploads\/2021\/11\/Copy-of-APPTA-web-768x256.png 768w, https:\/\/agewell-nih-appta.ca\/wp-content\/uploads\/2021\/11\/Copy-of-APPTA-web.png 1200w\" sizes=\"auto, (max-width: 1024px) 100vw, 1024px\" \/><\/figure>\n\n\n\n<p><strong>\u00c0 ce jour, nous avons organis\u00e9 deux laboratoires d\u2019innovation politique :<\/strong><\/p>\n\n\n\n<h4 class=\"wp-block-heading\"><strong>1. <\/strong>COMMENT POUVONS-NOUS FACILITER L\u2019ADOPTION ET L\u2019ADAPTATION DES TECHNOLOGIES DE LA SANT\u00c9 QUI FAVORISENT LE VIEILLISSEMENT EN SANT\u00c9 AU NOUVEAU-BRUNSWICK (MARS 2021)<\/h4>\n\n\n\n<figure class=\"wp-block-gallery has-nested-images columns-3 is-cropped wp-block-gallery-1 is-layout-flex wp-block-gallery-is-layout-flex\">\n<figure class=\"wp-block-image\"><img loading=\"lazy\" decoding=\"async\" width=\"540\" height=\"699\" data-id=\"3198\" src=\"https:\/\/agewell-nih-appta.ca\/wp-content\/uploads\/2021\/11\/Screen-Shot-2021-11-05-at-6.22.40-PM.png\" alt=\"\" class=\"wp-image-3198\" srcset=\"https:\/\/agewell-nih-appta.ca\/wp-content\/uploads\/2021\/11\/Screen-Shot-2021-11-05-at-6.22.40-PM.png 540w, https:\/\/agewell-nih-appta.ca\/wp-content\/uploads\/2021\/11\/Screen-Shot-2021-11-05-at-6.22.40-PM-232x300.png 232w\" sizes=\"auto, (max-width: 540px) 100vw, 540px\" \/><figcaption class=\"wp-element-caption\"><a href=\"https:\/\/agewell-nih-appta.ca\/wp-content\/uploads\/2021\/11\/Policy20Innovation20Lab20FINAL20REPORT20french.pdf\"><img loading=\"lazy\" decoding=\"async\" width=\"150\" height=\"35\" class=\"wp-image-1571\" style=\"width: 150px;\" src=\"https:\/\/agewell-nih-appta.ca\/wp-content\/uploads\/2019\/07\/Acceder.png\" alt=\"\" srcset=\"https:\/\/agewell-nih-appta.ca\/wp-content\/uploads\/2019\/07\/Acceder.png 330w, https:\/\/agewell-nih-appta.ca\/wp-content\/uploads\/2019\/07\/Acceder-300x71.png 300w\" sizes=\"auto, (max-width: 150px) 100vw, 150px\" \/><\/a><\/figcaption><\/figure>\n\n\n\n<figure class=\"wp-block-image\"><img loading=\"lazy\" decoding=\"async\" width=\"791\" height=\"1024\" data-id=\"3260\" src=\"https:\/\/agewell-nih-appta.ca\/wp-content\/uploads\/2021\/11\/Evidence-Brief_Technology-Adoption-Across-Canada_FR-791x1024.jpeg\" alt=\"\" class=\"wp-image-3260\" srcset=\"https:\/\/agewell-nih-appta.ca\/wp-content\/uploads\/2021\/11\/Evidence-Brief_Technology-Adoption-Across-Canada_FR-791x1024.jpeg 791w, https:\/\/agewell-nih-appta.ca\/wp-content\/uploads\/2021\/11\/Evidence-Brief_Technology-Adoption-Across-Canada_FR-232x300.jpeg 232w, https:\/\/agewell-nih-appta.ca\/wp-content\/uploads\/2021\/11\/Evidence-Brief_Technology-Adoption-Across-Canada_FR-768x994.jpeg 768w, https:\/\/agewell-nih-appta.ca\/wp-content\/uploads\/2021\/11\/Evidence-Brief_Technology-Adoption-Across-Canada_FR.jpeg 834w\" sizes=\"auto, (max-width: 791px) 100vw, 791px\" \/><figcaption class=\"wp-element-caption\"><a href=\"https:\/\/agewell-nih-appta.ca\/wp-content\/uploads\/2021\/11\/Evidence-Brief-TECHNOLOGY-ADOPTION-ACROSS-CANADA_FR.pdf\"><img loading=\"lazy\" decoding=\"async\" width=\"150\" height=\"35\" class=\"wp-image-1571\" style=\"width: 150px;\" src=\"https:\/\/agewell-nih-appta.ca\/wp-content\/uploads\/2019\/07\/Acceder.png\" alt=\"\" srcset=\"https:\/\/agewell-nih-appta.ca\/wp-content\/uploads\/2019\/07\/Acceder.png 330w, https:\/\/agewell-nih-appta.ca\/wp-content\/uploads\/2019\/07\/Acceder-300x71.png 300w\" sizes=\"auto, (max-width: 150px) 100vw, 150px\" \/><\/a><\/figcaption><\/figure>\n\n\n\n<figure class=\"wp-block-image\"><img loading=\"lazy\" decoding=\"async\" width=\"791\" height=\"1024\" data-id=\"3747\" src=\"https:\/\/agewell-nih-appta.ca\/wp-content\/uploads\/2022\/05\/SystemMap_22_03fr-cover-791x1024.jpg\" alt=\"\" class=\"wp-image-3747\" srcset=\"https:\/\/agewell-nih-appta.ca\/wp-content\/uploads\/2022\/05\/SystemMap_22_03fr-cover-791x1024.jpg 791w, https:\/\/agewell-nih-appta.ca\/wp-content\/uploads\/2022\/05\/SystemMap_22_03fr-cover-232x300.jpg 232w, https:\/\/agewell-nih-appta.ca\/wp-content\/uploads\/2022\/05\/SystemMap_22_03fr-cover-768x994.jpg 768w, https:\/\/agewell-nih-appta.ca\/wp-content\/uploads\/2022\/05\/SystemMap_22_03fr-cover.jpg 835w\" sizes=\"auto, (max-width: 791px) 100vw, 791px\" \/><figcaption class=\"wp-element-caption\"><a href=\"https:\/\/agewell-nih-appta.ca\/wp-content\/uploads\/2022\/05\/SystemMap_22_03fr.pdf\" target=\"_blank\" rel=\"noreferrer noopener\" aria-label=\"\ufffc (opens in a new tab)\"><img loading=\"lazy\" decoding=\"async\" width=\"150\" height=\"35\" class=\"wp-image-1571\" style=\"width: 150px;\" src=\"https:\/\/agewell-nih-appta.ca\/wp-content\/uploads\/2019\/07\/Acceder.png\" alt=\"\" srcset=\"https:\/\/agewell-nih-appta.ca\/wp-content\/uploads\/2019\/07\/Acceder.png 330w, https:\/\/agewell-nih-appta.ca\/wp-content\/uploads\/2019\/07\/Acceder-300x71.png 300w\" sizes=\"auto, (max-width: 150px) 100vw, 150px\" \/><\/a><\/figcaption><\/figure>\n<\/figure>\n\n\n\n<ul class=\"wp-block-list\">\n<li><a href=\"https:\/\/agewell-nih-appta.ca\/wp-content\/uploads\/2021\/11\/Policy20Innovation20Lab20FINAL20REPORT20french.pdf\">Rapport du Laboratoire d\u2019innovation politique \u2014 Am\u00e9liorer l&rsquo;adoption et et l\u2019adaptation des technologies visant \u00e0 favoriser le vieillissement en sant\u00e9 au Nouveau-Brunswick <\/a><\/li>\n\n\n\n<li><a href=\"https:\/\/agewell-nih-appta.ca\/wp-content\/uploads\/2021\/11\/Evidence-Brief-TECHNOLOGY-ADOPTION-ACROSS-CANADA_FR.pdf\">Synth\u00e8se de donn\u00e9es probantes : L\u2019adoption de la technologie au Canada : L\u2019\u00e9cosyst\u00e8me, les obstacles et les r\u00e9ussites<\/a><\/li>\n<\/ul>\n\n\n\n<h4 class=\"wp-block-heading\"><strong>2. <\/strong>COMMENT POUVONS-NOUS OPTIMISER LES SERVICES D\u2019AIDE \u00c0 DOMICILE QUI FAVORISENT LE VIEILLISSEMENT EN SANT\u00c9 DES CANADIENS (OCTOBRE 2019)<\/h4>\n\n\n\n<figure class=\"wp-block-gallery has-nested-images columns-3 is-cropped wp-block-gallery-2 is-layout-flex wp-block-gallery-is-layout-flex\">\n<figure class=\"wp-block-image\"><img loading=\"lazy\" decoding=\"async\" width=\"609\" height=\"757\" data-id=\"3185\" src=\"https:\/\/agewell-nih-appta.ca\/wp-content\/uploads\/2021\/11\/Copy-of-Web2-609-x-757-px.png\" alt=\"\" class=\"wp-image-3185\" srcset=\"https:\/\/agewell-nih-appta.ca\/wp-content\/uploads\/2021\/11\/Copy-of-Web2-609-x-757-px.png 609w, https:\/\/agewell-nih-appta.ca\/wp-content\/uploads\/2021\/11\/Copy-of-Web2-609-x-757-px-241x300.png 241w\" sizes=\"auto, (max-width: 609px) 100vw, 609px\" \/><figcaption class=\"wp-element-caption\"><a href=\"https:\/\/agewell-nih-appta.ca\/wp-content\/uploads\/2020\/01\/FRENCH-Policy-Innovation-Lab-Report-APPTA-Hub-1.pdf\"><img loading=\"lazy\" decoding=\"async\" width=\"150\" height=\"35\" class=\"wp-image-1571\" style=\"width: 150px;\" src=\"https:\/\/agewell-nih-appta.ca\/wp-content\/uploads\/2019\/07\/Acceder.png\" alt=\"\" srcset=\"https:\/\/agewell-nih-appta.ca\/wp-content\/uploads\/2019\/07\/Acceder.png 330w, https:\/\/agewell-nih-appta.ca\/wp-content\/uploads\/2019\/07\/Acceder-300x71.png 300w\" sizes=\"auto, (max-width: 150px) 100vw, 150px\" \/><\/a><\/figcaption><\/figure>\n\n\n\n<figure class=\"wp-block-image\"><img loading=\"lazy\" decoding=\"async\" width=\"538\" height=\"699\" data-id=\"3181\" src=\"https:\/\/agewell-nih-appta.ca\/wp-content\/uploads\/2021\/11\/Screen-Shot-2021-11-05-at-3.31.45-PM.png\" alt=\"\" class=\"wp-image-3181\" srcset=\"https:\/\/agewell-nih-appta.ca\/wp-content\/uploads\/2021\/11\/Screen-Shot-2021-11-05-at-3.31.45-PM.png 538w, https:\/\/agewell-nih-appta.ca\/wp-content\/uploads\/2021\/11\/Screen-Shot-2021-11-05-at-3.31.45-PM-231x300.png 231w\" sizes=\"auto, (max-width: 538px) 100vw, 538px\" \/><figcaption class=\"wp-element-caption\"><a href=\"https:\/\/agewell-nih-appta.ca\/wp-content\/uploads\/2020\/12\/FR-Housing-Evidence.pdf\"><img loading=\"lazy\" decoding=\"async\" width=\"150\" height=\"35\" class=\"wp-image-1571\" style=\"width: 150px;\" src=\"https:\/\/agewell-nih-appta.ca\/wp-content\/uploads\/2019\/07\/Acceder.png\" alt=\"\" srcset=\"https:\/\/agewell-nih-appta.ca\/wp-content\/uploads\/2019\/07\/Acceder.png 330w, https:\/\/agewell-nih-appta.ca\/wp-content\/uploads\/2019\/07\/Acceder-300x71.png 300w\" sizes=\"auto, (max-width: 150px) 100vw, 150px\" \/><\/a><\/figcaption><\/figure>\n\n\n\n<figure class=\"wp-block-image\"><img loading=\"lazy\" decoding=\"async\" width=\"540\" height=\"701\" data-id=\"3183\" src=\"https:\/\/agewell-nih-appta.ca\/wp-content\/uploads\/2021\/11\/Screen-Shot-2021-11-05-at-3.31.58-PM.png\" alt=\"\" class=\"wp-image-3183\" srcset=\"https:\/\/agewell-nih-appta.ca\/wp-content\/uploads\/2021\/11\/Screen-Shot-2021-11-05-at-3.31.58-PM.png 540w, https:\/\/agewell-nih-appta.ca\/wp-content\/uploads\/2021\/11\/Screen-Shot-2021-11-05-at-3.31.58-PM-231x300.png 231w\" sizes=\"auto, (max-width: 540px) 100vw, 540px\" \/><figcaption class=\"wp-element-caption\"><a href=\"https:\/\/agewell-nih-appta.ca\/wp-content\/uploads\/2020\/12\/FR-Home-Support-Services-1.pdf\"><img loading=\"lazy\" decoding=\"async\" width=\"150\" height=\"35\" class=\"wp-image-1571\" style=\"width: 150px;\" src=\"https:\/\/agewell-nih-appta.ca\/wp-content\/uploads\/2019\/07\/Acceder.png\" alt=\"\" srcset=\"https:\/\/agewell-nih-appta.ca\/wp-content\/uploads\/2019\/07\/Acceder.png 330w, https:\/\/agewell-nih-appta.ca\/wp-content\/uploads\/2019\/07\/Acceder-300x71.png 300w\" sizes=\"auto, (max-width: 150px) 100vw, 150px\" \/><\/a><\/figcaption><\/figure>\n<\/figure>\n\n\n\n<ul class=\"wp-block-list\">\n<li><a href=\"https:\/\/agewell-nih-appta.ca\/wp-content\/uploads\/2020\/01\/FRENCH-Policy-Innovation-Lab-Report-APPTA-Hub-1.pdf\">Explorons les possibilit\u00e9s d\u2019aide \u00e0 domicile \u2014 Rapport du laboratoire d\u2019innovation politique<\/a><\/li>\n\n\n\n<li><a href=\"https:\/\/agewell-nih-appta.ca\/wp-content\/uploads\/2020\/12\/FR-Housing-Evidence.pdf\">Synth\u00e8se de donn\u00e9es probantes : Examen des d\u00e9fis li\u00e9s au logement des Canadiens \u00e2g\u00e9s<\/a><\/li>\n\n\n\n<li><a href=\"https:\/\/agewell-nih-appta.ca\/wp-content\/uploads\/2020\/12\/FR-Home-Support-Services-1.pdf\">Synth\u00e8se de donn\u00e9es probantes : Examen des d\u00e9fis li\u00e9s \u00e0 l\u2019offre de soins \u00e0 domicile et de services de soutien \u00e0 domicile au Canada<\/a><\/li>\n<\/ul>\n","protected":false},"excerpt":{"rendered":"<p>Au Centre POPRAVIT, nous savons que la r\u00e9flexion en groupe et la collaboration sont des outils efficaces pour r\u00e9soudre des probl\u00e8mes complexes. Nous utilisons cette strat\u00e9gie sous la forme d\u2019un [&hellip;]<\/p>\n","protected":false},"author":1,"featured_media":0,"parent":0,"menu_order":0,"comment_status":"closed","ping_status":"closed","template":"","meta":{"_acf_changed":false,"inline_featured_image":false,"_monsterinsights_skip_tracking":false,"_monsterinsights_sitenote_active":false,"_monsterinsights_sitenote_note":"","_monsterinsights_sitenote_category":0,"footnotes":""},"class_list":["post-3173","page","type-page","status-publish","hentry"],"acf":[],"aioseo_notices":[],"_links":{"self":[{"href":"https:\/\/agewell-nih-appta.ca\/fr\/wp-json\/wp\/v2\/pages\/3173","targetHints":{"allow":["GET"]}}],"collection":[{"href":"https:\/\/agewell-nih-appta.ca\/fr\/wp-json\/wp\/v2\/pages"}],"about":[{"href":"https:\/\/agewell-nih-appta.ca\/fr\/wp-json\/wp\/v2\/types\/page"}],"author":[{"embeddable":true,"href":"https:\/\/agewell-nih-appta.ca\/fr\/wp-json\/wp\/v2\/users\/1"}],"replies":[{"embeddable":true,"href":"https:\/\/agewell-nih-appta.ca\/fr\/wp-json\/wp\/v2\/comments?post=3173"}],"version-history":[{"count":9,"href":"https:\/\/agewell-nih-appta.ca\/fr\/wp-json\/wp\/v2\/pages\/3173\/revisions"}],"predecessor-version":[{"id":5659,"href":"https:\/\/agewell-nih-appta.ca\/fr\/wp-json\/wp\/v2\/pages\/3173\/revisions\/5659"}],"wp:attachment":[{"href":"https:\/\/agewell-nih-appta.ca\/fr\/wp-json\/wp\/v2\/media?parent=3173"}],"curies":[{"name":"wp","href":"https:\/\/api.w.org\/{rel}","templated":true}]}}