{"id":3033,"date":"2021-09-22T09:31:25","date_gmt":"2021-09-22T12:31:25","guid":{"rendered":"https:\/\/agewell-nih-appta.ca\/patrick-b-patterson-phd-2\/"},"modified":"2021-09-22T10:57:09","modified_gmt":"2021-09-22T13:57:09","slug":"patrick-b-patterson-phd-2","status":"publish","type":"page","link":"https:\/\/agewell-nih-appta.ca\/fr\/nos-membres\/patrick-b-patterson-phd-2\/","title":{"rendered":"Patrick B. Patterson, Ph.D"},"content":{"rendered":"\n<p>Patrick B. Patterson est courtier du savoir pour le Centre POPRAVIT. Patrick est un anthropologue social qui a de l\u2019exp\u00e9rience dans l\u2019utilisation des m\u00e9thodes de recherche qualitative visant \u00e0 \u00e9tudier la formation d\u2019organisations et de formations politiques. Au Centre POPRAVIT, il s\u2019occupe principalement des activit\u00e9s de recherche et d\u2019application des connaissances en \u00e9tudiant les contextes, les personnes et les processus qui interviennent dans la prise de d\u00e9cisions politiques.<\/p>\n\n\n\n<p>Mu par une vive curiosit\u00e9, Patrick fait profiter au Centre POPRAVIT de son exp\u00e9rience issue de diverses \u00e9tudes politiques. Il a \u00e9tudi\u00e9 les politiques sur la sant\u00e9 et la s\u00e9curit\u00e9 au travail dans l\u2019industrie de la foresterie en Colombie-Britannique et l\u2019industrie du p\u00e9trole en Alberta, les politiques sur le tabagisme et le vapotage dans les milieux de la sant\u00e9 et universitaires ainsi que les politiques sur le syst\u00e8me de sant\u00e9 dans la R\u00e9publique du Malawi, en Afrique du Sud. Il estime que la connaissance des aspects culturels et sociaux de l\u2019\u00e9laboration des politiques peut faciliter l\u2019adoption de d\u00e9cisions fond\u00e9es sur des donn\u00e9es probantes.<\/p>\n\n\n\n<p>Durant son temps libre, Patrick nourrit sa passion de la d\u00e9couverte par des voyages, des randonn\u00e9es et l\u2019appr\u00e9ciation des paysages naturels et anthropiques qui l\u2019entourent.<\/p>\n\n\n\n<h4 class=\"wp-block-heading\">EN BREF :<\/h4>\n\n\n\n<ul class=\"wp-block-list\"><li>Doctorat en philosophie, Universit\u00e9 de Calgary; ma\u00eetrise \u00e8s arts, Universit\u00e9 de Calgary; baccalaur\u00e9at \u00e8s Arts, Universit\u00e9 de Calgary<\/li><li>Lectures recommand\u00e9es :<ul><li>\u0152uvres non fictives : <em>The Intelligence Trap: Why Smart People Make Dumb Mistakes<\/em>, par David Robson<\/li><li>Fictions : <em>Broken Ground,<\/em> par Jack Hodgins; n\u2019importe quel ouvrage de Margaret Lawrence<\/li><li>\u0152uvres classiques : <em>Histories,<\/em> Herodotus<\/li><li>Courriel :\u00a0<a href=\"mailto:patrick.patterson@dal.ca\">patrick.patterson@dal.ca<\/a><\/li><\/ul><\/li><\/ul>\n","protected":false},"excerpt":{"rendered":"<p>Patrick B. Patterson est courtier du savoir pour le Centre POPRAVIT. Patrick est un anthropologue social qui a de l\u2019exp\u00e9rience dans l\u2019utilisation des m\u00e9thodes de recherche qualitative visant \u00e0 \u00e9tudier [&hellip;]<\/p>\n","protected":false},"author":1,"featured_media":0,"parent":185,"menu_order":0,"comment_status":"closed","ping_status":"closed","template":"","meta":{"_acf_changed":false,"inline_featured_image":false,"_monsterinsights_skip_tracking":false,"_monsterinsights_sitenote_active":false,"_monsterinsights_sitenote_note":"","_monsterinsights_sitenote_category":0,"footnotes":""},"class_list":["post-3033","page","type-page","status-publish","hentry"],"acf":[],"aioseo_notices":[],"_links":{"self":[{"href":"https:\/\/agewell-nih-appta.ca\/fr\/wp-json\/wp\/v2\/pages\/3033","targetHints":{"allow":["GET"]}}],"collection":[{"href":"https:\/\/agewell-nih-appta.ca\/fr\/wp-json\/wp\/v2\/pages"}],"about":[{"href":"https:\/\/agewell-nih-appta.ca\/fr\/wp-json\/wp\/v2\/types\/page"}],"author":[{"embeddable":true,"href":"https:\/\/agewell-nih-appta.ca\/fr\/wp-json\/wp\/v2\/users\/1"}],"replies":[{"embeddable":true,"href":"https:\/\/agewell-nih-appta.ca\/fr\/wp-json\/wp\/v2\/comments?post=3033"}],"version-history":[{"count":3,"href":"https:\/\/agewell-nih-appta.ca\/fr\/wp-json\/wp\/v2\/pages\/3033\/revisions"}],"predecessor-version":[{"id":3036,"href":"https:\/\/agewell-nih-appta.ca\/fr\/wp-json\/wp\/v2\/pages\/3033\/revisions\/3036"}],"up":[{"embeddable":true,"href":"https:\/\/agewell-nih-appta.ca\/fr\/wp-json\/wp\/v2\/pages\/185"}],"wp:attachment":[{"href":"https:\/\/agewell-nih-appta.ca\/fr\/wp-json\/wp\/v2\/media?parent=3033"}],"curies":[{"name":"wp","href":"https:\/\/api.w.org\/{rel}","templated":true}]}}