{"id":2029,"date":"2020-04-14T14:55:49","date_gmt":"2020-04-14T17:55:49","guid":{"rendered":"https:\/\/agewell-nih-appta.ca\/?page_id=2029"},"modified":"2022-01-18T12:49:34","modified_gmt":"2022-01-18T15:49:34","slug":"daniel-j-dutton-phd","status":"publish","type":"page","link":"https:\/\/agewell-nih-appta.ca\/fr\/nos-membres\/daniel-j-dutton-phd\/","title":{"rendered":"Daniel J. Dutton"},"content":{"rendered":"\n<p>Daniel J. Dutton est professeur adjoint en\nsant\u00e9 communautaire et \u00e9pid\u00e9miologie \u00e0 la facult\u00e9 de m\u00e9decine de l&rsquo;Universit\u00e9 Dalhousie,\ncampus du Nouveau-Brunswick. Il effectue actuellement des travaux de recherche\ndans trois domaines g\u00e9n\u00e9raux : l\u2019\u00e9pid\u00e9miologie sociale, l\u2019\u00e9conomie de la sant\u00e9\net la politique appliqu\u00e9e. La majorit\u00e9 de son travail est de nature\nquantitative : il utilise de vastes s\u00e9ries de donn\u00e9es et des strat\u00e9gies de\nmod\u00e9lisation issues de l&rsquo;\u00e9conomie et de l&rsquo;\u00e9pid\u00e9miologie. Il s\u2019int\u00e9resse\nprincipalement aux expositions \u00e0 l\u2019\u00e9chelle de la population ainsi qu\u2019\u00e0 leurs\neffets sur la pauvret\u00e9 et la sant\u00e9, \u00e0 la fa\u00e7on dont les gouvernements peuvent\ng\u00e9rer ces expositions et aux incidences distributives du traitement de ces\nexpositions. Actuellement, il axe son travail \u00e0 cet \u00e9gard sur l&rsquo;itin\u00e9rance, les\nfaibles revenus et la politique gouvernementale. Il s&rsquo;int\u00e9resse \u00e9galement \u00e0 la\npratique m\u00e9thodologique, notamment \u00e0 la fa\u00e7on dont la recherche est effectu\u00e9e\nen \u00e9pid\u00e9miologie appliqu\u00e9e et aux questions auxquelles les chercheurs\nr\u00e9pondent. <\/p>\n\n\n\n<p>Il a donn\u00e9, et donne actuellement, des cours d&rsquo;\u00e9conom\u00e9trie, de statistiques, d&rsquo;\u00e9pid\u00e9miologie et de sant\u00e9 de la population. Avant son doctorat, Dan a travaill\u00e9 durant une br\u00e8ve p\u00e9riode au minist\u00e8re des Finances de l&rsquo;Ontario. <\/p>\n\n\n\n<p>Site Web: <a href=\"http:\/\/www.danieldutton.com\">www.danieldutton.com<\/a><\/p>\n\n\n\n<p>Il est pr\u00e9sent sur Twitter : @danduttonysj<\/p>\n\n\n\n<h4 class=\"wp-block-heading\">Info\u2011bulle :<\/h4>\n\n\n\n<p>Scolarit\u00e9&nbsp;: Sciences de la sant\u00e9\ncommunautaire \u2013 Sant\u00e9 de la population et sant\u00e9 publique (Ph.D., Calgary),\n\u00c9conomie (C.M., Calgary), \u00c9conomie (BSA, Universit\u00e9 Queen\u2019s).<\/p>\n\n\n\n<p>Ouvrages recommand\u00e9s : Player Piano,\nKurt Vonnegut; Annihilation, Jeff VanderMeer; The Three Body Problem,\nLiu Cixin.<\/p>\n","protected":false},"excerpt":{"rendered":"<p>Daniel J. Dutton est professeur adjoint en sant\u00e9 communautaire et \u00e9pid\u00e9miologie \u00e0 la facult\u00e9 de m\u00e9decine de l&rsquo;Universit\u00e9 Dalhousie, campus du Nouveau-Brunswick. Il effectue actuellement des travaux de recherche dans [&hellip;]<\/p>\n","protected":false},"author":1,"featured_media":2049,"parent":185,"menu_order":0,"comment_status":"closed","ping_status":"closed","template":"","meta":{"_acf_changed":false,"inline_featured_image":false,"_monsterinsights_skip_tracking":false,"_monsterinsights_sitenote_active":false,"_monsterinsights_sitenote_note":"","_monsterinsights_sitenote_category":0,"footnotes":""},"class_list":["post-2029","page","type-page","status-publish","has-post-thumbnail","hentry"],"acf":[],"aioseo_notices":[],"_links":{"self":[{"href":"https:\/\/agewell-nih-appta.ca\/fr\/wp-json\/wp\/v2\/pages\/2029","targetHints":{"allow":["GET"]}}],"collection":[{"href":"https:\/\/agewell-nih-appta.ca\/fr\/wp-json\/wp\/v2\/pages"}],"about":[{"href":"https:\/\/agewell-nih-appta.ca\/fr\/wp-json\/wp\/v2\/types\/page"}],"author":[{"embeddable":true,"href":"https:\/\/agewell-nih-appta.ca\/fr\/wp-json\/wp\/v2\/users\/1"}],"replies":[{"embeddable":true,"href":"https:\/\/agewell-nih-appta.ca\/fr\/wp-json\/wp\/v2\/comments?post=2029"}],"version-history":[{"count":4,"href":"https:\/\/agewell-nih-appta.ca\/fr\/wp-json\/wp\/v2\/pages\/2029\/revisions"}],"predecessor-version":[{"id":3356,"href":"https:\/\/agewell-nih-appta.ca\/fr\/wp-json\/wp\/v2\/pages\/2029\/revisions\/3356"}],"up":[{"embeddable":true,"href":"https:\/\/agewell-nih-appta.ca\/fr\/wp-json\/wp\/v2\/pages\/185"}],"wp:featuredmedia":[{"embeddable":true,"href":"https:\/\/agewell-nih-appta.ca\/fr\/wp-json\/wp\/v2\/media\/2049"}],"wp:attachment":[{"href":"https:\/\/agewell-nih-appta.ca\/fr\/wp-json\/wp\/v2\/media?parent=2029"}],"curies":[{"name":"wp","href":"https:\/\/api.w.org\/{rel}","templated":true}]}}