{"id":1851,"date":"2019-11-25T16:25:21","date_gmt":"2019-11-25T19:25:21","guid":{"rendered":"https:\/\/agewell-nih-appta.ca\/?page_id=1851"},"modified":"2023-11-27T21:31:57","modified_gmt":"2023-11-28T00:31:57","slug":"policy-challenge","status":"publish","type":"page","link":"https:\/\/agewell-nih-appta.ca\/fr\/policy-challenge\/","title":{"rendered":"D\u00e9fi Politique"},"content":{"rendered":"\n<p>Le d\u00e9fi politique est un programme \u00e9ducatif mis en \u0153uvre par AGE-WELL et le Centre national d\u2019innovation AGE-WELL \u2013 POPRAVIT. Il s\u2019agit d\u2019une occasion unique pour les stagiaires d\u2019AGE-WELL de travailler en \u00e9troite collaboration avec des experts en politique et d&rsquo;apprendre de source directe comment des id\u00e9es de recherche peuvent devenir des options politiques susceptibles d\u2019\u00eatre mises en \u0153uvre \u00e0 l\u2019\u00e9chelle provinciale, territoriale ou nationale.<br><br>Chaque ann\u00e9e, des intervenants gouvernementaux de territoires\/provinces du Canada \u00e9tablissent des th\u00e8mes politiques prioritaires. Les candidats choisissent ensuite l\u2019un de ces th\u00e8mes et, durant le reste du programme, travaillent en \u00e9troite collaboration avec l\u2019\u00e9quipe du Centre&nbsp;POPRAVIT et le vaste r\u00e9seau des intervenants gouvernementaux pour \u00e9laborer leur propre rapport politique. Les participants acqui\u00e8rent ainsi des comp\u00e9tences en r\u00e9daction de documents politiques ainsi que des produits de connaissance utiles et percutants dont ils pourront enrichir leur portefeuille \u00e0 la fin du programme, en sus de b\u00e9n\u00e9ficier de pr\u00e9cieuses occasions de r\u00e9seautage.<\/p>\n\n\n\n<figure class=\"wp-block-image\"><img loading=\"lazy\" decoding=\"async\" width=\"1024\" height=\"294\" src=\"https:\/\/agewell-nih-appta.ca\/wp-content\/uploads\/2020\/06\/Agewell-ChartGraphic-FRE-1024x294.jpg\" alt=\"\" class=\"wp-image-2162\" srcset=\"https:\/\/agewell-nih-appta.ca\/wp-content\/uploads\/2020\/06\/Agewell-ChartGraphic-FRE-1024x294.jpg 1024w, https:\/\/agewell-nih-appta.ca\/wp-content\/uploads\/2020\/06\/Agewell-ChartGraphic-FRE-300x86.jpg 300w, https:\/\/agewell-nih-appta.ca\/wp-content\/uploads\/2020\/06\/Agewell-ChartGraphic-FRE-768x221.jpg 768w, https:\/\/agewell-nih-appta.ca\/wp-content\/uploads\/2020\/06\/Agewell-ChartGraphic-FRE.jpg 1800w\" sizes=\"auto, (max-width: 1024px) 100vw, 1024px\" \/><\/figure>\n\n\n\n<h2 class=\"wp-block-heading\">LAUR\u00c9ATS DU D\u00c9FI POLITIQUE DE 2023-2024<\/h2>\n\n\n\n<hr class=\"wp-block-separator has-css-opacity is-style-wide\"\/>\n\n\n\n<p>Nous sommes tr\u00e8s heureux d\u2019annoncer nos trois laur\u00e9ats du d\u00e9fi politique de 2023-2024.\u00a0Bryan Hong (chercheur postdoctoral, Universit\u00e9 de Toronto), qui traitera de la question suivante : De quelles mani\u00e8res l\u2019augmentation des co\u00fbts de location\/propri\u00e9t\u00e9 domiciliaire a touch\u00e9 les Canadiens \u00e2g\u00e9s, et quels programmes\/quelles strat\u00e9gies sont disponibles pour les aider \u00e0 conserver le logement qu\u2019ils louent ou dont ils sont propri\u00e9taires?<a> <\/a>Dorra Rakia Allegue (boursi\u00e8re postdoctorale, Universit\u00e9 McGill) abordera la question suivante : Quelles technologies sociales ou d&rsquo;assistance se sont r\u00e9v\u00e9l\u00e9es efficaces pour les aidants non r\u00e9mun\u00e9r\u00e9s\/familiaux\/amicaux, et quelles sont leurs retomb\u00e9es. Finalement, Edith Munene (\u00e9tudiante au doctorat, Universit\u00e9 de Victoria) se penchera sur la question suivante : Quels sont les m\u00e9canismes d\u2019aide les plus utiles que les aidants non r\u00e9mun\u00e9r\u00e9s\/familiaux\/amicaux ont trouv\u00e9s pour \u00e9viter efficacement l\u2019\u00e9puisement et offrir des soins. <\/p>\n\n\n\n<p>Nous nous r\u00e9jouissons de collaborer avec eux dans le cadre de leur rapport politique, entre autres.<\/p>\n\n\n\n<p>Ces rapports sont seulement disponibles en anglais.<\/p>\n\n\n\n<h2 class=\"wp-block-heading\">Anciens participants<\/h2>\n\n\n\n<hr class=\"wp-block-separator has-css-opacity is-style-wide\"\/>\n\n\n\n<div class=\"wp-block-columns is-layout-flex wp-container-core-columns-is-layout-1 wp-block-columns-is-layout-flex\">\n<div class=\"wp-block-column is-layout-flow wp-block-column-is-layout-flow\">\n<figure class=\"wp-block-image size-full\"><img loading=\"lazy\" decoding=\"async\" width=\"729\" height=\"729\" src=\"https:\/\/agewell-nih-appta.ca\/wp-content\/uploads\/2023\/04\/LyneOuellet.png\" alt=\"\" class=\"wp-image-4479\" srcset=\"https:\/\/agewell-nih-appta.ca\/wp-content\/uploads\/2023\/04\/LyneOuellet.png 729w, https:\/\/agewell-nih-appta.ca\/wp-content\/uploads\/2023\/04\/LyneOuellet-300x300.png 300w, https:\/\/agewell-nih-appta.ca\/wp-content\/uploads\/2023\/04\/LyneOuellet-150x150.png 150w, https:\/\/agewell-nih-appta.ca\/wp-content\/uploads\/2023\/04\/LyneOuellet-50x50.png 50w\" sizes=\"auto, (max-width: 729px) 100vw, 729px\" \/><\/figure>\n\n\n\n<h4 class=\"wp-block-heading\">Lyne Ouellet<\/h4>\n\n\n\n<hr class=\"wp-block-separator has-css-opacity is-style-wide\"\/>\n\n\n\n<div class=\"wp-block-button\"><a class=\"wp-block-button__link\" target=\"_blank\" href=\"https:\/\/agewell-nih-appta.ca\/wp-content\/uploads\/2023\/04\/OUELLETL_Policy-Challenge-2023_FINAL-002.pdf\" rel=\"noopener noreferrer\"><strong>What resources effectively help older adults and their caregivers navigate support services and the healthcare system?<\/strong><\/a><\/div>\n<\/div>\n\n\n\n<div class=\"wp-block-column is-layout-flow wp-block-column-is-layout-flow\">\n<figure class=\"wp-block-image size-full\"><img loading=\"lazy\" decoding=\"async\" width=\"729\" height=\"729\" src=\"https:\/\/agewell-nih-appta.ca\/wp-content\/uploads\/2023\/04\/AAM.png\" alt=\"\" class=\"wp-image-4484\" srcset=\"https:\/\/agewell-nih-appta.ca\/wp-content\/uploads\/2023\/04\/AAM.png 729w, https:\/\/agewell-nih-appta.ca\/wp-content\/uploads\/2023\/04\/AAM-300x300.png 300w, https:\/\/agewell-nih-appta.ca\/wp-content\/uploads\/2023\/04\/AAM-150x150.png 150w, https:\/\/agewell-nih-appta.ca\/wp-content\/uploads\/2023\/04\/AAM-50x50.png 50w\" sizes=\"auto, (max-width: 729px) 100vw, 729px\" \/><\/figure>\n\n\n\n<h4 class=\"wp-block-heading\">Ashley-Ann Marcotte<\/h4>\n\n\n\n<hr class=\"wp-block-separator has-css-opacity is-style-wide\"\/>\n\n\n\n<div class=\"wp-block-button\"><a class=\"wp-block-button__link\" target=\"_blank\" href=\"https:\/\/agewell-nih-appta.ca\/wp-content\/uploads\/2023\/04\/Marcotte-Digital-Literacy-Final-Report.pdf\" rel=\"noopener noreferrer\"><strong>Digital Literacy Interventions for\nOlder Adults in Canada<\/strong><\/a><\/div>\n<\/div>\n\n\n\n<div class=\"wp-block-column is-layout-flow wp-block-column-is-layout-flow\">\n<figure class=\"wp-block-image size-full\"><img loading=\"lazy\" decoding=\"async\" width=\"729\" height=\"729\" src=\"https:\/\/agewell-nih-appta.ca\/wp-content\/uploads\/2023\/05\/IsaacAdedeji.png\" alt=\"\" class=\"wp-image-4540\" srcset=\"https:\/\/agewell-nih-appta.ca\/wp-content\/uploads\/2023\/05\/IsaacAdedeji.png 729w, https:\/\/agewell-nih-appta.ca\/wp-content\/uploads\/2023\/05\/IsaacAdedeji-300x300.png 300w, https:\/\/agewell-nih-appta.ca\/wp-content\/uploads\/2023\/05\/IsaacAdedeji-150x150.png 150w, https:\/\/agewell-nih-appta.ca\/wp-content\/uploads\/2023\/05\/IsaacAdedeji-50x50.png 50w\" sizes=\"auto, (max-width: 729px) 100vw, 729px\" \/><\/figure>\n\n\n\n<h4 class=\"wp-block-heading\">Isaac A. Adedeji<\/h4>\n\n\n\n<hr class=\"wp-block-separator has-css-opacity is-style-wide\"\/>\n\n\n\n<div class=\"wp-block-button\"><a class=\"wp-block-button__link\" target=\"_blank\" href=\"https:\/\/agewell-nih-appta.ca\/wp-content\/uploads\/2023\/05\/ADEDEJIAA-Policy-Challenge_2023_FINAL-DS.pdf\" rel=\"noopener noreferrer\"><strong>Five key supports governments leverage to better enable persons living with dementia to age in place<\/strong><\/a><\/div>\n<\/div>\n<\/div>\n\n\n\n<div class=\"wp-block-columns is-layout-flex wp-container-core-columns-is-layout-2 wp-block-columns-is-layout-flex\">\n<div class=\"wp-block-column is-layout-flow wp-block-column-is-layout-flow\">\n<figure class=\"wp-block-image\"><img loading=\"lazy\" decoding=\"async\" width=\"729\" height=\"729\" src=\"https:\/\/agewell-nih-appta.ca\/wp-content\/uploads\/2022\/05\/busola_headshot.png\" alt=\"\" class=\"wp-image-3764\" srcset=\"https:\/\/agewell-nih-appta.ca\/wp-content\/uploads\/2022\/05\/busola_headshot.png 729w, https:\/\/agewell-nih-appta.ca\/wp-content\/uploads\/2022\/05\/busola_headshot-150x150.png 150w, https:\/\/agewell-nih-appta.ca\/wp-content\/uploads\/2022\/05\/busola_headshot-300x300.png 300w, https:\/\/agewell-nih-appta.ca\/wp-content\/uploads\/2022\/05\/busola_headshot-50x50.png 50w\" sizes=\"auto, (max-width: 729px) 100vw, 729px\" \/><\/figure>\n\n\n\n<p><strong>Adebusola Adekoya<\/strong><\/p>\n\n\n\n<hr class=\"wp-block-separator has-css-opacity is-style-wide\"\/>\n\n\n\n<div class=\"wp-block-button\"><a class=\"wp-block-button__link\" target=\"_blank\" href=\"https:\/\/agewell-nih-appta.ca\/wp-content\/uploads\/2022\/05\/AAdekoya-Policy-Challenge_AA003.pdf\" rel=\"noopener noreferrer\"><strong>Housing &amp; Care Models to Support Older Adults to Remain in their Communities<\/strong><\/a><\/div>\n<\/div>\n\n\n\n<div class=\"wp-block-column is-layout-flow wp-block-column-is-layout-flow\">\n<figure class=\"wp-block-image\"><img loading=\"lazy\" decoding=\"async\" width=\"750\" height=\"750\" src=\"https:\/\/agewell-nih-appta.ca\/wp-content\/uploads\/2022\/05\/amika_headshot.png\" alt=\"\" class=\"wp-image-3770\" srcset=\"https:\/\/agewell-nih-appta.ca\/wp-content\/uploads\/2022\/05\/amika_headshot.png 750w, https:\/\/agewell-nih-appta.ca\/wp-content\/uploads\/2022\/05\/amika_headshot-150x150.png 150w, https:\/\/agewell-nih-appta.ca\/wp-content\/uploads\/2022\/05\/amika_headshot-300x300.png 300w, https:\/\/agewell-nih-appta.ca\/wp-content\/uploads\/2022\/05\/amika_headshot-50x50.png 50w\" sizes=\"auto, (max-width: 750px) 100vw, 750px\" \/><\/figure>\n\n\n\n<h4 class=\"wp-block-heading\"><strong>Amika Shah<\/strong><\/h4>\n\n\n\n<hr class=\"wp-block-separator has-css-opacity is-style-wide\"\/>\n\n\n\n<div class=\"wp-block-button\"><a class=\"wp-block-button__link\" target=\"_blank\" href=\"https:\/\/agewell-nih-appta.ca\/wp-content\/uploads\/2022\/05\/ASHAH-Policy-Challenge_AS_FINAL.pdf\" rel=\"noopener noreferrer\"><strong>Access to Digital Mental Health Supports for Older Adults amidst Covid-19<\/strong><\/a><\/div>\n<\/div>\n\n\n\n<div class=\"wp-block-column is-layout-flow wp-block-column-is-layout-flow\">\n<figure class=\"wp-block-image\"><img loading=\"lazy\" decoding=\"async\" width=\"804\" height=\"804\" src=\"https:\/\/agewell-nih-appta.ca\/wp-content\/uploads\/2019\/11\/Natasha-Gallant-e1574711551268.png\" alt=\"Natasha Gallant\" class=\"wp-image-1745\" srcset=\"https:\/\/agewell-nih-appta.ca\/wp-content\/uploads\/2019\/11\/Natasha-Gallant-e1574711551268.png 804w, https:\/\/agewell-nih-appta.ca\/wp-content\/uploads\/2019\/11\/Natasha-Gallant-e1574711551268-150x150.png 150w, https:\/\/agewell-nih-appta.ca\/wp-content\/uploads\/2019\/11\/Natasha-Gallant-e1574711551268-300x300.png 300w, https:\/\/agewell-nih-appta.ca\/wp-content\/uploads\/2019\/11\/Natasha-Gallant-e1574711551268-768x768.png 768w, https:\/\/agewell-nih-appta.ca\/wp-content\/uploads\/2019\/11\/Natasha-Gallant-e1574711551268-50x50.png 50w\" sizes=\"auto, (max-width: 804px) 100vw, 804px\" \/><\/figure>\n\n\n\n<h4 class=\"wp-block-heading\"><strong>Natasha Gallant<\/strong><\/h4>\n\n\n\n<hr class=\"wp-block-separator has-css-opacity is-style-wide\"\/>\n\n\n\n<div class=\"wp-block-button\"><a class=\"wp-block-button__link\" target=\"_blank\" href=\"https:\/\/agewell-nih-appta.ca\/wp-content\/uploads\/2020\/03\/FINAL-NGallant.pdf\" rel=\"noopener noreferrer\"><strong>Key Barriers Faced by Older Adults Staying in the Workforce or Returning to the Workforce Once they have Exited<\/strong><\/a><\/div>\n<\/div>\n<\/div>\n\n\n\n<div class=\"wp-block-columns has-3-columns is-layout-flex wp-container-core-columns-is-layout-3 wp-block-columns-is-layout-flex\">\n<div class=\"wp-block-column is-layout-flow wp-block-column-is-layout-flow\">\n<figure class=\"wp-block-image\"><img loading=\"lazy\" decoding=\"async\" width=\"449\" height=\"449\" src=\"https:\/\/agewell-nih-appta.ca\/wp-content\/uploads\/2019\/11\/Alisa-Grigorovich-2-e1574711514253.jpg\" alt=\"Alisa Grigorovich\" class=\"wp-image-1755\" srcset=\"https:\/\/agewell-nih-appta.ca\/wp-content\/uploads\/2019\/11\/Alisa-Grigorovich-2-e1574711514253.jpg 449w, https:\/\/agewell-nih-appta.ca\/wp-content\/uploads\/2019\/11\/Alisa-Grigorovich-2-e1574711514253-150x150.jpg 150w, https:\/\/agewell-nih-appta.ca\/wp-content\/uploads\/2019\/11\/Alisa-Grigorovich-2-e1574711514253-300x300.jpg 300w, https:\/\/agewell-nih-appta.ca\/wp-content\/uploads\/2019\/11\/Alisa-Grigorovich-2-e1574711514253-50x50.jpg 50w\" sizes=\"auto, (max-width: 449px) 100vw, 449px\" \/><\/figure>\n\n\n\n<h4 class=\"wp-block-heading\"><strong>Alisa Grigorovich<\/strong><\/h4>\n\n\n\n<hr class=\"wp-block-separator has-css-opacity is-style-wide\"\/>\n\n\n\n<div class=\"wp-block-button\"><a class=\"wp-block-button__link\" target=\"_blank\" href=\"https:\/\/agewell-nih-appta.ca\/wp-content\/uploads\/2020\/03\/FINAL-AGrigorovich.pdf\" rel=\"noopener noreferrer\"><strong>Access to Technological-based Supports for Low-income Income Older Adults<\/strong><\/a><\/div>\n<\/div>\n\n\n\n<div class=\"wp-block-column is-layout-flow wp-block-column-is-layout-flow\">\n<figure class=\"wp-block-image\"><img loading=\"lazy\" decoding=\"async\" width=\"680\" height=\"680\" src=\"https:\/\/agewell-nih-appta.ca\/wp-content\/uploads\/2019\/11\/Ame\u0301lie-Gauthier-Beaupre\u0301-1-e1574711452111.jpeg\" alt=\"Am\u00e9lie Gauthier-Beaupr\u00e9\" class=\"wp-image-1763\" srcset=\"https:\/\/agewell-nih-appta.ca\/wp-content\/uploads\/2019\/11\/Ame\u0301lie-Gauthier-Beaupre\u0301-1-e1574711452111.jpeg 680w, https:\/\/agewell-nih-appta.ca\/wp-content\/uploads\/2019\/11\/Ame\u0301lie-Gauthier-Beaupre\u0301-1-e1574711452111-150x150.jpeg 150w, https:\/\/agewell-nih-appta.ca\/wp-content\/uploads\/2019\/11\/Ame\u0301lie-Gauthier-Beaupre\u0301-1-e1574711452111-300x300.jpeg 300w, https:\/\/agewell-nih-appta.ca\/wp-content\/uploads\/2019\/11\/Ame\u0301lie-Gauthier-Beaupre\u0301-1-e1574711452111-50x50.jpeg 50w\" sizes=\"auto, (max-width: 680px) 100vw, 680px\" \/><\/figure>\n\n\n\n<h4 class=\"wp-block-heading\"><strong>Am\u00e9lie Gauthier-Beaupr\u00e9<\/strong><\/h4>\n\n\n\n<hr class=\"wp-block-separator has-css-opacity is-style-wide\"\/>\n\n\n\n<div class=\"wp-block-button\"><a class=\"wp-block-button__link\" target=\"_blank\" href=\"https:\/\/agewell-nih-appta.ca\/wp-content\/uploads\/2020\/03\/FINAL-AGauthier-Beaupre.pdf\" rel=\"noopener noreferrer\"><strong>Technology-Based Supports for Aging in Place: Are they Effective?<\/strong><\/a><\/div>\n<\/div>\n\n\n\n<div class=\"wp-block-column is-layout-flow wp-block-column-is-layout-flow\">\n<figure class=\"wp-block-image\"><img loading=\"lazy\" decoding=\"async\" width=\"874\" height=\"874\" src=\"https:\/\/agewell-nih-appta.ca\/wp-content\/uploads\/2019\/11\/Ann-Marie-Corrado-e1574711357642.jpg\" alt=\"Ann Marie Corrado\" class=\"wp-image-1824\" srcset=\"https:\/\/agewell-nih-appta.ca\/wp-content\/uploads\/2019\/11\/Ann-Marie-Corrado-e1574711357642.jpg 874w, https:\/\/agewell-nih-appta.ca\/wp-content\/uploads\/2019\/11\/Ann-Marie-Corrado-e1574711357642-150x150.jpg 150w, https:\/\/agewell-nih-appta.ca\/wp-content\/uploads\/2019\/11\/Ann-Marie-Corrado-e1574711357642-300x300.jpg 300w, https:\/\/agewell-nih-appta.ca\/wp-content\/uploads\/2019\/11\/Ann-Marie-Corrado-e1574711357642-768x768.jpg 768w, https:\/\/agewell-nih-appta.ca\/wp-content\/uploads\/2019\/11\/Ann-Marie-Corrado-e1574711357642-50x50.jpg 50w\" sizes=\"auto, (max-width: 874px) 100vw, 874px\" \/><\/figure>\n\n\n\n<h4 class=\"wp-block-heading\">Ann Marie Corrado<\/h4>\n\n\n\n<hr class=\"wp-block-separator has-css-opacity is-style-wide\"\/>\n\n\n\n<div class=\"wp-block-button\"><a class=\"wp-block-button__link\" target=\"_blank\" href=\"https:\/\/agewell-nih-appta.ca\/wp-content\/uploads\/2019\/11\/ACorrado-Policy-Challenge.pdf\" rel=\"noopener noreferrer\"><strong>Housing for Seniors with Disabilities Report<\/strong><\/a><\/div>\n<\/div>\n<\/div>\n\n\n\n<div class=\"wp-block-columns has-3-columns is-layout-flex wp-container-core-columns-is-layout-4 wp-block-columns-is-layout-flex\">\n<div class=\"wp-block-column is-layout-flow wp-block-column-is-layout-flow\">\n<figure class=\"wp-block-image\"><img loading=\"lazy\" decoding=\"async\" width=\"768\" height=\"768\" src=\"https:\/\/agewell-nih-appta.ca\/wp-content\/uploads\/2019\/11\/Unknown-e1574711301288.jpeg\" alt=\"Andrew Magnaye\" class=\"wp-image-1839\"\/><\/figure>\n\n\n\n<h4 class=\"wp-block-heading\">Andrew Magnaye<\/h4>\n\n\n\n<hr class=\"wp-block-separator has-css-opacity is-style-wide\"\/>\n\n\n\n<div class=\"wp-block-button\"><a class=\"wp-block-button__link\" target=\"_blank\" href=\"https:\/\/agewell-nih-appta.ca\/wp-content\/uploads\/2019\/11\/2019-02-20-Visions-for-Change-Policy-Challenge-Report-Andrew-Magnaye.pdf\" rel=\"noopener noreferrer\"><strong>Leading Practices for Supporting Working Caregivers Report<\/strong><\/a><\/div>\n<\/div>\n\n\n\n<div class=\"wp-block-column is-layout-flow wp-block-column-is-layout-flow\">\n<figure class=\"wp-block-image\"><img loading=\"lazy\" decoding=\"async\" width=\"768\" height=\"768\" src=\"https:\/\/agewell-nih-appta.ca\/wp-content\/uploads\/2021\/11\/Jon-1.png\" alt=\"\" class=\"wp-image-3209\" srcset=\"https:\/\/agewell-nih-appta.ca\/wp-content\/uploads\/2021\/11\/Jon-1.png 768w, https:\/\/agewell-nih-appta.ca\/wp-content\/uploads\/2021\/11\/Jon-1-150x150.png 150w, https:\/\/agewell-nih-appta.ca\/wp-content\/uploads\/2021\/11\/Jon-1-300x300.png 300w, https:\/\/agewell-nih-appta.ca\/wp-content\/uploads\/2021\/11\/Jon-1-50x50.png 50w\" sizes=\"auto, (max-width: 768px) 100vw, 768px\" \/><\/figure>\n\n\n\n<h4 class=\"wp-block-heading\">Jonathan Lai<\/h4>\n\n\n\n<hr class=\"wp-block-separator has-css-opacity is-style-wide\"\/>\n\n\n\n<div class=\"wp-block-button\"><a class=\"wp-block-button__link\" target=\"_blank\" href=\"https:\/\/agewell-nih-appta.ca\/wp-content\/uploads\/2021\/04\/Policy-Challenge_2021.pdf\" rel=\"noopener noreferrer\"><strong>Responding to the COVID-19 Emergency, Returning to Growth: Older Workers and the Pandemic Recovery <\/strong><\/a><\/div>\n<\/div>\n\n\n\n<div class=\"wp-block-column is-layout-flow wp-block-column-is-layout-flow\"><\/div>\n<\/div>\n\n\n\n<p><\/p>\n","protected":false},"excerpt":{"rendered":"<p>Le d\u00e9fi politique est un programme \u00e9ducatif mis en \u0153uvre par AGE-WELL et le Centre national d\u2019innovation AGE-WELL \u2013 POPRAVIT. Il s\u2019agit d\u2019une occasion unique pour les stagiaires d\u2019AGE-WELL de [&hellip;]<\/p>\n","protected":false},"author":1,"featured_media":0,"parent":0,"menu_order":0,"comment_status":"closed","ping_status":"closed","template":"","meta":{"_acf_changed":false,"inline_featured_image":false,"_monsterinsights_skip_tracking":false,"_monsterinsights_sitenote_active":false,"_monsterinsights_sitenote_note":"","_monsterinsights_sitenote_category":0,"footnotes":""},"class_list":["post-1851","page","type-page","status-publish","hentry"],"acf":[],"aioseo_notices":[],"_links":{"self":[{"href":"https:\/\/agewell-nih-appta.ca\/fr\/wp-json\/wp\/v2\/pages\/1851","targetHints":{"allow":["GET"]}}],"collection":[{"href":"https:\/\/agewell-nih-appta.ca\/fr\/wp-json\/wp\/v2\/pages"}],"about":[{"href":"https:\/\/agewell-nih-appta.ca\/fr\/wp-json\/wp\/v2\/types\/page"}],"author":[{"embeddable":true,"href":"https:\/\/agewell-nih-appta.ca\/fr\/wp-json\/wp\/v2\/users\/1"}],"replies":[{"embeddable":true,"href":"https:\/\/agewell-nih-appta.ca\/fr\/wp-json\/wp\/v2\/comments?post=1851"}],"version-history":[{"count":17,"href":"https:\/\/agewell-nih-appta.ca\/fr\/wp-json\/wp\/v2\/pages\/1851\/revisions"}],"predecessor-version":[{"id":5646,"href":"https:\/\/agewell-nih-appta.ca\/fr\/wp-json\/wp\/v2\/pages\/1851\/revisions\/5646"}],"wp:attachment":[{"href":"https:\/\/agewell-nih-appta.ca\/fr\/wp-json\/wp\/v2\/media?parent=1851"}],"curies":[{"name":"wp","href":"https:\/\/api.w.org\/{rel}","templated":true}]}}