{"id":183,"date":"2019-01-21T13:49:43","date_gmt":"2019-01-21T13:49:43","guid":{"rendered":"http:\/\/agewell-nih-appta.ca\/our-work\/"},"modified":"2019-03-04T12:45:25","modified_gmt":"2019-03-04T12:45:25","slug":"work","status":"publish","type":"page","link":"https:\/\/agewell-nih-appta.ca\/fr\/work\/","title":{"rendered":"Notre travail"},"content":{"rendered":"\n<div style=\"height:25px\" aria-hidden=\"true\" class=\"wp-block-spacer\"><\/div>\n\n\n\n<div class=\"wp-block-columns has-3-columns is-layout-flex wp-container-core-columns-is-layout-1 wp-block-columns-is-layout-flex\">\n<div class=\"wp-block-column is-layout-flow wp-block-column-is-layout-flow\">\n<figure class=\"wp-block-image\"><img loading=\"lazy\" decoding=\"async\" width=\"1024\" height=\"512\" src=\"https:\/\/agewell-nih-appta.ca\/wp-content\/uploads\/2019\/02\/Pictures-Work-1-1024x512.jpg\" alt=\"Solutions politiques\" class=\"wp-image-805\" srcset=\"https:\/\/agewell-nih-appta.ca\/wp-content\/uploads\/2019\/02\/Pictures-Work-1-1024x512.jpg 1024w, https:\/\/agewell-nih-appta.ca\/wp-content\/uploads\/2019\/02\/Pictures-Work-1-300x150.jpg 300w, https:\/\/agewell-nih-appta.ca\/wp-content\/uploads\/2019\/02\/Pictures-Work-1-768x384.jpg 768w, https:\/\/agewell-nih-appta.ca\/wp-content\/uploads\/2019\/02\/Pictures-Work-1.jpg 1200w\" sizes=\"auto, (max-width: 1024px) 100vw, 1024px\" \/><\/figure>\n\n\n\n<h3 class=\"wp-block-heading\"><strong>Solutions <\/strong><br><strong>politiques <\/strong><\/h3>\n\n\n\n<p>Le Centre PROPRAVIT \u00e9labore des solutions politiques afin de relever les d\u00e9fis li\u00e9s au vieillissement de la population du Canada. Pour ce faire, nous analysons les meilleures recherches disponibles, synth\u00e9tisons les options et soumettons \u00e0 nos intervenants gouvernementaux des solutions politiques pour examen. Notre objectif est de donner aux gouvernements f\u00e9d\u00e9ral, provinciaux et territoriaux du pays les donn\u00e9es probantes n\u00e9cessaires pour renouveler la politique sur le vieillissement du Canada.\u00a0<\/p>\n<\/div>\n\n\n\n<div class=\"wp-block-column is-layout-flow wp-block-column-is-layout-flow\">\n<figure class=\"wp-block-image\"><img loading=\"lazy\" decoding=\"async\" width=\"1024\" height=\"512\" src=\"https:\/\/agewell-nih-appta.ca\/wp-content\/uploads\/2019\/02\/Pictures-Work-2-1024x512.jpg\" alt=\"Les communaut\u00e9s de pratique\" class=\"wp-image-808\" srcset=\"https:\/\/agewell-nih-appta.ca\/wp-content\/uploads\/2019\/02\/Pictures-Work-2-1024x512.jpg 1024w, https:\/\/agewell-nih-appta.ca\/wp-content\/uploads\/2019\/02\/Pictures-Work-2-300x150.jpg 300w, https:\/\/agewell-nih-appta.ca\/wp-content\/uploads\/2019\/02\/Pictures-Work-2-768x384.jpg 768w, https:\/\/agewell-nih-appta.ca\/wp-content\/uploads\/2019\/02\/Pictures-Work-2.jpg 1200w\" sizes=\"auto, (max-width: 1024px) 100vw, 1024px\" \/><\/figure>\n\n\n\n<h3 class=\"wp-block-heading\"><strong>Les communaut\u00e9s de pratique<\/strong><\/h3>\n\n\n\n<p>Les communaut\u00e9s de pratique du Centre PROPRAVIT servent \u00e0 r\u00e9unir des personnes aux int\u00e9r\u00eats communs de fa\u00e7on \u00e0 leur permettre de tirer parti de leurs exp\u00e9riences respectives et de trouver des solutions collaboratives susceptibles d\u2019aider la population vieillissante du Canada. Ces communaut\u00e9s sont dirig\u00e9es par des intervenants, et les th\u00e8mes, les participants et les r\u00e9sultats sont d\u00e9termin\u00e9s en fonction des besoins des membres du r\u00e9seau.<\/p>\n\n\n\n<p>Nos communaut\u00e9s de pratique adoptent une approche t\u00e9l\u00e9ologique de la collaboration; elles sont structur\u00e9es en fonction d\u2019un objectif \u00e9tabli et assujetties \u00e0 des d\u00e9lais impartis. Cette fa\u00e7on de proc\u00e9der nous permet de renforcer notre capacit\u00e9 d\u2019\u00e9change des connaissances sans perdre de vue nos objectifs, ni nous enliser dans des d\u00e9tails. Notre but est de cr\u00e9er une plateforme organis\u00e9e sur laquelle les gens pourront partager de l\u2019information que l\u2019on ne communique pas \u00e0 l\u2019aide de moyens traditionnels de fa\u00e7on \u00e0 ce que nous puissions tirer pleinement parti de la prise de d\u00e9cisions \u00e9clair\u00e9es par des donn\u00e9es probantes.<\/p>\n<\/div>\n\n\n\n<div class=\"wp-block-column is-layout-flow wp-block-column-is-layout-flow\">\n<figure class=\"wp-block-image\"><img loading=\"lazy\" decoding=\"async\" width=\"1024\" height=\"512\" src=\"https:\/\/agewell-nih-appta.ca\/wp-content\/uploads\/2019\/02\/Pictures-Work-3-1024x512.jpg\" alt=\"Les D\u00e9fis politiques\" class=\"wp-image-810\" srcset=\"https:\/\/agewell-nih-appta.ca\/wp-content\/uploads\/2019\/02\/Pictures-Work-3-1024x512.jpg 1024w, https:\/\/agewell-nih-appta.ca\/wp-content\/uploads\/2019\/02\/Pictures-Work-3-300x150.jpg 300w, https:\/\/agewell-nih-appta.ca\/wp-content\/uploads\/2019\/02\/Pictures-Work-3-768x384.jpg 768w, https:\/\/agewell-nih-appta.ca\/wp-content\/uploads\/2019\/02\/Pictures-Work-3.jpg 1200w\" sizes=\"auto, (max-width: 1024px) 100vw, 1024px\" \/><\/figure>\n\n\n\n<h3 class=\"wp-block-heading\"><strong>Les D\u00e9fis politiques<\/strong><\/h3>\n\n\n\n<p>Les D\u00e9fis politiques servent \u00e0 tirer parti de l\u2019expertise de la communaut\u00e9 plus vaste d\u2019AGE\u2011WELL pour r\u00e9pondre aux questions sur la politique relative au vieillissement. Les D\u00e9fis sont \u00e9tablis sous la forme de processus it\u00e9ratifs dynamiques visant \u00e0 permettre aux stagiaires d\u2019AGE-WELL de parfaire leurs aptitudes d\u2019application des connaissances tout en offrant aux intervenants gouvernementaux des donn\u00e9es susceptibles d\u2019\u00e9clairer leurs d\u00e9cisions politiques. Le gagnant de chaque D\u00e9fi apprend \u00e0 pr\u00e9parer un rapport politique et \u00e0 pr\u00e9senter des expos\u00e9s \u00e0 des publics politis\u00e9s. <\/p>\n\n\n\n<p>L\u2019objectif de ces D\u00e9fis est de renforcer la capacit\u00e9 de mieux fonder les politiques sur des donn\u00e9es probantes afin d\u2019am\u00e9liorer la qualit\u00e9 de vie des personnes \u00e2g\u00e9es du Canada. Gr\u00e2ce \u00e0 une approche unique qui sollicite la participation de chercheurs et de d\u00e9cideurs en d\u00e9but de carri\u00e8re, le Centre PROPRAVIT et AGE-WELL aident \u00e0 former d\u2019importants partenariats politique-recherche qui se poursuivront au\u2011del\u00e0 de la port\u00e9e initiale des D\u00e9fis politiques. <\/p>\n<\/div>\n<\/div>\n\n\n\n<figure class=\"wp-block-pullquote\"><blockquote><p><em>\u00ab Le D\u00e9fi Visions de changement en mati\u00e8re de politique m\u2019a donn\u00e9 une occasion unique de mettre en pratique mes comp\u00e9tences en recherche et en politique publique tout en travaillant en \u00e9troite collaboration avec des experts politiques des trois niveaux de gouvernement ainsi qu\u2019avec des membres du personnel d\u2019AGE-WELL et du Centre national d\u2019innovation PROPRAVIT. Gr\u00e2ce au mentorat et au soutien que j\u2019ai re\u00e7us, j\u2019ai pu mener \u00e0 bien l\u2019\u00e9laboration d\u2019un rapport politique qui permettra de prendre des d\u00e9cisions \u00e9clair\u00e9es par des donn\u00e9es probantes concernant les options de logement \u00e0 l\u2019intention des a\u00een\u00e9s handicap\u00e9s qui souhaitent vieillir de fa\u00e7on autonome chez eux. Je recommanderais ce type de D\u00e9fi \u00e0 tous les stagiaires d\u2019AGE WELL, car il s\u2019agit d\u2019une exp\u00e9rience \u00e9ducative sans pr\u00e9c\u00e9dent! \u00bb <\/em><\/p><cite><em>\u2013 Ann Marie Corrado<\/em><\/cite><\/blockquote><\/figure>\n\n\n\n<div style=\"height:50px\" aria-hidden=\"true\" class=\"wp-block-spacer\"><\/div>\n\n\n\n<div class=\"wp-block-columns has-3-columns is-layout-flex wp-container-core-columns-is-layout-2 wp-block-columns-is-layout-flex\">\n<div class=\"wp-block-column is-layout-flow wp-block-column-is-layout-flow\">\n<figure class=\"wp-block-image\"><img loading=\"lazy\" decoding=\"async\" width=\"1024\" height=\"512\" src=\"https:\/\/agewell-nih-appta.ca\/wp-content\/uploads\/2019\/02\/Pictures-Work-4-1024x512.jpg\" alt=\"Les Conf\u00e9rences du Programme d\u2019\u00e9ducation politique (PEP)  \" class=\"wp-image-819\" srcset=\"https:\/\/agewell-nih-appta.ca\/wp-content\/uploads\/2019\/02\/Pictures-Work-4-1024x512.jpg 1024w, https:\/\/agewell-nih-appta.ca\/wp-content\/uploads\/2019\/02\/Pictures-Work-4-300x150.jpg 300w, https:\/\/agewell-nih-appta.ca\/wp-content\/uploads\/2019\/02\/Pictures-Work-4-768x384.jpg 768w, https:\/\/agewell-nih-appta.ca\/wp-content\/uploads\/2019\/02\/Pictures-Work-4.jpg 1200w\" sizes=\"auto, (max-width: 1024px) 100vw, 1024px\" \/><\/figure>\n\n\n\n<h3 class=\"wp-block-heading\">Les Conf\u00e9rences du Programme d\u2019\u00e9ducation politique (PEP)  <\/h3>\n\n\n\n<p>Le Centre PROPRAVIT favorise l\u2019innovation concernant les politiques et les pratiques li\u00e9es au vieillissement en offrant aux chercheurs et aux d\u00e9cideurs des possibilit\u00e9s de d\u00e9veloppement susceptibles d\u2019am\u00e9liorer leurs capacit\u00e9s de changer les choses. Les Conf\u00e9rences PEP sont une s\u00e9rie de s\u00e9ances d\u2019apprentissage num\u00e9rique \u00e0 l\u2019intention des chercheurs qui souhaitent perfectionner leurs aptitudes d\u2019application des connaissances (AC). Ce programme comporte trois webinaires principaux ax\u00e9s sur des aptitudes d\u2019AC particuli\u00e8res&nbsp;: la formulation efficace des r\u00e9sultats de recherches, la pr\u00e9paration de bilans d\u2019options politiques fond\u00e9s sur les r\u00e9sultats de recherches et la pr\u00e9sentation d\u2019expos\u00e9s \u00e0 des intervenants politiques.  <\/p>\n\n\n\n<p>Dans le cadre du dernier volet de ce programme, les participants ont l\u2019occasion d\u2019animer leur propre webinaire avec des intervenants politiques et de mettre en pratique les outils qu\u2019ils ont acquis. En donnant aux chercheurs la possibilit\u00e9 de pr\u00e9senter directement leur travail aux d\u00e9cideurs nous esp\u00e9rons faciliter la prise de d\u00e9cisions \u00e9clair\u00e9es par des donn\u00e9es probantes concernant le vieillissement et les technologies connexes. <\/p>\n<\/div>\n\n\n\n<div class=\"wp-block-column is-layout-flow wp-block-column-is-layout-flow\">\n<figure class=\"wp-block-image\"><img loading=\"lazy\" decoding=\"async\" width=\"1024\" height=\"512\" src=\"https:\/\/agewell-nih-appta.ca\/wp-content\/uploads\/2019\/02\/Pictures-Work-5-1024x512.jpg\" alt=\"Notre podcast \" class=\"wp-image-821\" srcset=\"https:\/\/agewell-nih-appta.ca\/wp-content\/uploads\/2019\/02\/Pictures-Work-5-1024x512.jpg 1024w, https:\/\/agewell-nih-appta.ca\/wp-content\/uploads\/2019\/02\/Pictures-Work-5-300x150.jpg 300w, https:\/\/agewell-nih-appta.ca\/wp-content\/uploads\/2019\/02\/Pictures-Work-5-768x384.jpg 768w, https:\/\/agewell-nih-appta.ca\/wp-content\/uploads\/2019\/02\/Pictures-Work-5.jpg 1200w\" sizes=\"auto, (max-width: 1024px) 100vw, 1024px\" \/><\/figure>\n\n\n\n<h3 class=\"wp-block-heading\"><strong>Notre podcast <\/strong><\/h3>\n\n\n\n<p>Le podcast du Centre PROPRAVIT, MileAGE, a pour objectif de tirer plus pleinement parti des r\u00e9sultats des recherches en les communiquant \u00e0 un public plus large. Les animatrices du podcast, Jenna Roddick et Emily Read, invitent les chercheurs \u00e0 parler des r\u00e9sultats de leurs travaux de fa\u00e7on \u00e0 leur permettre de transmettre leurs principaux messages ainsi que les effets r\u00e9els de leur travail. En effet, la recherche a beaucoup \u00e0 offrir en termes d\u2019innovations susceptibles d\u2019am\u00e9liorer la vie des personnes \u00e2g\u00e9es canadiennes. Ce podcast s\u2019adresse \u00e0 un vaste \u00e9ventail d\u2019auditeurs, y compris les d\u00e9cideurs et le public g\u00e9n\u00e9ral, de fa\u00e7on \u00e0 ce que l\u2019application des connaissances dans le domaine du vieillissement et des technologies connexes puisse se faire \u00e0 360 degr\u00e9s en vue de rejoindre les personnes qu\u2019elle concerne en priorit\u00e9&nbsp;: les personnes \u00e2g\u00e9es et les aidants naturels.<\/p>\n<\/div>\n\n\n\n<div class=\"wp-block-column is-layout-flow wp-block-column-is-layout-flow\">\n<figure class=\"wp-block-image\"><img loading=\"lazy\" decoding=\"async\" width=\"1024\" height=\"512\" src=\"https:\/\/agewell-nih-appta.ca\/wp-content\/uploads\/2019\/02\/Pictures-Work-6-1024x512.jpg\" alt=\"Le Programme de stage \" class=\"wp-image-823\" srcset=\"https:\/\/agewell-nih-appta.ca\/wp-content\/uploads\/2019\/02\/Pictures-Work-6-1024x512.jpg 1024w, https:\/\/agewell-nih-appta.ca\/wp-content\/uploads\/2019\/02\/Pictures-Work-6-300x150.jpg 300w, https:\/\/agewell-nih-appta.ca\/wp-content\/uploads\/2019\/02\/Pictures-Work-6-768x384.jpg 768w, https:\/\/agewell-nih-appta.ca\/wp-content\/uploads\/2019\/02\/Pictures-Work-6.jpg 1200w\" sizes=\"auto, (max-width: 1024px) 100vw, 1024px\" \/><\/figure>\n\n\n\n<h3 class=\"wp-block-heading\"><strong>Le Programme de stage <\/strong><\/h3>\n\n\n\n<p>Le Programme de stage du Centre PROPRAVIT est un programme offert exclusivement aux \u00e9tudiants de premier cycle du Nouveau\u2011Brunswick qui souhaitent commencer \u00e0 acqu\u00e9rir les comp\u00e9tences dont ils ont besoin pour faire carri\u00e8re dans le domaine de la politique sur la sant\u00e9. Durant une ann\u00e9e scolaire, les stagiaires du Centre PROPRAVIT ont men\u00e9 \u00e0 bien une analyse documentaire et une analyse interjuridictionnelle, r\u00e9dig\u00e9 un bilan d\u2019options politiques et pr\u00e9par\u00e9 un expos\u00e9 \u00e0 l\u2019intention de d\u00e9cideurs gouvernementaux concernant le th\u00e8me de leur recherche politique. Notre objectif est d\u2019offrir des possibilit\u00e9s d\u2019apprentissage pratique aux \u00e9tudiants qui s\u2019int\u00e9ressent \u00e0 la politique sur le vieillissement de fa\u00e7on \u00e0 les aider \u00e0 se pr\u00e9parer en vue de leur carri\u00e8re. Nous souhaitons \u00e9galement leur donner un avantage concurrentiel&nbsp;: en leur permettant d\u2019acc\u00e9der au r\u00e9seau du Centre PROPRAVIT, nous leur donnons la possibilit\u00e9 de former des partenariats politique-recherche avant la fin de leurs \u00e9tudes de premier cycle. &nbsp;<\/p>\n<\/div>\n<\/div>\n\n\n\n<figure class=\"wp-block-pullquote\"><blockquote><p>\u00ab Ce stage m\u2019a donn\u00e9 l\u2019occasion unique d\u2019explorer une recherche susceptible de donner lieu \u00e0 un changement. J\u2019ai pu choisir un th\u00e8me qui me passionnait et participer activement et concr\u00e8tement \u00e0 mon stage. J\u2019ai \u00e9t\u00e9 en mesure d\u2019acqu\u00e9rir des comp\u00e9tences et une exp\u00e9rience qui me seront utiles pour divers cheminements de carri\u00e8re. En sus de l\u2019acquisition de comp\u00e9tences de recherche, j\u2019ai pu rehausser mes comp\u00e9tences professionnelles et mes aptitudes \u00e0 la communication. Ce stage s\u2019est r\u00e9v\u00e9l\u00e9 \u00eatre un moyen incroyablement efficace d\u2019explorer la recherche en sant\u00e9 et d\u2019acqu\u00e9rir de l\u2019exp\u00e9rience, tout en me laissant suffisamment de marge pour terminer mes \u00e9tudes et obtenir mon dipl\u00f4me. \u00bb<\/p><cite><em>\u2013 Chloe Jardine<\/em><\/cite><\/blockquote><\/figure>\n","protected":false},"excerpt":{"rendered":"<p>Solutions politiques Le Centre PROPRAVIT \u00e9labore des solutions politiques afin de relever les d\u00e9fis li\u00e9s au vieillissement de la population du Canada. Pour ce faire, nous analysons les meilleures recherches [&hellip;]<\/p>\n","protected":false},"author":1,"featured_media":0,"parent":0,"menu_order":0,"comment_status":"closed","ping_status":"closed","template":"","meta":{"_acf_changed":false,"inline_featured_image":false,"_monsterinsights_skip_tracking":false,"_monsterinsights_sitenote_active":false,"_monsterinsights_sitenote_note":"","_monsterinsights_sitenote_category":0,"footnotes":""},"class_list":["post-183","page","type-page","status-publish","hentry"],"acf":[],"aioseo_notices":[],"_links":{"self":[{"href":"https:\/\/agewell-nih-appta.ca\/fr\/wp-json\/wp\/v2\/pages\/183","targetHints":{"allow":["GET"]}}],"collection":[{"href":"https:\/\/agewell-nih-appta.ca\/fr\/wp-json\/wp\/v2\/pages"}],"about":[{"href":"https:\/\/agewell-nih-appta.ca\/fr\/wp-json\/wp\/v2\/types\/page"}],"author":[{"embeddable":true,"href":"https:\/\/agewell-nih-appta.ca\/fr\/wp-json\/wp\/v2\/users\/1"}],"replies":[{"embeddable":true,"href":"https:\/\/agewell-nih-appta.ca\/fr\/wp-json\/wp\/v2\/comments?post=183"}],"version-history":[{"count":11,"href":"https:\/\/agewell-nih-appta.ca\/fr\/wp-json\/wp\/v2\/pages\/183\/revisions"}],"predecessor-version":[{"id":848,"href":"https:\/\/agewell-nih-appta.ca\/fr\/wp-json\/wp\/v2\/pages\/183\/revisions\/848"}],"wp:attachment":[{"href":"https:\/\/agewell-nih-appta.ca\/fr\/wp-json\/wp\/v2\/media?parent=183"}],"curies":[{"name":"wp","href":"https:\/\/api.w.org\/{rel}","templated":true}]}}