{"id":172,"date":"2019-01-21T13:47:47","date_gmt":"2019-01-21T13:47:47","guid":{"rendered":"http:\/\/agewell-nih-appta.ca\/our-story\/"},"modified":"2021-11-08T16:01:40","modified_gmt":"2021-11-08T19:01:40","slug":"our-story","status":"publish","type":"page","link":"https:\/\/agewell-nih-appta.ca\/fr\/our-story\/","title":{"rendered":"\u00c0 notre sujet"},"content":{"rendered":"\n<h2 class=\"wp-block-heading\">RECHERCHE, POLITIQUE, ET TOUT CE QUI VIENT AVEC<\/h2>\n\n\n\n<p>Partenariat entre le R\u00e9seau de centres d\u2019excellence (RCE) AGE-WELL, le r\u00e9seau canadien sur le vieillissement et les technologies et la Fondation de la recherche en sant\u00e9 du Nouveau\u2011Brunswick (FRSNB), le Centre PROPRAVIT appuie les gouvernements en cr\u00e9ant des occasions de relever les d\u00e9fis politiques et pratiques li\u00e9s au vieillissement de la population.<\/p>\n\n\n\n<div class=\"wp-block-columns has-3-columns is-layout-flex wp-container-core-columns-is-layout-1 wp-block-columns-is-layout-flex\">\n<div class=\"wp-block-column is-layout-flow wp-block-column-is-layout-flow\">\n<figure class=\"wp-block-image\"><img loading=\"lazy\" decoding=\"async\" width=\"600\" height=\"600\" src=\"https:\/\/agewell-nih-appta.ca\/wp-content\/uploads\/2019\/02\/ContentIcons-Innovation.jpg\" alt=\"\" class=\"wp-image-764\" srcset=\"https:\/\/agewell-nih-appta.ca\/wp-content\/uploads\/2019\/02\/ContentIcons-Innovation.jpg 600w, https:\/\/agewell-nih-appta.ca\/wp-content\/uploads\/2019\/02\/ContentIcons-Innovation-150x150.jpg 150w, https:\/\/agewell-nih-appta.ca\/wp-content\/uploads\/2019\/02\/ContentIcons-Innovation-300x300.jpg 300w, https:\/\/agewell-nih-appta.ca\/wp-content\/uploads\/2019\/02\/ContentIcons-Innovation-50x50.jpg 50w\" sizes=\"auto, (max-width: 600px) 100vw, 600px\" \/><\/figure>\n\n\n\n<h5 class=\"wp-block-heading\" style=\"text-align:center\"><strong>NOUS CROYONS \u00c0&nbsp; <\/strong><\/h5>\n\n\n\n<h1 class=\"wp-block-heading\" style=\"text-align:center\"><strong>L\u2019INNOVATION\ufeff<\/strong><\/h1>\n\n\n\n<div style=\"height:25px\" aria-hidden=\"true\" class=\"wp-block-spacer\"><\/div>\n\n\n\n<hr class=\"wp-block-separator\"\/>\n\n\n\n<div style=\"height:25px\" aria-hidden=\"true\" class=\"wp-block-spacer\"><\/div>\n\n\n\n<p style=\"text-align:center\">Il y a toujours moyen de faire mieux. Au Centre PROPRAVIT, nous aidons les gouvernements \u00e0 trouver de meilleures solutions politiques \u00e9clair\u00e9es par des donn\u00e9es probantes pour la population vieillissante du Canada. En collaborant avec des chercheurs, des innovateurs et des d\u00e9cideurs de tout le pays, le Centre PROPRAVIT acc\u00e9l\u00e8re l\u2019innovation en traduisant les r\u00e9sultats de recherches de qualit\u00e9 en strat\u00e9gies concr\u00e8tes pour les gouvernements provinciaux, territoriaux et f\u00e9d\u00e9raux. Pour davantage d\u2019information sur nos solutions politiques.<\/p>\n\n\n\n<div class=\"wp-block-button aligncenter\"><a class=\"wp-block-button__link\" href=\"https:\/\/agewell-nih-appta.ca\/fr\/work\/\">CLIQUEZ ICI<\/a><\/div>\n<\/div>\n\n\n\n<div class=\"wp-block-column is-layout-flow wp-block-column-is-layout-flow\">\n<figure class=\"wp-block-image\"><img loading=\"lazy\" decoding=\"async\" width=\"600\" height=\"600\" src=\"https:\/\/agewell-nih-appta.ca\/wp-content\/uploads\/2019\/02\/ContentIcons-Connection.jpg\" alt=\"\" class=\"wp-image-762\" srcset=\"https:\/\/agewell-nih-appta.ca\/wp-content\/uploads\/2019\/02\/ContentIcons-Connection.jpg 600w, https:\/\/agewell-nih-appta.ca\/wp-content\/uploads\/2019\/02\/ContentIcons-Connection-150x150.jpg 150w, https:\/\/agewell-nih-appta.ca\/wp-content\/uploads\/2019\/02\/ContentIcons-Connection-300x300.jpg 300w, https:\/\/agewell-nih-appta.ca\/wp-content\/uploads\/2019\/02\/ContentIcons-Connection-50x50.jpg 50w\" sizes=\"auto, (max-width: 600px) 100vw, 600px\" \/><\/figure>\n\n\n\n<h5 class=\"wp-block-heading\" style=\"text-align:center\"><strong>NOUS CROYONS \u00c0 <\/strong><\/h5>\n\n\n\n<h1 class=\"wp-block-heading\" style=\"text-align:center\" id=\"mce_35\"><strong>LA CONNECTION<\/strong><\/h1>\n\n\n\n<div style=\"height:25px\" aria-hidden=\"true\" class=\"wp-block-spacer\"><\/div>\n\n\n\n<hr class=\"wp-block-separator\"\/>\n\n\n\n<div style=\"height:25px\" aria-hidden=\"true\" class=\"wp-block-spacer\"><\/div>\n\n\n\n<p style=\"text-align:center\">Nous pouvons accomplir davantage en unissant nos forces. Les membres du Centre PROPRAVIT estiment que le partage des connaissances est crucial pour changer les choses et am\u00e9liorer la qualit\u00e9 de vie des personnes \u00e2g\u00e9es au Canada. Face \u00e0 des d\u00e9fis complexes, nous adoptons une approche d\u00e9finie par la connectivit\u00e9 en r\u00e9unissant des personnes de tous les p\u00f4les du Canada, qui peuvent ainsi \u00e9changer leurs id\u00e9es judicieuses et travailler ensemble afin de trouver des solutions politiques pour les a\u00een\u00e9s canadiens. Pour en savoir davantage \u00e0 ce sujet.<\/p>\n\n\n\n<div class=\"wp-block-button aligncenter\"><a class=\"wp-block-button__link\" href=\"https:\/\/agewell-nih-appta.ca\/fr\/category\/nouvelles\/\">CLIQUEZ ICI<\/a><\/div>\n<\/div>\n\n\n\n<div class=\"wp-block-column is-layout-flow wp-block-column-is-layout-flow\">\n<figure class=\"wp-block-image\"><img loading=\"lazy\" decoding=\"async\" width=\"600\" height=\"600\" src=\"https:\/\/agewell-nih-appta.ca\/wp-content\/uploads\/2019\/02\/ContentIcons-Progression.jpg\" alt=\"\" class=\"wp-image-766\" srcset=\"https:\/\/agewell-nih-appta.ca\/wp-content\/uploads\/2019\/02\/ContentIcons-Progression.jpg 600w, https:\/\/agewell-nih-appta.ca\/wp-content\/uploads\/2019\/02\/ContentIcons-Progression-150x150.jpg 150w, https:\/\/agewell-nih-appta.ca\/wp-content\/uploads\/2019\/02\/ContentIcons-Progression-300x300.jpg 300w, https:\/\/agewell-nih-appta.ca\/wp-content\/uploads\/2019\/02\/ContentIcons-Progression-50x50.jpg 50w\" sizes=\"auto, (max-width: 600px) 100vw, 600px\" \/><\/figure>\n\n\n\n<h5 class=\"wp-block-heading\" style=\"text-align:center\"><strong>NOUS CROYONS \u00c0 <\/strong><\/h5>\n\n\n\n<h1 class=\"wp-block-heading\" style=\"text-align:center\" id=\"mce_35\"><strong>LA PROGRESSION<\/strong><\/h1>\n\n\n\n<div style=\"height:25px\" aria-hidden=\"true\" class=\"wp-block-spacer\"><\/div>\n\n\n\n<hr class=\"wp-block-separator\"\/>\n\n\n\n<div style=\"height:25px\" aria-hidden=\"true\" class=\"wp-block-spacer\"><\/div>\n\n\n\n<p style=\"text-align:center\">Tout le monde a la capacit\u00e9 d\u2019innover. C\u2019est pourquoi le Centre PROPRAVIT offre une s\u00e9rie de programmes d\u2019\u00e9ducation politique con\u00e7us pour permettre aux participants d\u2019acqu\u00e9rir les comp\u00e9tences n\u00e9cessaires afin de traduire des id\u00e9es brillantes dans les faits. Nous travaillons avec des \u00e9tudiants de premier cycle et de cycles sup\u00e9rieurs dans le cadre de stages, de d\u00e9fis nationaux et de programmes de perfectionnement professionnel afin d\u2019accro\u00eetre leur capacit\u00e9 d\u2019enrichir le processus d\u2019\u00e9laboration des politiques \u00e0 l\u2019aide de d\u00e9cisions pertinentes et judicieuses \u00e9clair\u00e9es par des donn\u00e9es probantes. Pour en savoir davantage sur ces programmes et services.<\/p>\n\n\n\n<div class=\"wp-block-button aligncenter\"><a class=\"wp-block-button__link\" href=\"https:\/\/agewell-nih-appta.ca\/fr\/work\/\">CLIQUEZ ICI<\/a><\/div>\n<\/div>\n<\/div>\n","protected":false},"excerpt":{"rendered":"<p>RECHERCHE, POLITIQUE, ET TOUT CE QUI VIENT AVEC Partenariat entre le R\u00e9seau de centres d\u2019excellence (RCE) AGE-WELL, le r\u00e9seau canadien sur le vieillissement et les technologies et la Fondation de [&hellip;]<\/p>\n","protected":false},"author":1,"featured_media":0,"parent":0,"menu_order":0,"comment_status":"closed","ping_status":"closed","template":"","meta":{"_acf_changed":false,"inline_featured_image":false,"_monsterinsights_skip_tracking":false,"_monsterinsights_sitenote_active":false,"_monsterinsights_sitenote_note":"","_monsterinsights_sitenote_category":0,"footnotes":""},"class_list":["post-172","page","type-page","status-publish","hentry"],"acf":[],"aioseo_notices":[],"_links":{"self":[{"href":"https:\/\/agewell-nih-appta.ca\/fr\/wp-json\/wp\/v2\/pages\/172","targetHints":{"allow":["GET"]}}],"collection":[{"href":"https:\/\/agewell-nih-appta.ca\/fr\/wp-json\/wp\/v2\/pages"}],"about":[{"href":"https:\/\/agewell-nih-appta.ca\/fr\/wp-json\/wp\/v2\/types\/page"}],"author":[{"embeddable":true,"href":"https:\/\/agewell-nih-appta.ca\/fr\/wp-json\/wp\/v2\/users\/1"}],"replies":[{"embeddable":true,"href":"https:\/\/agewell-nih-appta.ca\/fr\/wp-json\/wp\/v2\/comments?post=172"}],"version-history":[{"count":12,"href":"https:\/\/agewell-nih-appta.ca\/fr\/wp-json\/wp\/v2\/pages\/172\/revisions"}],"predecessor-version":[{"id":3217,"href":"https:\/\/agewell-nih-appta.ca\/fr\/wp-json\/wp\/v2\/pages\/172\/revisions\/3217"}],"wp:attachment":[{"href":"https:\/\/agewell-nih-appta.ca\/fr\/wp-json\/wp\/v2\/media?parent=172"}],"curies":[{"name":"wp","href":"https:\/\/api.w.org\/{rel}","templated":true}]}}