{"id":169,"date":"2019-01-21T13:50:15","date_gmt":"2019-01-21T13:50:15","guid":{"rendered":"http:\/\/agewell-nih-appta.ca\/ideas\/"},"modified":"2021-08-10T14:17:01","modified_gmt":"2021-08-10T17:17:01","slug":"nos-idees","status":"publish","type":"page","link":"https:\/\/agewell-nih-appta.ca\/fr\/nos-idees\/","title":{"rendered":"Coins d\u2019id\u00e9es"},"content":{"rendered":"\n<p>Ce blogue sert \u00e0 synth\u00e9tiser les bonnes id\u00e9es susceptibles d\u2019aider \u00e0 r\u00e9soudre des d\u00e9fis complexes. Nous sommes d\u2019avis que la recherche de qualit\u00e9 doit \u00eatre accessible \u00e0 divers publics et dans une multitude de formats (voir notre page Partages pour \u00e9couter le podcast MileAGE!) de fa\u00e7on \u00e0 pouvoir \u00eatre utilis\u00e9e pour \u00e9clairer et provoquer des changements. Nous savons \u00e9galement que les gens arrivent mieux \u00e0 assimiler l\u2019information lorsqu\u2019elle est communiqu\u00e9e petit \u00e0 petit et que, pour pouvoir \u00eatre retenus, les principaux messages doivent \u00eatre clairement \u00e9tablis. Nous avons donc structur\u00e9 ce blogue en gardant ces faits et ces valeurs pr\u00e9sents \u00e0 l\u2019esprit. Nous accueillerons avec plaisir toute contribution\u2014si vous souhaitez partager vos id\u00e9es sur cette tribune, ou obtenir davantage d\u2019information, veuillez communiquer avec Karolina Jalowska, \u00e0\u00a0: <a href=\"mailto:ekerry@appta.ca\">kjalowska@appta.ca<\/a>\u00a0<\/p>\n\n\n\n<div class=\"wp-block-button\"><a class=\"wp-block-button__link\" href=\"https:\/\/agewell-nih-appta.ca\/fr\/category\/idees\/\">CLICK TO VIEW BLOG<\/a><\/div>\n\n\n\n<p><\/p>\n","protected":false},"excerpt":{"rendered":"<p>Ce blogue sert \u00e0 synth\u00e9tiser les bonnes id\u00e9es susceptibles d\u2019aider \u00e0 r\u00e9soudre des d\u00e9fis complexes. Nous sommes d\u2019avis que la recherche de qualit\u00e9 doit \u00eatre accessible \u00e0 divers publics et [&hellip;]<\/p>\n","protected":false},"author":1,"featured_media":802,"parent":0,"menu_order":0,"comment_status":"closed","ping_status":"closed","template":"","meta":{"_acf_changed":false,"inline_featured_image":false,"_monsterinsights_skip_tracking":false,"_monsterinsights_sitenote_active":false,"_monsterinsights_sitenote_note":"","_monsterinsights_sitenote_category":0,"footnotes":""},"class_list":["post-169","page","type-page","status-publish","has-post-thumbnail","hentry"],"acf":[],"aioseo_notices":[],"_links":{"self":[{"href":"https:\/\/agewell-nih-appta.ca\/fr\/wp-json\/wp\/v2\/pages\/169","targetHints":{"allow":["GET"]}}],"collection":[{"href":"https:\/\/agewell-nih-appta.ca\/fr\/wp-json\/wp\/v2\/pages"}],"about":[{"href":"https:\/\/agewell-nih-appta.ca\/fr\/wp-json\/wp\/v2\/types\/page"}],"author":[{"embeddable":true,"href":"https:\/\/agewell-nih-appta.ca\/fr\/wp-json\/wp\/v2\/users\/1"}],"replies":[{"embeddable":true,"href":"https:\/\/agewell-nih-appta.ca\/fr\/wp-json\/wp\/v2\/comments?post=169"}],"version-history":[{"count":8,"href":"https:\/\/agewell-nih-appta.ca\/fr\/wp-json\/wp\/v2\/pages\/169\/revisions"}],"predecessor-version":[{"id":2990,"href":"https:\/\/agewell-nih-appta.ca\/fr\/wp-json\/wp\/v2\/pages\/169\/revisions\/2990"}],"wp:featuredmedia":[{"embeddable":true,"href":"https:\/\/agewell-nih-appta.ca\/fr\/wp-json\/wp\/v2\/media\/802"}],"wp:attachment":[{"href":"https:\/\/agewell-nih-appta.ca\/fr\/wp-json\/wp\/v2\/media?parent=169"}],"curies":[{"name":"wp","href":"https:\/\/api.w.org\/{rel}","templated":true}]}}