{"id":166,"date":"2019-01-21T13:51:19","date_gmt":"2019-01-21T13:51:19","guid":{"rendered":"http:\/\/agewell-nih-appta.ca\/collaborate\/"},"modified":"2023-11-28T20:25:53","modified_gmt":"2023-11-28T23:25:53","slug":"collaborate","status":"publish","type":"page","link":"https:\/\/agewell-nih-appta.ca\/fr\/collaborate\/","title":{"rendered":"Contactez-nous"},"content":{"rendered":"\n<div style=\"height:20px\" aria-hidden=\"true\" class=\"wp-block-spacer\"><\/div>\n\n\n\n<p>Si vous avez des questions concernant les services que nous offrons, ou si vous souhaitez vous joindre \u00e0 notre r\u00e9seau, veuillez nous envoyer un courriel, \u00e0 : <a href=\"mailto:info@agewell-nih-appta.ca\">info@agewell-nih-appta.ca<\/a><\/p>\n\n\n\n<p><\/p>\n","protected":false},"excerpt":{"rendered":"<p>Si vous avez des questions concernant les services que nous offrons, ou si vous souhaitez vous joindre \u00e0 notre r\u00e9seau, veuillez nous envoyer un courriel, \u00e0 : info@agewell-nih-appta.ca<\/p>\n","protected":false},"author":1,"featured_media":0,"parent":0,"menu_order":0,"comment_status":"closed","ping_status":"closed","template":"","meta":{"_acf_changed":false,"inline_featured_image":false,"_monsterinsights_skip_tracking":false,"_monsterinsights_sitenote_active":false,"_monsterinsights_sitenote_note":"","_monsterinsights_sitenote_category":0,"footnotes":""},"class_list":["post-166","page","type-page","status-publish","hentry"],"acf":[],"aioseo_notices":[],"_links":{"self":[{"href":"https:\/\/agewell-nih-appta.ca\/fr\/wp-json\/wp\/v2\/pages\/166","targetHints":{"allow":["GET"]}}],"collection":[{"href":"https:\/\/agewell-nih-appta.ca\/fr\/wp-json\/wp\/v2\/pages"}],"about":[{"href":"https:\/\/agewell-nih-appta.ca\/fr\/wp-json\/wp\/v2\/types\/page"}],"author":[{"embeddable":true,"href":"https:\/\/agewell-nih-appta.ca\/fr\/wp-json\/wp\/v2\/users\/1"}],"replies":[{"embeddable":true,"href":"https:\/\/agewell-nih-appta.ca\/fr\/wp-json\/wp\/v2\/comments?post=166"}],"version-history":[{"count":6,"href":"https:\/\/agewell-nih-appta.ca\/fr\/wp-json\/wp\/v2\/pages\/166\/revisions"}],"predecessor-version":[{"id":5678,"href":"https:\/\/agewell-nih-appta.ca\/fr\/wp-json\/wp\/v2\/pages\/166\/revisions\/5678"}],"wp:attachment":[{"href":"https:\/\/agewell-nih-appta.ca\/fr\/wp-json\/wp\/v2\/media?parent=166"}],"curies":[{"name":"wp","href":"https:\/\/api.w.org\/{rel}","templated":true}]}}