{"id":1404,"date":"2019-07-16T08:58:21","date_gmt":"2019-07-16T11:58:21","guid":{"rendered":"https:\/\/agewell-nih-appta.ca\/?page_id=1404"},"modified":"2019-07-16T08:58:23","modified_gmt":"2019-07-16T11:58:23","slug":"heather-higgins","status":"publish","type":"page","link":"https:\/\/agewell-nih-appta.ca\/fr\/heather-higgins\/","title":{"rendered":"Heather Higgins"},"content":{"rendered":"\n<p>Heather\u00a0Higgins est coordonnatrice,\u00a0Politiques et \u00c9change des connaissances,au centre PROPAVIT. Elle s\u2019int\u00e9resse principalement \u00e0 la cr\u00e9ation et \u00e0 l\u2019am\u00e9nagement de possibilit\u00e9s efficaces d\u2019\u00e9change des connaissances entre les conseillers en politique et les d\u00e9cideurs dans l\u2019ensemble des administrations canadiennes et \u00e0 \u0153uvrer en collaboration pour cr\u00e9er des outils de mise en pratique des connaissances dans une optique de politique. L\u2019environnement de travail stimulant et coop\u00e9ratif du centre sont ce \u00e0 quoi Heather attribue le fait qu\u2019elle conserve une approche motiv\u00e9e et positive \u00e0 son travail pour combler le foss\u00e9 entre les connaissances et l\u2019action.\u00a0\u00a0<\/p>\n\n\n\n<p>Heather croit que savoir, c\u2019est pouvoir. Ses r\u00e9alisations les plus importantes sont la gestion et la mise en place d\u2019une initiative de promotion de la sant\u00e9 avec la Fondation des maladies du c\u0153ur du Nouveau-Brunswick \u2013 doter les jeunes de l\u2019ensemble de la province de connaissances et de comp\u00e9tences permettant de sauver des vies. Son grand d\u00e9sir, soit de continuer d\u2019apprendre tout en poursuivant sa passion, \u00e0 savoir influer plus sp\u00e9cifiquement sur la sant\u00e9 de la population par les politiques publiques, voil\u00e0 ce qui l\u2019a pouss\u00e9e \u00e0 faire une ma\u00eetrise apr\u00e8s deux ans de travail en promotion de la sant\u00e9. Heather a ax\u00e9 sa th\u00e8se de recherche de ma\u00eetrise sur une question importante li\u00e9e \u00e0 la politique, dans le but d\u2019informer les politiques futures fond\u00e9es sur des donn\u00e9es probantes. C\u2019est \u00e0 suivre!<\/p>\n\n\n\n<p>\u00c0 l\u2019ext\u00e9rieur du travail au centre et de la pr\u00e9paration de sa th\u00e8se de ma\u00eetrise, Heather laisse libre cours \u00e0 l\u2019enfant en elle en continuant \u00e0 jouer dans des ligues sportives r\u00e9cr\u00e9atives, en r\u00eavant \u00e0 sa prochaine exp\u00e9dition et \u00e0 ses prochains voyages ou en essayant de faire ressortir son esprit zen par la pratique du yoga.&nbsp;<\/p>\n\n\n\n<h4 class=\"wp-block-heading\">Info\u2011bulle :<\/h4>\n\n\n\n<ul class=\"wp-block-list\"><li>Scolarit\u00e9 : Baccalaur\u00e9at \u00e8s Arts,\u00a0\u00a0en psychologie, avec mineure en droit et soci\u00e9t\u00e9, Universit\u00e9 Dalhousie, et ma\u00eetrise en recherche appliqu\u00e9e sur les services de sant\u00e9, Universit\u00e9 du Nouveau-Brunswick (en cours)<\/li><li>Accr\u00e9ditation : formation en ligne en langage courant aux National Institutes of Health (NIH) \/ SRAP \u2013 Fondements en recherche ax\u00e9e sur les patients, module 1\u00a0: cours de recherche ax\u00e9e sur les patients \/ \u00e9nonc\u00e9 de politique des trois conseils, tutoriel 2, cours sur la d\u00e9ontologie de la recherche (CORE)<\/li><li>Lectures et balades recommand\u00e9es\u00a0:<ul><li>Robert Lustig, The Hacking of the American Mind:\u00a0The Science Behind the Corporate Takeover of Our Bodies and Brains<\/li><li>Tara Westover, Educated<\/li><\/ul><ul><li>Michio Kaku, The Future of the Mind:\u00a0The Scientific Quest to Understand, Enhance, and Empower the Mind<\/li><li>Balado\u00a0: Philosophize this!<\/li><\/ul><\/li><li>Courriel : hhiggins@appta.ca <\/li><\/ul>\n\n\n\n<p><\/p>\n","protected":false},"excerpt":{"rendered":"<p>Heather\u00a0Higgins est coordonnatrice,\u00a0Politiques et \u00c9change des connaissances,au centre PROPAVIT. Elle s\u2019int\u00e9resse principalement \u00e0 la cr\u00e9ation et \u00e0 l\u2019am\u00e9nagement de possibilit\u00e9s efficaces d\u2019\u00e9change des connaissances entre les conseillers en politique et [&hellip;]<\/p>\n","protected":false},"author":1,"featured_media":1430,"parent":0,"menu_order":0,"comment_status":"closed","ping_status":"closed","template":"","meta":{"_acf_changed":false,"inline_featured_image":false,"_monsterinsights_skip_tracking":false,"_monsterinsights_sitenote_active":false,"_monsterinsights_sitenote_note":"","_monsterinsights_sitenote_category":0,"footnotes":""},"class_list":["post-1404","page","type-page","status-publish","has-post-thumbnail","hentry"],"acf":[],"aioseo_notices":[],"_links":{"self":[{"href":"https:\/\/agewell-nih-appta.ca\/fr\/wp-json\/wp\/v2\/pages\/1404","targetHints":{"allow":["GET"]}}],"collection":[{"href":"https:\/\/agewell-nih-appta.ca\/fr\/wp-json\/wp\/v2\/pages"}],"about":[{"href":"https:\/\/agewell-nih-appta.ca\/fr\/wp-json\/wp\/v2\/types\/page"}],"author":[{"embeddable":true,"href":"https:\/\/agewell-nih-appta.ca\/fr\/wp-json\/wp\/v2\/users\/1"}],"replies":[{"embeddable":true,"href":"https:\/\/agewell-nih-appta.ca\/fr\/wp-json\/wp\/v2\/comments?post=1404"}],"version-history":[{"count":2,"href":"https:\/\/agewell-nih-appta.ca\/fr\/wp-json\/wp\/v2\/pages\/1404\/revisions"}],"predecessor-version":[{"id":1409,"href":"https:\/\/agewell-nih-appta.ca\/fr\/wp-json\/wp\/v2\/pages\/1404\/revisions\/1409"}],"wp:featuredmedia":[{"embeddable":true,"href":"https:\/\/agewell-nih-appta.ca\/fr\/wp-json\/wp\/v2\/media\/1430"}],"wp:attachment":[{"href":"https:\/\/agewell-nih-appta.ca\/fr\/wp-json\/wp\/v2\/media?parent=1404"}],"curies":[{"name":"wp","href":"https:\/\/api.w.org\/{rel}","templated":true}]}}